{"id":1251,"date":"2020-04-16T07:46:46","date_gmt":"2020-04-16T05:46:46","guid":{"rendered":"http:\/\/www.evostar.org\/2020\/?page_id=1251"},"modified":"2020-04-16T11:13:47","modified_gmt":"2020-04-16T09:13:47","slug":"links-to-poster-rooms","status":"publish","type":"page","link":"http:\/\/www.evostar.org\/2020\/links-to-poster-rooms\/","title":{"rendered":"Links to poster rooms"},"content":{"rendered":"\n<p><\/p>\n\n\n\n\n\n\n\n\n\n\n\n\n\n\n\n\n\n\n\n\n\n\n\n<h1 class=\"wp-block-heading\"><a name=\"SECTION00010000000000000000\">\nEuroGP1<\/a>\n<\/h1>\n\n\n\n<ul><li><a href=\"http:\/\/meet.jit.si\/EuroGP1-1110\">Baligh Al-Helali, Qi Chen, Bing Xue and Mengjie Zhang<\/a>\n<em>Hessian Complexity Measure for Genetic Programming-based Imputation Predictor Selection in Symbolic Regression with Incomplete Data <\/em>\n<\/li><li><a href=\"http:\/\/meet.jit.si\/EuroGP1-1135\">Aymeric Blot and Justyna Petke<\/a>\n<em>Comparing Genetic Programming Approaches for Non-Functional Genetic Improvement <\/em>\n<\/li><li><a href=\"http:\/\/meet.jit.si\/EuroGP1-1200\">Aliyu Sambo, R. Muhammad Atif Azad, Yevgeniya Kovalchuk, Vivek Padmanaabhan Indramohan and Hanifa Shah<\/a>\n<em>Time Control or Size Control? Reducing Complexity and Improving Accuracy of Genetic Programming Models <\/em>\n<\/li><li><a href=\"http:\/\/meet.jit.si\/EuroGP1-1225\">Leonardo Vanneschi, Mauro Castelli, Luca Manzoni, Sara Silva and Leonardo Trujillo<\/a>\n<em>Is k Nearest Neighbours Regression Better than GP? <\/em>\n<\/li><\/ul>\n\n\n\n<h1 class=\"wp-block-heading\"><a name=\"SECTION00020000000000000000\">\nEuroGP2 Short talks<\/a>\n<\/h1>\n\n\n\n<ul><li><a href=\"http:\/\/meet.jit.si\/EuroGP2-1430\">Fangfang Zhang, Yi Mei, Su Nguyen and Mengjie Zhang<\/a> <em>Guided Subtree Selection for Genetic Operators in Genetic Programming for Dynamic Flexible Job Shop Scheduling <\/em> <\/li><li><a href=\"http:\/\/meet.jit.si\/EuroGP2-1440\">Irene Azzali, Leonardo Vanneschi and Mario Giacobini<\/a> <em>Investigating the Use of Geometric Semantic Operators in Vectorial Genetic Programming <\/em> <\/li><li><a href=\"http:\/\/meet.jit.si\/EuroGP2-1450\">Oliver Krauss and William B. Langdon<\/a> <em>Automatically Evolving Lookup Tables for Function Approximation <\/em> <\/li><li><a href=\"http:\/\/meet.jit.si\/EuroGP2-1500\">Nuno M. Rodrigues, Jo\u00e3o E. Batista and Sara Silva<\/a> <em>Ensemble Genetic Programming <\/em> <\/li><li><a href=\"http:\/\/meet.jit.si\/EuroGP2-1510\">Patryk Orzechowski, Franciszek Magiera and Jason Moore<\/a> <em>Benchmarking manifold learning methods on a large collection of datasets <\/em> <\/li><li><a href=\"http:\/\/meet.jit.si\/EuroGP2-1520\">Yu Zhang, Yuanzhu Chen and Ting Hu<\/a> <em>Classification of Autism Genes using Network Science and Linear Genetic Programming <\/em> <\/li><\/ul>\n\n\n\n<h1 class=\"wp-block-heading\"><a name=\"SECTION00030000000000000000\">\nEuroGP3<\/a>\n<\/h1>\n\n\n\n<ul><li><a href=\"http:\/\/meet.jit.si\/EuroGP3-1415\">Adane Tarekegn, Fulvio Ricceri, Giuseppe Costa, Elisa Ferracin and Mario Giacobini<\/a> <em>Detection of Frailty using Genetic Programming : The Case of Older People in Piedmont, Italy <\/em> <\/li><li><a href=\"http:\/\/meet.jit.si\/EuroGP3-1440\">Muhammad Sheraz Anjum and Conor Ryan<\/a> <em>Seeding Grammars in Grammatical Evolution to Improve Search Based Software Testing <\/em> <\/li><li><a href=\"http:\/\/meet.jit.si\/EuroGP3-1505\">Filipe Assun\u00e7\u00e3o, Nuno Louren\u00e7o, Bernardete Ribeiro and Penousal Machado<\/a> <em>Incremental Evolution and Development of Deep Artificial Neural Networks <\/em> <\/li><li><a href=\"http:\/\/meet.jit.si\/EuroGP3-1530\">Michael Lones<\/a> <em>Optimising Optimisers with Push GP <\/em> <p> <\/p><\/li><\/ul>\n\n\n\n<h1 class=\"wp-block-heading\"><a name=\"SECTION00040000000000000000\">\nEuroGP4 Best Paper Nominations<\/a>\n<\/h1>\n\n\n\n<ul><li><a href=\"http:\/\/meet.jit.si\/EuroGP4-1620\">Dominik Sobania and Franz Rothlauf<\/a>\n<em>Challenges of Program Synthesis with Grammatical Evolution <\/em>\n<\/li><li><a href=\"http:\/\/meet.jit.si\/EuroGP4-1645\">Stefano Ruberto, Valerio Terragni and Jason Moore<\/a>\n<em>SGP-DT: Semantic Genetic Programming Based on Dynamic Targets <\/em>\n<\/li><li><a href=\"http:\/\/meet.jit.si\/EuroGP4-1710\">Luca Mariot, Stjepan Picek, Domagoj Jakobovic and Alberto Leporati<\/a>\n<em>An Evolutionary View on Reversible Shift-invariant Transformations <\/em>\n<\/li><li><a href=\"http:\/\/meet.jit.si\/EuroGP4-1735\">Anil Saini and Lee Spector<\/a>\n<em>Effect of Parent Selection Methods on Modularity <\/em>\n<\/li><\/ul>\n\n\n\n<h1 class=\"wp-block-heading\"><a name=\"SECTION00050000000000000000\">\nEvoMUSART1  &#8211; Evolutionary art<\/a>\n<\/h1>\n\n\n\n<ul><li><a href=\"http:\/\/meet.jit.si\/EvoMUSART1-1110\">Matthew Lewis<\/a> <em>Emerging Technology System Evolution <\/em> <\/li><li><a href=\"http:\/\/meet.jit.si\/EvoMUSART1-1135\">Tiago Martins, Jo\u00e3o Correia, S\u00e9rgio Rebelo, Jo\u00e3o Bicker and Penousal Machado<\/a> <em>Portraits of No One: An Interactive Installation <\/em> <\/li><li><a href=\"http:\/\/meet.jit.si\/EvoMUSART1-1200\">Simon Colton, Jon McCormack, Elena Petrovskaya, Sebastian Berns and Michael Cook<\/a> <em>Adapting and Enhancing Evolutionary Art for Casual Creation <\/em> <\/li><li><a href=\"http:\/\/meet.jit.si\/EvoMUSART1-1225\">Moshe Sipper, Jason H. Moore and Ryan J. Urbanowicz<\/a> <em>Coevolving Artistic Images Using OMNIREP <\/em> <\/li><li><a href=\"http:\/\/meet.jit.si\/EvoMUSART1-1250\">Frederik Heerde, Igor Vatolkin and G\u00e4nter Rudolph<\/a> <em>Comparing Fuzzy Rule Based Approaches for Music Genre Classification <\/em> <\/li><li><a href=\"http:\/\/meet.jit.si\/EvoMUSART1-1300\">Augusto Zubiaga and Lourdes Cilleruelo<\/a> <em>Emulation Games. See and Be Seen, an Subjective Approach to Analog Computational Neuroscience <\/em> <\/li><\/ul>\n\n\n\n<h1 class=\"wp-block-heading\"><a name=\"SECTION00060000000000000000\">\nEvoMUSART2 Music &amp; sound<\/a>\n<\/h1>\n\n\n\n<ul><li><a href=\"http:\/\/meet.jit.si\/EvoMUSART2-1430\">Sebastian Trump<\/a> <em>GenImpro: An Evolutionary Model For Musical Improvisation <\/em> <\/li><li><a href=\"http:\/\/meet.jit.si\/EvoMUSART2-1455\">Xiaoquan Li, Kaiqi Wang, John Soraghan and Jinchang Ren<\/a> <em>Fusion of Hilbert-Huang Transform and Deep Convolutional Neural Network for Predominant Musical Instruments Recognition <\/em> <\/li><li><a href=\"http:\/\/meet.jit.si\/EvoMUSART2-1520\">Edward Ly and Juli\u00e1n Villegas<\/a> <em>Genetic Reverb: Synthesizing Artificial Reverberant Fields Via Genetic Algorithms <\/em> <\/li><\/ul>\n\n\n\n<h1 class=\"wp-block-heading\"><a name=\"SECTION00070000000000000000\">\nEvoMUSART3 &#8211; Image<\/a>\n<\/h1>\n\n\n\n<ul><li><a href=\"http:\/\/meet.jit.si\/EvoMUSART3-1640\">Stephen Lou Banal and Vic Ciesielski<\/a>\n<em>A deep learning neural network for classifying good and bad photos <\/em>\n<\/li><li><a href=\"http:\/\/meet.jit.si\/EvoMUSART3-1705\">Jonathan Young and Simon Colton<\/a>\n<em>Controlling Self-Organization in Generative Creative Systems <\/em>\n<\/li><li><a href=\"http:\/\/meet.jit.si\/EvoMUSART3-1730\">Anna Krolikowski, Sarah Friday, Alice Quintanilla and Jacob Schrum<\/a>\n<em>Quantum Zentanglement: Combining Picbreeder and Wave Function Collapse to Create Zentangles <\/em>\n<\/li><\/ul>\n\n\n\n<h1 class=\"wp-block-heading\"><a name=\"SECTION00080000000000000000\">\nEvoMUSART4 Best Paper Nominations<\/a>\n<\/h1>\n\n\n\n<ul><li><a href=\"http:\/\/meet.jit.si\/EvoMUSART4-0930\">Jon McCormack and Andy Lomas<\/a> <em>Understanding Aesthetic Evaluation with Deep Learning <\/em> <\/li><li><a href=\"http:\/\/meet.jit.si\/EvoMUSART4-0955\">Mar\u00eda Navarro-C\u00e1ceres, Marcelo Caetano and Gilberto Bernardes<\/a> <em>Objective Evaluation of Tonal Fitness for Chord Progressions <\/em> <\/li><li><a href=\"http:\/\/meet.jit.si\/EvoMUSART4-1020\">Manuel Muehlbauer, Jane Burry and Andy Song<\/a> <em>An aesthetic-based fitness measure and a framework for guidance of evolutionary design in architecture <\/em> <\/li><\/ul>\n\n\n\n<h1 class=\"wp-block-heading\"><a name=\"SECTION00090000000000000000\">\nEvoAPPS1 Short talks<\/a>\n<\/h1>\n\n\n\n<ul><li><a href=\"http:\/\/meet.jit.si\/EvoAPPS1-1110\">Houssem Eddine Ben Smida, Jos\u00e9 Francisco Chicano Garc\u00eda and Saoussen Krichen<\/a> <em>Iterated Granular Neighborhood Algorithm forthe Taxi Sharing Problem <\/em> <\/li><li><a href=\"http:\/\/meet.jit.si\/EvoAPPS1-1120\">Thomas Bauschert and Varun S. Reddy<\/a> <em>A fast, scalable meta-heuristic for network slicing under traffic uncertainty <\/em> <\/li><li><a href=\"http:\/\/meet.jit.si\/EvoAPPS1-1130\">Jo\u00e3o Correia and Fernando Ferreira<\/a> <em>Designing cable-stayed bridges with Genetic Algorithms. <\/em> <\/li><li><a href=\"http:\/\/meet.jit.si\/EvoAPPS1-1140\">Nam Le, Michael O&#8217;Neill and Anthony Brabazon<\/a> <em>Social Learning vs Self-teaching in a Multi-agent Neural Network System <\/em> <\/li><li><a href=\"http:\/\/meet.jit.si\/EvoAPPS1-1150\">Sidney Pontes-Filho, Pedro Lind, Anis Yazidi, Jianhua Zhang, Hugo Hammer, Gustavo Mello, Ioanna Sandvig, Gunnar Tufte and Stefano Nichele<\/a> <em>EvoDyna mic: a framework for the evolution of generally represented dynamical systems and its application to criticality <\/em> <\/li><li><a href=\"http:\/\/meet.jit.si\/EvoAPPS1-1200\">Paloma de Las Cuevas, Pablo Garc\u00ed\u00ada S\u00e1nchez, Jj Merelo, Zaineb Chelly Dagdia and Mar\u00ed\u00ada Isabel Garc\u00ed\u00ada Arenas<\/a> <em>Automatic rule extraction from access rules using Genetic Programming <\/em> <\/li><li><a href=\"http:\/\/meet.jit.si\/EvoAPPS1-1210\">Alberto Mateos Rama, Victor Rodriguez-Fernandez and David Camacho<\/a> <em>Finding behavioural patterns among League of Legends players through Hidden Markov Models <\/em> <\/li><li><a href=\"http:\/\/meet.jit.si\/EvoAPPS1-1220\">Rudolf Lovren\u010di\u0107, Domagoj Jakobovi\u0107, Dejan \u0160kvorc and Stjepan Gro\u0161<\/a> <em>Security Risk Optimization for Multi-Cloud Applications <\/em> <\/li><li><a href=\"http:\/\/meet.jit.si\/EvoAPPS1-1230\">Victor Costa, Nuno Louren\u00e7o, Jo\u00e3o Correia and Penousal Machado<\/a> <em>Using Skill Rating as Fitness on the Evolution of GANs <\/em> <\/li><li><a href=\"http:\/\/meet.jit.si\/EvoAPPS1-1240\">Clara Pizzuti and Annalisa Socievole<\/a> <em>Community Detection in Attributed Graphs with Differential Evolution <\/em> <\/li><li><a href=\"http:\/\/meet.jit.si\/EvoAPPS1-1250\">Filip Kuklis, Marta Jaros and Jiri Jaros<\/a> <em>Accelerated Design of HIFU Treatment Plans Using Island-based Evolutionary Strategy <\/em> <p> <\/p><\/li><\/ul>\n\n\n\n<h1 class=\"wp-block-heading\"><a name=\"SECTION000100000000000000000\">\nEvoAPPS2<\/a>\n<\/h1>\n\n\n\n<ul><li><a href=\"http:\/\/meet.jit.si\/EvoAPPS2-1430\">Karlo Knezevic, Stjepan Picek, Domagoj Jakobovic and Julio Hernandez-Castro<\/a> <em>What is Your MOVE: Modeling Adversarial Network Environments <\/em> <\/li><li><a href=\"http:\/\/meet.jit.si\/EvoAPPS2-1455\">Gabriela Ochoa, Katherine M. Malan and Christian Blum<\/a> <em>Modelling the Search Process of Population-based Algorithms in Continuous Optimisation <\/em> <\/li><li><a href=\"http:\/\/meet.jit.si\/EvoAPPS2-1520\">Juan Luis Jim\u00e9nez Laredo, Eric Sanlaville, Carlos M. Fernandes and Juan Juli\u00e1n Merelo Guerv\u00e1s<\/a> <em>On the sampling of all basins of attraction of multimodal functions <\/em> <\/li><\/ul>\n\n\n\n<h1 class=\"wp-block-heading\"><a name=\"SECTION000110000000000000000\">\nEvoAPPS3 Paralel and distributed systems<\/a>\n<\/h1>\n\n\n\n<ul><li><a href=\"http:\/\/meet.jit.si\/EvoAPPS3-1640\">Erick Vargas, Mario Garcia Valdez and Juan Julian Merelo<\/a> <em>An Event-based Architecture for Cross-Breed Multi-population Bio-inspired Optimization Algorithms <\/em> <\/li><li><a href=\"http:\/\/meet.jit.si\/EvoAPPS3-1705\">Vin\u00edcius Veloso de Melo, \u00c1lvaro Luiz Fazenda, L\u00e9o Fran\u00e7oso Dal Piccol Sotto and Giovanni Iacca<\/a> <em>A MIMD interpreter for Genetic Programming <\/em> <\/li><li><a href=\"http:\/\/meet.jit.si\/EvoAPPS3-1730\">Ernesto Serrano Collado and JJ Merelo<\/a> <em>Using evolutionary algorithms for server hardening via the moving target defense technique <\/em> <\/li><\/ul>\n\n\n\n<h1 class=\"wp-block-heading\"><a name=\"SECTION000120000000000000000\">\nEvoAPPS4 Evolutionary Machine Learning (i)<\/a>\n<\/h1>\n\n\n\n<ul><li><a href=\"http:\/\/meet.jit.si\/EvoAPPS4-0930\">Ferrante Neri and Isaac Triguero Vel\u00e1zquez<\/a> <em>A Local Search with a Surrogate Assisted Option for Instance Reduction <\/em> <\/li><li><a href=\"http:\/\/meet.jit.si\/EvoAPPS4-0955\">Jo\u00e3o Correia, Paulo Fernandes and Penousal Machado<\/a> <em>Evolutionary Latent Space Exploration of Generative Adversarial Networks <\/em> <\/li><li><a href=\"http:\/\/meet.jit.si\/EvoAPPS4-1020\">Filipe Assun\u00e7\u00e3o, Nuno Louren\u00e7o, Bernardete Ribeiro and Penousal Machado<\/a> <em>Evolution of Scikit-Learn Pipelines with Dynamic Structured Grammatical Evolution <\/em> <\/li><li><a href=\"http:\/\/meet.jit.si\/EvoAPPS4-1045\">Leonardo Lucio Custode, Ciro Lucio Tecce, Illya Bakurov, Mauro Castelli, Antonio Della Cioppa and Leonardo Vanneschi<\/a> <em>A Greedy Iterative Layered Framework for Training Feed Forward Neural Networks <\/em> <\/li><\/ul>\n\n\n\n<h1 class=\"wp-block-heading\"><a name=\"SECTION000130000000000000000\">\nEvoAPPS5 Personalised medicine and healthcare<\/a>\n<\/h1>\n\n\n\n<ul><li><a href=\"http:\/\/meet.jit.si\/EvoAPPS5-0930\">Nicole Dalia Cilia, Claudio De Stefano, Francesco Fontanella and Alessandra Scotto di Freca<\/a> <em>Using Genetic Algorithms for the prediction of cognitive impairments <\/em> <\/li><li><a href=\"http:\/\/meet.jit.si\/EvoAPPS5-0955\">Pedro Henrique Narloch and M\u00e1rcio Dorn<\/a> <em>Differential Evolution Multi-Objective for Tertiary Protein Structure Prediction <\/em> <\/li><li><a href=\"http:\/\/meet.jit.si\/EvoAPPS5-1020\">Sergio Contador, J. Manuel Colmenar, \u00d3scar Garnica and J. Ignacio Hidalgo<\/a> <em>Short and Medium Term Blood Glucose Prediction using Multi-objective Grammatical Evolution <\/em> <\/li><li><a href=\"http:\/\/meet.jit.si\/EvoAPPS5-1045\">Krzysztof Michalak<\/a> <em>Multiobjective Optimization of a Targeted Vaccination Scheme in the Presence of Non-diagnosed Cases <\/em> <\/li><\/ul>\n\n\n\n<h1 class=\"wp-block-heading\"><a name=\"SECTION000140000000000000000\">\nEvoAPPS6 Evolutionary Machine Learning (ii)<\/a>\n<\/h1>\n\n\n\n<ul><li><a href=\"http:\/\/meet.jit.si\/EvoAPPS6-1130\">Abdelrahman Elsaid, Alexander Ororbia and Travis Desell<\/a>\n<em>Ant-based Neural Topology Search (ANTS) for Optimizing Recurrent Networks <\/em>\n<\/li><li><a href=\"http:\/\/meet.jit.si\/EvoAPPS6-1155\">Abdelrahman Elsaid, Joshua Karns, Zimeng Lyu, Daniel Krutz, Alex Ororbia and Travis Desell<\/a>\n<em>Neuro-Evolutionary Transfer Learning through Structural Adaptation <\/em>\n<\/li><\/ul>\n\n\n\n<h1 class=\"wp-block-heading\"><a name=\"SECTION000150000000000000000\">\nEvoAPPS7<\/a>\n<\/h1>\n\n\n\n<ul><li><a href=\"http:\/\/meet.jit.si\/EvoAPPS7-1130\">Ferrante Neri and Shahin Rostami<\/a> <em>A Local Search for Numerical Optimisation based on Covariance Matrix Diagonalisation <\/em> <\/li><li><a href=\"http:\/\/meet.jit.si\/EvoAPPS7-1155\">Rodrigo Moreno and Andres Faina<\/a> <em>Using evolution to design modular robots An empirical approach to select module designs <\/em> <\/li><li><a href=\"http:\/\/meet.jit.si\/EvoAPPS7-1220\">Karine Miras, A.E Eiben, Matteo de Carlo and Sayfeddine Akhatou<\/a> <em>Evolving-controllers versus learning-controllers for morphologically evolvable robots <\/em> <\/li><li><a href=\"http:\/\/meet.jit.si\/EvoAPPS7-1245\">Jo\u00e3o Macedo, Lino Marques and Ernesto Costa<\/a> <em>Locating Odour Sources with Geometric Syntactic Genetic Programming <\/em> <\/li><\/ul>\n\n\n\n<h1 class=\"wp-block-heading\"><a name=\"SECTION000160000000000000000\">\nEvoAPPS8 Best Paper Nominations<\/a>\n<\/h1>\n\n\n\n<ul><li><a href=\"http:\/\/meet.jit.si\/EvoAPPS8-1415\">Ariel Eduardo V\u00e1zquez Nu\u00f1ez, Antonio J. Fern\u00e1ndez Leiva, Antonio Mora and Pablo Garc\u00eda S\u00e1nchez<\/a> <em>Testing hybrid computational intelligence algorithms for general game playing <\/em> <\/li><li><a href=\"http:\/\/meet.jit.si\/EvoAPPS8-1440\">Travis Desell, Abdelrahman Elsaid and Alexander Ororbia<\/a> <em>An Empirical Exploration of Deep Recurrent Connections Using Neuro-Evolution <\/em> <\/li><li><a href=\"http:\/\/meet.jit.si\/EvoAPPS8-1505\">Takahiro Ishihara and Steffen Limmer<\/a> <em>Optimizing the Hyperparameters of a Mixed Integer Linear Programming Solver to Speed Up Electric Vehicle Charging Control <\/em> <\/li><\/ul>\n\n\n\n<h1 class=\"wp-block-heading\"><a name=\"SECTION000170000000000000000\">\nEvoAPPS9<\/a>\n<\/h1>\n\n\n\n<ul><li><a href=\"http:\/\/meet.jit.si\/EvoAPPS9-1620\">Muhammad Shabbir Abbasi, Harith Al-Sahaf and Ian Welch<\/a>\n<em>Particle Swarm Optimization: A Wrapper-based Feature Selection Method for Ransomware Detection and Classification <\/em>\n<\/li><li><a href=\"http:\/\/meet.jit.si\/EvoAPPS9-1645\">Alessandro Cacco and Giovanni Iacca<\/a>\n<em>Simulation-driven multi-objective evolution for traffic light optimization <\/em>\n<\/li><li><a href=\"http:\/\/meet.jit.si\/EvoAPPS9-1710\">Guang Peng and Katinka Wolter<\/a>\n<em>A Decomposition-Based Evolutionary Algorithm with Adaptive Weight Vectors for Multi- and Many-objective Optimization <\/em>\n<\/li><li><a href=\"http:\/\/meet.jit.si\/EvoAPPS9-1735\">Kehinde O. Babaagba, Zhiyuan Tan and Emma Hart<\/a>\n<em>Automatic generation of adversarial metamorphic malware using MAP-Elites <\/em>\n<\/li><\/ul>\n\n\n\n<h1 class=\"wp-block-heading\"><a name=\"SECTION000180000000000000000\">\nEvoAPPS10 Deep Bioinspired Algorithms<\/a>\n<\/h1>\n\n\n\n<ul><li><a href=\"http:\/\/meet.jit.si\/EvoAPPS10-1000\">Ahmed Hallawa, Simon Schug, Giovanni Iacca and Gerd Ascheid<\/a> <em>Evolving Instinctive Behaviour in Resource-Constrained Autonomous Agents Using Grammatical Evolution <\/em> <\/li><li><a href=\"http:\/\/meet.jit.si\/EvoAPPS10-1025\">Mohammed Baraq Mushtaq and Tobias Rodemann<\/a> <em>An Adversarial Optimization Approach for the Development of Robust Controllers <\/em> <\/li><li><a href=\"http:\/\/meet.jit.si\/EvoAPPS10-1050\">Marialaura Previti, V\u00edctor Rodr\u00edguez Fern\u00e1ndez, David Camacho, Vincenza Carchiolo and Michele Malgeri<\/a> <em>Fake news detection using time series and user features classification <\/em> <\/li><\/ul>\n\n\n\n<h1 class=\"wp-block-heading\"><a name=\"SECTION000190000000000000000\">\nEvoAPPS11 Games<\/a>\n<\/h1>\n\n\n\n<ul><li><a href=\"http:\/\/meet.jit.si\/EvoAPPS11-1000\">Raul Montoliu, Raluca D. Gaina, Diego Perez-Liebana, Daniel Delgado and Simon Lucas<\/a>\n<em>Efficient Heuristic Policy Optimisation for a Challenging Strategic Card Game <\/em>\n<\/li><li><a href=\"http:\/\/meet.jit.si\/EvoAPPS11-1025\">Alberto Alvarez and Jose Font<\/a>\n<em>Learning the Designer&#8217;s Preferences to Drive Evolution <\/em>\n<\/li><li><a href=\"http:\/\/meet.jit.si\/EvoAPPS11-1050\">Raneem Qaddoura, Hossam Faris, Ibrahim Aljarah and Pedro A. Castillo<\/a>\n<em>EvoCluster: An Open-Source Nature-Inspired Optimization Clustering Framework in Python <\/em>\n<\/li><\/ul>\n\n\n\n<h1 class=\"wp-block-heading\"><a name=\"SECTION000200000000000000000\">\nEvoCOP1<\/a>\n<\/h1>\n\n\n\n<ul><li><a href=\"http:\/\/meet.jit.si\/EvoCOP1-1130\">Cristiano G. Pimenta, Alex G. C. de S\u00e1, Gabriela Ochoa and Gisele L. Pappa<\/a> <em>Fitness Landscape Analysis of Automated Machine Learning Search Spaces <\/em> <\/li><li><a href=\"http:\/\/meet.jit.si\/EvoCOP1-1155\">Alejandro Arbelaez and Padraigh Jarvis<\/a> <em>Cooperative Parallel SAT Local Search with Path Relinking <\/em> <\/li><li><a href=\"http:\/\/meet.jit.si\/EvoCOP1-1220\">Marco Baioletti, Valentino Santucci and Alfredo Milani<\/a> <em>An algebraic approach for the search space of permutations with repetition <\/em> <\/li><li><a href=\"http:\/\/meet.jit.si\/EvoCOP1-1245\">Sarah Thomson and Gabriela Ochoa<\/a> <em>The Local Optima Level in Chemotherapy Schedule Optimisation <\/em> <\/li><\/ul>\n\n\n\n<h1 class=\"wp-block-heading\"><a name=\"SECTION000210000000000000000\">\nEvoCOP2<\/a>\n<\/h1>\n\n\n\n<ul><li><a href=\"http:\/\/meet.jit.si\/EvoCOP2-1415\">Geoffrey Pruvost, Bilel Derbel, Arnaud Liefooghe, Ke Li and Qingfu Zhang<\/a>\n<em>On the Combined Impact of Population Size and Sub-problem Selection in MOEA\/D <\/em>\n<\/li><li><a href=\"http:\/\/meet.jit.si\/EvoCOP2-1440\">Takfarinas Saber, David Brevet, Goetz Botterweck and Anthony Ventresque<\/a>\n<em>MILPIBEA: Algorithm for Multi-objective Features Selection in (Evolving) Software Product Lines <\/em>\n<\/li><li><a href=\"http:\/\/meet.jit.si\/EvoCOP2-1505\">Lilla Beke, Michal Weiszer and Jun Chen<\/a>\n<em>A comparison of genetic representations for multi-objective shortest path problems on multigraphs <\/em>\n<\/li><\/ul>\n\n\n\n<h1 class=\"wp-block-heading\"><a name=\"SECTION000220000000000000000\">\nEvoCOP3<\/a>\n<\/h1>\n\n\n\n<ul><li><a href=\"http:\/\/meet.jit.si\/EvoCOP3-1620\">Fangfang Zhang, Yi Mei, Su Nguyen and Mengjie Zhang<\/a> <em>Genetic Programming with Adaptive Search Based on the Frequency of Features for Dynamic Flexible Job Shop Scheduling <\/em> <\/li><li><a href=\"http:\/\/meet.jit.si\/EvoCOP3-1645\">Cornelius R\u00fcther and Julia Rieck<\/a> <em>A Grouping Genetic Algorithm for Multi Depot Pickup and Delivery Problems with Time Windows and Heterogeneous Vehicles <\/em> <\/li><li><a href=\"http:\/\/meet.jit.si\/EvoCOP3-1710\">Boxiong Tan, Hui Ma and Yi Mei<\/a> <em>A Group Genetic Algorithm for Resource Allocation in Container-based Clouds <\/em> <\/li><li><a href=\"http:\/\/meet.jit.si\/EvoCOP3-1735\">Maria Jo\u00e3o Alves, Carlos Henggeler Antunes and In\u00e9s Soares<\/a> <em>Optimizing prices and periods in time-of-use electricity tariff design using bilevel programming <\/em> <p> <\/p><\/li><\/ul>\n\n\n\n<h1 class=\"wp-block-heading\"><a name=\"SECTION000230000000000000000\">\nEvoCOP4<\/a>\n<\/h1>\n\n\n\n<ul><li><a href=\"http:\/\/meet.jit.si\/EvoCOP4-1000\">Hugo Monz\u00f3n, Hern\u00e1n Aguirre, S\u00e9bastien Verel, Arnaud Liefooghe, Bilel Derbel and Kiyoshi Tanaka<\/a> <em>Dynamic Compartmental Models for Large Multi-objective Landscapes and Performance Estimation <\/em> <\/li><li><a href=\"http:\/\/meet.jit.si\/EvoCOP4-1025\">Nikolaus Frohner, Bernhard Neumann and G\u00fcnther Raidl<\/a> <em>A Beam Search Approach to the Traveling Tournament Problem <\/em> <\/li><li><a href=\"http:\/\/meet.jit.si\/EvoCOP4-1055\">Benjamin Doerr and Martin S. Krejca<\/a> <em>The Univariate Marginal Distribution Algorithm Copes Well With Deception and Epistasis <\/em> <\/li><\/ul>\n\n\n\n<h1 class=\"wp-block-heading\"><a name=\"SECTION000240000000000000000\">\nEvoLBAs (Late-Breaking Abstracts)<\/a>\n<\/h1>\n\n\n\n<ul><li><a href=\"http:\/\/meet.jit.si\/EvoLBAs-1640\">Zhenglei Wei and Changqiang Huang<\/a>\n<em>A Multi-strategy LSHADE Algorithm and its Applications on Temporal Alignment <\/em>\n<\/li><li><a href=\"http:\/\/meet.jit.si\/EvoLBAs-1650\">Vera Kalinichenko and Garima Garg<\/a>\n<em>From Business Curated Products to Algorithmically Generated <\/em>\n<\/li><li><a href=\"http:\/\/meet.jit.si\/EvoLBAs-1700\">Pedro Coelho and Cristovao Silva<\/a>\n<em>Parallel Microevolutionary Genetic Algorithm for Flexible Job Shop Scheduling Problem <\/em>\n<\/li><li><a href=\"http:\/\/meet.jit.si\/EvoLBAs-1710\">Joeri Sleegers and Daan van den Berg<\/a>\n<em>Plant Propagation &amp; Hard Hamiltonian Graphs <\/em>\n<\/li><li><a href=\"http:\/\/meet.jit.si\/EvoLBAs-1720\">Marleen de Jonge and Daan van den Berg<\/a>\n<em>Plant Propagation Parameterization: Offspring &amp; Population Size <\/em>\n<\/li><li><a href=\"http:\/\/meet.jit.si\/EvoLBAs-1730\">Daan van den Berg<\/a>\n<em>Simplified Paintings-from-Polygons is NP-Hard <\/em>\n<\/li><\/ul>\n\n\n\n<h4 class=\"wp-block-heading\"><a name=\"SECTION000250000000000000000\">\nAbout this document &#8230;<\/a>\n<\/h4>\n\n\n\n<p>\nThis document was generated using the\n<a href=\"http:\/\/www.latex2html.org\/\"><strong>LaTeX<\/strong>2<tt>HTML<\/tt><\/a> translator Version 2018 (Released Feb 1, 2018)\n<\/p>\n\n\n\n<p>\nCopyright \u00a9 1993, 1994, 1995, 1996,\nNikos Drakos, \nComputer Based Learning Unit, University of Leeds.\n<br>\nCopyright \u00a9 1997, 1998, 1999,\n<a href=\"http:\/\/www.maths.mq.edu.au\/~ross\/\">Ross Moore<\/a>, \nMathematics Department, Macquarie University, Sydney.\n<\/p>\n\n\n\n<p>\nThe command line arguments were: <br>\n <strong>latex2html<\/strong> <tt>-split 0 linkedPosters.tex<\/tt>\n<\/p>\n\n\n\n<p>\nThe translation was initiated on 2020-04-16\n<\/p>\n\n\n","protected":false},"excerpt":{"rendered":"<p>EuroGP1 Baligh Al-Helali, Qi Chen, Bing Xue and Mengjie Zhang Hessian Complexity Measure for Genetic Programming-based Imputation Predictor Selection in Symbolic Regression with Incomplete Data Aymeric Blot and Justyna Petke Comparing Genetic Programming Approaches for Non-Functional Genetic Improvement Aliyu Sambo, R. Muhammad Atif Azad, Yevgeniya Kovalchuk, Vivek Padmanaabhan Indramohan and Hanifa Shah Time Control or [&hellip;]<\/p>\n","protected":false},"author":15,"featured_media":0,"parent":0,"menu_order":0,"comment_status":"closed","ping_status":"closed","template":"","meta":{"footnotes":""},"_links":{"self":[{"href":"http:\/\/www.evostar.org\/2020\/wp-json\/wp\/v2\/pages\/1251"}],"collection":[{"href":"http:\/\/www.evostar.org\/2020\/wp-json\/wp\/v2\/pages"}],"about":[{"href":"http:\/\/www.evostar.org\/2020\/wp-json\/wp\/v2\/types\/page"}],"author":[{"embeddable":true,"href":"http:\/\/www.evostar.org\/2020\/wp-json\/wp\/v2\/users\/15"}],"replies":[{"embeddable":true,"href":"http:\/\/www.evostar.org\/2020\/wp-json\/wp\/v2\/comments?post=1251"}],"version-history":[{"count":6,"href":"http:\/\/www.evostar.org\/2020\/wp-json\/wp\/v2\/pages\/1251\/revisions"}],"predecessor-version":[{"id":1262,"href":"http:\/\/www.evostar.org\/2020\/wp-json\/wp\/v2\/pages\/1251\/revisions\/1262"}],"wp:attachment":[{"href":"http:\/\/www.evostar.org\/2020\/wp-json\/wp\/v2\/media?parent=1251"}],"curies":[{"name":"wp","href":"https:\/\/api.w.org\/{rel}","templated":true}]}}