{"id":952,"date":"2020-02-28T22:43:03","date_gmt":"2020-02-28T21:43:03","guid":{"rendered":"http:\/\/www.evostar.org\/2020\/?page_id=952"},"modified":"2020-03-04T23:00:34","modified_gmt":"2020-03-04T22:00:34","slug":"best-paper-nominees","status":"publish","type":"page","link":"http:\/\/www.evostar.org\/2020\/best-paper-nominees\/","title":{"rendered":"EvoCOP Best Paper Nominees"},"content":{"rendered":"\n<ul><li><em>Benjamin Doerr and Martin S. Krejca.<\/em><br>The Univariate Marginal Distribution Algorithm Copes Well With Deception and Epistasis.<\/li><li><em>Nikolaus Frohner, Bernhard Neumann and G\u00fcnther Raidl.<\/em><br>A Beam Search Approach to the Traveling Tournament Problem.<\/li><li><em>Hugo Monz\u00f3n, Hern\u00e1n Aguirre, S\u00e9bastien Verel, Arnaud Liefooghe, Bilel Derbel and Kiyoshi Tanaka.\u00a0<\/em>Dynamic Compartmental Models for Large Multi-objective Landscapes and Performance Estimation.<\/li><\/ul>\n\n\n\n<p><\/p>\n","protected":false},"excerpt":{"rendered":"<p>Benjamin Doerr and Martin S. Krejca.The Univariate Marginal Distribution Algorithm Copes Well With Deception and Epistasis. Nikolaus Frohner, Bernhard Neumann and G\u00fcnther Raidl.A Beam Search Approach to the Traveling Tournament Problem. Hugo Monz\u00f3n, Hern\u00e1n Aguirre, S\u00e9bastien Verel, Arnaud Liefooghe, Bilel Derbel and Kiyoshi Tanaka.\u00a0Dynamic Compartmental Models for Large Multi-objective Landscapes and Performance Estimation.<\/p>\n","protected":false},"author":4,"featured_media":0,"parent":0,"menu_order":0,"comment_status":"closed","ping_status":"closed","template":"","meta":{"footnotes":""},"_links":{"self":[{"href":"http:\/\/www.evostar.org\/2020\/wp-json\/wp\/v2\/pages\/952"}],"collection":[{"href":"http:\/\/www.evostar.org\/2020\/wp-json\/wp\/v2\/pages"}],"about":[{"href":"http:\/\/www.evostar.org\/2020\/wp-json\/wp\/v2\/types\/page"}],"author":[{"embeddable":true,"href":"http:\/\/www.evostar.org\/2020\/wp-json\/wp\/v2\/users\/4"}],"replies":[{"embeddable":true,"href":"http:\/\/www.evostar.org\/2020\/wp-json\/wp\/v2\/comments?post=952"}],"version-history":[{"count":5,"href":"http:\/\/www.evostar.org\/2020\/wp-json\/wp\/v2\/pages\/952\/revisions"}],"predecessor-version":[{"id":1052,"href":"http:\/\/www.evostar.org\/2020\/wp-json\/wp\/v2\/pages\/952\/revisions\/1052"}],"wp:attachment":[{"href":"http:\/\/www.evostar.org\/2020\/wp-json\/wp\/v2\/media?parent=952"}],"curies":[{"name":"wp","href":"https:\/\/api.w.org\/{rel}","templated":true}]}}