{"id":966,"date":"2020-02-28T23:00:54","date_gmt":"2020-02-28T22:00:54","guid":{"rendered":"http:\/\/www.evostar.org\/2020\/?page_id=966"},"modified":"2020-03-01T23:11:24","modified_gmt":"2020-03-01T22:11:24","slug":"eurogp-best-paper-nominees-2","status":"publish","type":"page","link":"http:\/\/www.evostar.org\/2020\/eurogp-best-paper-nominees-2\/","title":{"rendered":"EvoAPPs Best Paper Nominees"},"content":{"rendered":"\n<p><\/p>\n\n\n\n<p><em>Takahiro Ishihara and Steffen Limmer<\/em>.<br><strong>Optimizing the Hyperparameters of a Mixed Integer Linear Programming Solver to Speed Up Electric Vehicle Charging Control<\/strong><\/p>\n\n\n\n<p><em>Travis Desell, Abdelrahman Elsaid and Alexander Ororbia<\/em>.<br><strong>An Empirical Exploration of Deep Recurrent Connections Using Neuro-Evolution<\/strong><\/p>\n\n\n\n<p><em>Ariel Eduardo V\u00e1zquez Nu\u00f1ez, Antonio J. Fern\u00e1ndez Leiva, Antonio Mora and Pablo Garc\u00eda S\u00e1nchez<\/em>.<br><strong>Testing hybrid computational intelligence algorithms for general game playing<\/strong><\/p>\n","protected":false},"excerpt":{"rendered":"<p>Takahiro Ishihara and Steffen Limmer.Optimizing the Hyperparameters of a Mixed Integer Linear Programming Solver to Speed Up Electric Vehicle Charging Control Travis Desell, Abdelrahman Elsaid and Alexander Ororbia.An Empirical Exploration of Deep Recurrent Connections Using Neuro-Evolution Ariel Eduardo V\u00e1zquez Nu\u00f1ez, Antonio J. Fern\u00e1ndez Leiva, Antonio Mora and Pablo Garc\u00eda S\u00e1nchez.Testing hybrid computational intelligence algorithms for [&hellip;]<\/p>\n","protected":false},"author":6,"featured_media":0,"parent":0,"menu_order":0,"comment_status":"closed","ping_status":"closed","template":"","meta":{"footnotes":""},"_links":{"self":[{"href":"http:\/\/www.evostar.org\/2020\/wp-json\/wp\/v2\/pages\/966"}],"collection":[{"href":"http:\/\/www.evostar.org\/2020\/wp-json\/wp\/v2\/pages"}],"about":[{"href":"http:\/\/www.evostar.org\/2020\/wp-json\/wp\/v2\/types\/page"}],"author":[{"embeddable":true,"href":"http:\/\/www.evostar.org\/2020\/wp-json\/wp\/v2\/users\/6"}],"replies":[{"embeddable":true,"href":"http:\/\/www.evostar.org\/2020\/wp-json\/wp\/v2\/comments?post=966"}],"version-history":[{"count":3,"href":"http:\/\/www.evostar.org\/2020\/wp-json\/wp\/v2\/pages\/966\/revisions"}],"predecessor-version":[{"id":1003,"href":"http:\/\/www.evostar.org\/2020\/wp-json\/wp\/v2\/pages\/966\/revisions\/1003"}],"wp:attachment":[{"href":"http:\/\/www.evostar.org\/2020\/wp-json\/wp\/v2\/media?parent=966"}],"curies":[{"name":"wp","href":"https:\/\/api.w.org\/{rel}","templated":true}]}}