{"id":1269,"date":"2020-04-20T22:46:42","date_gmt":"2020-04-20T20:46:42","guid":{"rendered":"http:\/\/www.evostar.org\/2020\/?page_id=1269"},"modified":"2021-04-15T18:50:19","modified_gmt":"2021-04-15T16:50:19","slug":"awards","status":"publish","type":"page","link":"http:\/\/www.evostar.org\/2021\/awards\/","title":{"rendered":"Awards"},"content":{"rendered":"\n<h3 class=\"wp-block-heading\">Evo* Award for Outstanding Contribution to Evolutionary Computation in Europe 2021<\/h3>\n\n\n\n<p>Winners:<\/p>\n\n\n\n<h4 class=\"wp-block-heading\"><strong>Conor Ryan (University of Limerick) and Juan Romero<\/strong> (Universidade da Coru\u00f1a)<\/h4>\n\n\n\n<h3 class=\"wp-block-heading\">Evo* 2021 Best Paper Awards<\/h3>\n\n\n\n<h3 class=\"wp-block-heading\">EuroGP <\/h3>\n\n\n\n<p><strong>Towards incorporating Human Knowledge in Fuzzy Pattern Tree Evolution<\/strong><br>Aidan Murphy, Grainne Murphy, Douglas Mota Dias, Jorge Amaral, Enrique Naredo &amp; Conor Ryan<\/p>\n\n\n\n<h3 class=\"wp-block-heading\">EvoApplications<\/h3>\n\n\n\n<p><strong>Towards Feature-Based Performance Regression\\Using Trajectory Data<\/strong><br>Anja Jankovic, Tome Eftimov &amp; Carola Doerr<\/p>\n\n\n\n<h3 class=\"wp-block-heading\">EvoCOP<\/h3>\n\n\n\n<p><strong>Hybridization of Racing Methods with Evolutionary Operators for Simulation Optimization of Traffic Lights Programs <\/strong><br>Christian Cintrano, Javier Ferrer, Manuel L\u00f3pez-Ib\u00e1\u00f1ez &amp; Enrique Alba<\/p>\n\n\n\n<h3 class=\"wp-block-heading\">EvoMUSART<\/h3>\n\n\n\n<p><strong>Identification of Pure Painting Pigment\\using Machine Learning algorithms<\/strong><br>Ailin Chen, Rui Jesus &amp; Marcia Vilarigues<\/p>\n\n\n\n<h3 class=\"wp-block-heading\">Best Student Poster Award<\/h3>\n\n\n\n<p>Aidan Murphy<\/p>\n\n\n\n<h3 class=\"wp-block-heading\">Previous Evo* Awards:<\/h3>\n\n\n\n<ul><li>2020: <a href=\"http:\/\/www.cs.stir.ac.uk\/~goc\/\">Gabriela Ochoa<\/a> [<a href=\"http:\/\/www.evostar.org\/2020\/Awards\/\">announcement page<\/a>]<\/li><li>2019: <a href=\"https:\/\/scholar.google.it\/citations?user=gFxqc64AAAAJ&amp;hl=es&amp;oi=sra\">JJ Merelo<\/a> and <a href=\"http:\/\/www.lcc.uma.es\/~ccottap\">Carlos Cotta<\/a> <a href=\"http:\/\/www.evostar.org\/2019\/awards_outstanding.php\">[announcement page]<\/a><\/li><li>2018: <a href=\"https:\/\/ciencias.ulisboa.pt\/pt\/perfil\/sgsilva\">Sara Silva<\/a> <a href=\"http:\/\/www.evostar.org\/2018\/awards_outstanding.php\">[announcement page]<\/a><\/li><li>2017: <a href=\"http:\/\/www.cs.vu.nl\/~gusz\/\"> Gusz Eiben<\/a> and <a href=\"people.ibest.uidaho.edu\/~foster\/\">James Foster <\/a> <a href=\"http:\/\/www.evostar.org\/2017\/awards_outstanding.php\">[announcement page]<\/a> <\/li><li>2016: <a href=\"http:\/\/cdv.dei.uc.pt\/authors\/penousal-machado\/\">Penousal Machado<\/a> <a href=\"http:\/\/www.evostar.org\/2016\/awards_outstanding.php\">[announcement page]<\/a><\/li><li>2015: <a href=\"https:\/\/sites.google.com\/site\/aiesparcia\/\">Anna Esparcia-Alcazar<\/a> and <a href=\"http:\/\/www.novaims.unl.pt\/Docentes-Investigacao\/Detalhe-Docente.asp?IDDocente=196\">Leonardo Vanneschi<\/a> <a href=\"http:\/\/www.evostar.org\/2015\/awards_outstanding.php\">[announcement page]<\/a><\/li><li>2014: Terence C. Fogarty <a href=\"http:\/\/www0.cs.ucl.ac.uk\/staff\/ucacbbl\/egp2014\/terry_fogarty.jpg\">[pic]<\/a> <a href=\"https:\/\/plus.google.com\/u\/0\/+JJMerelo\/posts\/bYnqVYfR7ZN?cfem=1\">[movie]<\/a><\/li><li>2013: <a href=\"http:\/\/people.csail.mit.edu\/unamay\/\">Una-May O&#8217;Reilly<\/a> and <a href=\"http:\/\/www.cs.ru.nl\/~elenam\/\">Elena Marchiori<\/a><\/li><li>2012: <a href=\"http:\/\/www.ads.tuwien.ac.at\/people\/Raidl.html\">Guenther R. Raidl<\/a><\/li><li>2011: <a href=\"http:\/\/www.elec.york.ac.uk\/staff\/academic\/jfm.html\">Julian Miller<\/a><\/li><li>2010: <a href=\"http:\/\/www.hec.unil.ch\/people\/mtomassini\">Marco Tomassini<\/a> <a href=\"http:\/\/www.flickr.com\/photos\/61761673@N00\/4510927716\/\">[pic]<\/a><\/li><li>2009: <a href=\"http:\/\/ernesto.dei.uc.pt\">Ernesto Costa<\/a> and <a href=\"http:\/\/www.ce.unipr.it\/people\/cagnoni\/\">Stefano Cagnoni<\/a> <a href=\"http:\/\/www.flickr.com\/photos\/nicmcphee\/2378913548\/\">[pic]<\/a> <a href=\"http:\/\/www.flickr.com\/photos\/bekas\/3483364499\/\">[pic]<\/a> <\/li><li>2008: <a href=\"http:\/\/www.cs.ucl.ac.uk\/staff\/W.Langdon\/\">Bill Langdon<\/a> and <a href=\"http:\/\/www.lri.fr\/~marc\/\">Marc Schoenauer<\/a> <a href=\"http:\/\/www.flickr.com\/photos\/nicmcphee\/2378963862\/\">[pic]<\/a><\/li><li>2007: <a href=\"http:\/\/www.cs.mun.ca\/~banzhaf\/\">Wolfgang Banzhaf<\/a> and <a href=\"http:\/\/dces.essex.ac.uk\/staff\/rpoli\/\">Riccardo Poli<\/a><\/li><li>2006: Jennifer Willies<\/li><\/ul>\n\n\n\n<h3 class=\"wp-block-heading\">Best Paper Awards<\/h3>\n\n\n\n<ul><li><a href=\"http:\/\/www.evostar.org\/2020\/awards\/\">2020<\/a><\/li><li><a href=\"http:\/\/www.evostar.org\/2019\/programme_bestpapers.php\">2019<\/a><\/li><li><a href=\"http:\/\/www.evostar.org\/2018\/programme_bestpapers.php\">2018<\/a><\/li><li><a href=\"http:\/\/www.evostar.org\/2017\/programme_bestpapers.php\">2017<\/a><\/li><li><a href=\"http:\/\/www.evostar.org\/2016\/programme_bestpapers.php\">2016<\/a><\/li><li>2015<\/li><li><a href=\"http:\/\/www.evostar.org\/2014\/BestPaperAwards.html\">2014<\/a><\/li><li>2013<\/li><li>2012<\/li><li>2011<\/li><li>2010<\/li><li>2009<\/li><li>2008<\/li><li>2007<\/li><li>2006<\/li><li>2005<\/li><\/ul>\n\n\n\n<h3 class=\"wp-block-heading\">Best Poster Awards<\/h3>\n\n\n\n<ul><li>2020 (no award this year)<\/li><li><a href=\"http:\/\/www.evostar.org\/2019\/awards_other.php\">2019<\/a><\/li><li><a href=\"http:\/\/www.evostar.org\/2018\/awards_other.php\">2018<\/a><\/li><\/ul>\n\n\n\n<h3 class=\"wp-block-heading\">Best Student Paper Awards<\/h3>\n\n\n\n<ul><li>2020 (no award this year)<\/li><li><a href=\"http:\/\/www.evostar.org\/2019\/awards_outstanding_students.php\">2019<\/a><\/li><li><a href=\"http:\/\/www.evostar.org\/2018\/awards_outstanding_students.php\">2018<\/a><\/li><\/ul>\n\n\n\n<h3 class=\"wp-block-heading\">Dissemination Awards<\/h3>\n\n\n\n<ul><li><a href=\"http:\/\/www.evostar.org\/2020\/awards\/\">2020<\/a><\/li><li><a href=\"http:\/\/www.evostar.org\/2019\/awards_other.php\">2019<\/a><\/li><li><a href=\"http:\/\/www.evostar.org\/2018\/awards_other.php\">2018<\/a><\/li><\/ul>\n\n\n\n<p><\/p>\n","protected":false},"excerpt":{"rendered":"<p>Evo* Award for Outstanding Contribution to Evolutionary Computation in Europe 2021 Winners: Conor Ryan (University of Limerick) and Juan Romero (Universidade da Coru\u00f1a) Evo* 2021 Best Paper Awards EuroGP Towards incorporating Human Knowledge in Fuzzy Pattern Tree EvolutionAidan Murphy, Grainne Murphy, Douglas Mota Dias, Jorge Amaral, Enrique Naredo &amp; Conor Ryan EvoApplications Towards Feature-Based Performance [&hellip;]<\/p>\n","protected":false},"author":15,"featured_media":0,"parent":0,"menu_order":0,"comment_status":"closed","ping_status":"closed","template":"","meta":{"footnotes":""},"_links":{"self":[{"href":"http:\/\/www.evostar.org\/2021\/wp-json\/wp\/v2\/pages\/1269"}],"collection":[{"href":"http:\/\/www.evostar.org\/2021\/wp-json\/wp\/v2\/pages"}],"about":[{"href":"http:\/\/www.evostar.org\/2021\/wp-json\/wp\/v2\/types\/page"}],"author":[{"embeddable":true,"href":"http:\/\/www.evostar.org\/2021\/wp-json\/wp\/v2\/users\/15"}],"replies":[{"embeddable":true,"href":"http:\/\/www.evostar.org\/2021\/wp-json\/wp\/v2\/comments?post=1269"}],"version-history":[{"count":29,"href":"http:\/\/www.evostar.org\/2021\/wp-json\/wp\/v2\/pages\/1269\/revisions"}],"predecessor-version":[{"id":1948,"href":"http:\/\/www.evostar.org\/2021\/wp-json\/wp\/v2\/pages\/1269\/revisions\/1948"}],"wp:attachment":[{"href":"http:\/\/www.evostar.org\/2021\/wp-json\/wp\/v2\/media?parent=1269"}],"curies":[{"name":"wp","href":"https:\/\/api.w.org\/{rel}","templated":true}]}}