{"id":70,"date":"2019-06-06T01:50:57","date_gmt":"2019-06-05T23:50:57","guid":{"rendered":"http:\/\/localhost:8080\/?page_id=70"},"modified":"2021-05-14T18:16:03","modified_gmt":"2021-05-14T16:16:03","slug":"organizers","status":"publish","type":"page","link":"http:\/\/www.evostar.org\/2021\/organizers\/","title":{"rendered":"Organizers"},"content":{"rendered":"\n<h3 class=\"wp-block-heading\">EvoStar&nbsp;2021 local chair<\/h3>\n\n\n\n<figure class=\"wp-block-table aligncenter is-style-stripes\"><table  class=\"has-subtle-light-gray-background-color has-background table table-hover\" ><tbody><tr><td><img loading=\"lazy\" decoding=\"async\" width=\"768\" height=\"807\" class=\"wp-image-297\" style=\"width: 150px;\" src=\"http:\/\/www.evostar.org\/2021\/wp-content\/uploads\/2019\/09\/federico_divina.jpg\" alt=\"\" srcset=\"http:\/\/www.evostar.org\/2021\/wp-content\/uploads\/2019\/09\/federico_divina.jpg 768w, http:\/\/www.evostar.org\/2021\/wp-content\/uploads\/2019\/09\/federico_divina-286x300.jpg 286w\" sizes=\"(max-width: 768px) 100vw, 768px\" \/><\/td><\/tr><tr><td>Federico Divina, University Pablo de Olavide, Spain<\/td><\/tr><\/tbody><\/table><\/figure>\n\n\n\n<h3 class=\"wp-block-heading\">EuroGP<\/h3>\n\n\n\n<h4 class=\"wp-block-heading\">24th European Conference on Genetic Programming<\/h4>\n\n\n\n<p><strong>EuroGP&nbsp;programme chairs:<\/strong><\/p>\n\n\n\n<figure class=\"wp-block-table aligncenter is-style-stripes\"><table  class=\" table table-hover\" ><tbody><tr><td><img loading=\"lazy\" decoding=\"async\" width=\"668\" height=\"724\" class=\"wp-image-170\" style=\"width: 150px;\" src=\"http:\/\/www.evostar.org\/2021\/wp-content\/uploads\/2019\/08\/ting_hu.jpg\" alt=\"\" srcset=\"http:\/\/www.evostar.org\/2021\/wp-content\/uploads\/2019\/08\/ting_hu.jpg 668w, http:\/\/www.evostar.org\/2021\/wp-content\/uploads\/2019\/08\/ting_hu-277x300.jpg 277w\" sizes=\"(max-width: 668px) 100vw, 668px\" \/><\/td><td><img decoding=\"async\" class=\"wp-image-157\" style=\"width: 150px;\" src=\"http:\/\/www.evostar.org\/2021\/wp-content\/uploads\/2020\/06\/IMG_1273.jpeg\" alt=\"\"><\/td><\/tr><tr><td>Ting Hu,  Queen&#8217;s University,   Canada <\/td><td>Nuno Louren\u00e7o, University of Coimbra, Portugal<\/td><\/tr><\/tbody><\/table><\/figure>\n\n\n\n<p><strong>EuroGP&nbsp;publication chair:<\/strong><\/p>\n\n\n\n<figure class=\"wp-block-table aligncenter is-style-stripes\"><table  class=\" table table-hover\" ><tbody><tr><td><img loading=\"lazy\" decoding=\"async\" width=\"250\" height=\"250\" class=\"wp-image-126\" style=\"width: 150px;\" src=\"http:\/\/www.evostar.org\/2021\/wp-content\/uploads\/2019\/08\/eric_medvet.jpg\" alt=\"\" srcset=\"http:\/\/www.evostar.org\/2021\/wp-content\/uploads\/2019\/08\/eric_medvet.jpg 250w, http:\/\/www.evostar.org\/2021\/wp-content\/uploads\/2019\/08\/eric_medvet-150x150.jpg 150w, http:\/\/www.evostar.org\/2021\/wp-content\/uploads\/2019\/08\/eric_medvet-60x60.jpg 60w\" sizes=\"(max-width: 250px) 100vw, 250px\" \/><\/td><\/tr><tr><td>Eric Medvet, University Degli Studi di Trieste, Italy<\/td><\/tr><\/tbody><\/table><\/figure>\n\n\n\n<h3 class=\"wp-block-heading\">EvoAPPLICATIONS<\/h3>\n\n\n\n<h4 class=\"wp-block-heading\">24th International Conference on the Applications of Evolutionary Computation<\/h4>\n\n\n\n<p><strong>EvoApplications&nbsp;coordinator:<\/strong><\/p>\n\n\n\n<figure class=\"wp-block-table aligncenter is-style-stripes\"><table  class=\" table table-hover\" ><tbody><tr><td><img loading=\"lazy\" decoding=\"async\" width=\"400\" height=\"560\" class=\"wp-image-162\" style=\"width: 150px;\" src=\"http:\/\/www.evostar.org\/2021\/wp-content\/uploads\/2019\/08\/pedro_castillo.jpg\" alt=\"\" srcset=\"http:\/\/www.evostar.org\/2021\/wp-content\/uploads\/2019\/08\/pedro_castillo.jpg 400w, http:\/\/www.evostar.org\/2021\/wp-content\/uploads\/2019\/08\/pedro_castillo-214x300.jpg 214w\" sizes=\"(max-width: 400px) 100vw, 400px\" \/><\/td><\/tr><tr><td>Pedro Castillo, University of Granada, Spain<\/td><\/tr><\/tbody><\/table><\/figure>\n\n\n\n<p><strong>EvoAPPS&nbsp;publication chair:<\/strong><\/p>\n\n\n\n<figure class=\"wp-block-table aligncenter is-style-stripes\"><table  class=\" table table-hover\" ><tbody><tr><td><img decoding=\"async\" class=\"wp-image-143\" style=\"width: 150px;\" src=\"http:\/\/www.evostar.org\/2021\/wp-content\/uploads\/2019\/08\/juanlu_jimenez-1.jpg\" alt=\"\"><\/td><\/tr><tr><td>Juanlu Jim\u00e9nez-Laredo, Universit\u00e9 du Havre Normandie, France<\/td><\/tr><\/tbody><\/table><\/figure>\n\n\n\n<h3 class=\"wp-block-heading\">EvoCOP<\/h3>\n\n\n\n<h4 class=\"wp-block-heading\">21st European Conference on Evolutionary Computation in Combinatorial Optimisation<\/h4>\n\n\n\n<p><strong>EvoCOP&nbsp;programme chairs:<\/strong><\/p>\n\n\n\n<figure class=\"wp-block-table aligncenter is-style-stripes\"><table  class=\" table table-hover\" ><tbody><tr><td><img decoding=\"async\" src=\"http:\/\/www.evostar.org\/2021\/wp-content\/uploads\/2019\/08\/noimg.png\" alt=\"\" style=\"width: 150px;\"><\/td><td><img decoding=\"async\" src=\"http:\/\/www.evostar.org\/2021\/wp-content\/uploads\/2020\/05\/photoLionec53.jpg\" alt=\"\" style=\"width: 150px;\"><\/td><\/tr><tr><td>Christine Zarges, Aberystwyth University, Wales, UK<\/td><td>S\u00e9bastien Verel, Universit\u00e9 du Littoral C\u00f4te d&#8217;Opale, France<\/td><\/tr><\/tbody><\/table><\/figure>\n\n\n\n<h3 class=\"wp-block-heading\">EvoMUSART<\/h3>\n\n\n\n<h4 class=\"wp-block-heading\">10th International Conference on Computational Intelligence in Music, Sound, Art and Design<\/h4>\n\n\n\n<p><strong>EvoMUSART&nbsp;programme chairs:<\/strong><\/p>\n\n\n\n<figure class=\"wp-block-table aligncenter is-style-stripes\"><table  class=\" table table-hover\" ><tbody><tr><td><img decoding=\"async\" class=\"wp-image-142\" style=\"width: 150px;\" src=\"http:\/\/www.evostar.org\/2021\/wp-content\/uploads\/2019\/08\/juan_romero-1.png\" alt=\"\"><\/td><td><img decoding=\"async\" class=\"wp-image-118\" style=\"width: 150px;\" src=\"http:\/\/www.evostar.org\/2021\/wp-content\/uploads\/2019\/08\/tiago_martins.jpg\" alt=\"\"><\/td><\/tr><tr><td>Juan Romero, University of A Coru\u00f1a, Spain<\/td><td>Tiago Martins, University of Coimbra, Portugal<\/td><\/tr><\/tbody><\/table><\/figure>\n\n\n\n<p><strong>EvoMUSART&nbsp;Publication chair:<\/strong><\/p>\n\n\n\n<figure class=\"wp-block-table aligncenter is-style-stripes\"><table  class=\" table table-hover\" ><tbody><tr><td><img decoding=\"async\" class=\"wp-image-169\" style=\"width: 150px;\" src=\"http:\/\/www.evostar.org\/2021\/wp-content\/uploads\/2020\/05\/0.jpeg\" alt=\"\"><\/td><\/tr><tr><td>Nereida Rodr\u00edguez-Fernandez, University of A Coru\u00f1a, Spain<\/td><\/tr><\/tbody><\/table><\/figure>\n\n\n\n<h3 class=\"wp-block-heading\">Late-Breaking Abstracts Chair<\/h3>\n\n\n\n<figure class=\"wp-block-table aligncenter is-style-stripes\"><table  class=\" table table-hover\" ><tbody><tr><td><img decoding=\"async\" class=\"wp-image-140\" style=\"width: 150px;\" src=\"http:\/\/www.evostar.org\/2021\/wp-content\/uploads\/2019\/08\/antonio_mora.jpg\" alt=\"\"><\/td><\/tr><tr><td>Antonio M. Mora, University of Granada, Spain<\/td><\/tr><\/tbody><\/table><\/figure>\n\n\n\n<h3 class=\"wp-block-heading\">EvoStar&nbsp;2021 publicity chair<\/h3>\n\n\n\n<figure class=\"wp-block-table aligncenter is-style-stripes\"><table  class=\" table table-hover\" ><tbody><tr><td><img loading=\"lazy\" decoding=\"async\" width=\"698\" height=\"842\" class=\"wp-image-140\" style=\"width: 150px;\" src=\"http:\/\/www.evostar.org\/2021\/wp-content\/uploads\/2019\/08\/joao_correia.png\" alt=\"\" srcset=\"http:\/\/www.evostar.org\/2021\/wp-content\/uploads\/2019\/08\/joao_correia.png 698w, http:\/\/www.evostar.org\/2021\/wp-content\/uploads\/2019\/08\/joao_correia-249x300.png 249w\" sizes=\"(max-width: 698px) 100vw, 698px\" \/><\/td><\/tr><tr><td>Jo\u00e3o Correia, University of Coimbra, Portugal<\/td><\/tr><\/tbody><\/table><\/figure>\n\n\n\n<h3 class=\"wp-block-heading\">EvoStar&nbsp;2021 Graphic Identity Team<\/h3>\n\n\n\n<figure class=\"wp-block-table aligncenter is-style-stripes\"><table  class=\" table table-hover\" ><tbody><tr><td><figure><img decoding=\"async\" class=\"wp-image-157\" style=\"width: 150px;\" src=\"http:\/\/www.evostar.org\/2021\/wp-content\/uploads\/2020\/02\/sergio_rebelo.jpg\" alt=\"\"><\/figure><\/td><td><figure><img loading=\"lazy\" decoding=\"async\" width=\"698\" height=\"842\" class=\"wp-image-140\" style=\"width: 150px;\" src=\"http:\/\/www.evostar.org\/2021\/wp-content\/uploads\/2019\/08\/joao_correia.png\" alt=\"\" srcset=\"http:\/\/www.evostar.org\/2021\/wp-content\/uploads\/2019\/08\/joao_correia.png 698w, http:\/\/www.evostar.org\/2021\/wp-content\/uploads\/2019\/08\/joao_correia-249x300.png 249w\" sizes=\"(max-width: 698px) 100vw, 698px\" \/><\/figure><\/td><\/tr><tr><td>S\u00e9rgio Rebelo, University of Coimbra, Portugal<\/td><td>Jo\u00e3o Correia, University of Coimbra, Portugal<\/td><\/tr><tr><td><figure><img loading=\"lazy\" decoding=\"async\" width=\"512\" height=\"512\" class=\"wp-image-169\" style=\"width: 150px;\" src=\"http:\/\/www.evostar.org\/2021\/wp-content\/uploads\/2019\/08\/tiago_martins.jpg\" alt=\"\" srcset=\"http:\/\/www.evostar.org\/2021\/wp-content\/uploads\/2019\/08\/tiago_martins.jpg 512w, http:\/\/www.evostar.org\/2021\/wp-content\/uploads\/2019\/08\/tiago_martins-150x150.jpg 150w, http:\/\/www.evostar.org\/2021\/wp-content\/uploads\/2019\/08\/tiago_martins-300x300.jpg 300w, http:\/\/www.evostar.org\/2021\/wp-content\/uploads\/2019\/08\/tiago_martins-60x60.jpg 60w\" sizes=\"(max-width: 512px) 100vw, 512px\" \/><\/figure><\/td><td><\/td><\/tr><tr><td>Tiago Martins, University of Coimbra, Portugal<\/td><td><\/td><\/tr><\/tbody><\/table><\/figure>\n\n\n\n<h3 class=\"wp-block-heading\">EvoStar&nbsp;2021 Submission System coordinator<\/h3>\n\n\n\n<figure class=\"wp-block-table aligncenter is-style-stripes\"><table  class=\" table table-hover\" ><tbody><tr><td><figure><img loading=\"lazy\" decoding=\"async\" width=\"375\" height=\"500\" class=\"wp-image-157\" style=\"width: 150px;\" src=\"http:\/\/www.evostar.org\/2021\/wp-content\/uploads\/2019\/08\/nuno_lourenco.jpg\" alt=\"\" srcset=\"http:\/\/www.evostar.org\/2021\/wp-content\/uploads\/2019\/08\/nuno_lourenco.jpg 375w, http:\/\/www.evostar.org\/2021\/wp-content\/uploads\/2019\/08\/nuno_lourenco-225x300.jpg 225w\" sizes=\"(max-width: 375px) 100vw, 375px\" \/><\/figure><\/td><\/tr><tr><td>Nuno Louren\u00e7o, University of Coimbra, Portugal<\/td><\/tr><\/tbody><\/table><\/figure>\n\n\n\n<h3 class=\"wp-block-heading\">Web Person<\/h3>\n\n\n\n<figure class=\"wp-block-table aligncenter is-style-stripes\"><table  class=\" table table-hover\" ><tbody><tr><td><figure><img decoding=\"async\" class=\"wp-image-157\" style=\"width: 150px;\" src=\"http:\/\/www.evostar.org\/2021\/wp-content\/uploads\/2019\/08\/jose_francisco_chicano.jpg\" alt=\"\"><\/figure><\/td><\/tr><tr><td>Francisco Chicano, University of Malaga, Spain<\/td><\/tr><\/tbody><\/table><\/figure>\n\n\n\n<h3 class=\"wp-block-heading\">Multimedia<\/h3>\n\n\n\n<figure class=\"wp-block-table aligncenter is-style-stripes\"><table  class=\" table table-hover\" ><tbody><tr><td><figure><img decoding=\"async\" class=\"wp-image-157\" style=\"width: 150px;\" src=\"http:\/\/www.evostar.org\/2021\/wp-content\/uploads\/2019\/08\/ignacio_hidalgo.jpg\" alt=\"\"><\/figure><\/td><\/tr><tr><td>Ignacio Hidalgo, Universidad Complutense de Madrid, Spain<\/td><\/tr><\/tbody><\/table><\/figure>\n\n\n\n<h3 class=\"wp-block-heading\">EvoStar&nbsp;coordinator<\/h3>\n\n\n\n<figure class=\"wp-block-table aligncenter is-style-stripes\"><table  class=\" table table-hover\" ><tbody><tr><td><img loading=\"lazy\" decoding=\"async\" width=\"392\" height=\"640\" class=\"wp-image-120\" style=\"width: 150px;\" src=\"http:\/\/www.evostar.org\/2021\/wp-content\/uploads\/2019\/08\/anna_esparcia2.jpg\" alt=\"\" srcset=\"http:\/\/www.evostar.org\/2021\/wp-content\/uploads\/2019\/08\/anna_esparcia2.jpg 392w, http:\/\/www.evostar.org\/2021\/wp-content\/uploads\/2019\/08\/anna_esparcia2-184x300.jpg 184w\" sizes=\"(max-width: 392px) 100vw, 392px\" \/><\/td><\/tr><tr><td>Anna Esparcia-Alc\u00e1zar, Universitat Polit\u00e8cnica de Val\u00e8ncia, Spain<\/td><\/tr><\/tbody><\/table><\/figure>\n\n\n\n<h3 class=\"wp-block-heading\">SPECIES EXECUTIVE BOARD<\/h3>\n\n\n\n<figure class=\"wp-block-table aligncenter is-style-stripes\"><table  class=\" table table-hover\" ><tbody><tr><td><img loading=\"lazy\" decoding=\"async\" width=\"476\" height=\"640\" class=\"wp-image-152\" style=\"width: 150px;\" src=\"http:\/\/www.evostar.org\/2021\/wp-content\/uploads\/2019\/08\/marc_schoenauer.jpg\" alt=\"\" srcset=\"http:\/\/www.evostar.org\/2021\/wp-content\/uploads\/2019\/08\/marc_schoenauer.jpg 476w, http:\/\/www.evostar.org\/2021\/wp-content\/uploads\/2019\/08\/marc_schoenauer-223x300.jpg 223w\" sizes=\"(max-width: 476px) 100vw, 476px\" \/><\/td><td><img loading=\"lazy\" decoding=\"async\" width=\"392\" height=\"640\" class=\"wp-image-120\" style=\"width: 150px;\" src=\"http:\/\/www.evostar.org\/2021\/wp-content\/uploads\/2019\/08\/anna_esparcia2.jpg\" alt=\"\" srcset=\"http:\/\/www.evostar.org\/2021\/wp-content\/uploads\/2019\/08\/anna_esparcia2.jpg 392w, http:\/\/www.evostar.org\/2021\/wp-content\/uploads\/2019\/08\/anna_esparcia2-184x300.jpg 184w\" sizes=\"(max-width: 392px) 100vw, 392px\" \/><\/td><\/tr><tr><td>Marc Schoenauer,&nbsp;INRIA, France, marc.schoenauer (at) inria.fr<\/td><td>Anna Esparcia,&nbsp;Universitat Polit\u00e8cnica de Val\u00e8ncia, Spain, aesparcia (at) ieee.org<\/td><\/tr><tr><td><img loading=\"lazy\" decoding=\"async\" width=\"481\" height=\"633\" class=\"wp-image-171\" style=\"width: 150px;\" src=\"http:\/\/www.evostar.org\/2021\/wp-content\/uploads\/2019\/08\/wolfgang_banzhaf.jpg\" alt=\"\" srcset=\"http:\/\/www.evostar.org\/2021\/wp-content\/uploads\/2019\/08\/wolfgang_banzhaf.jpg 481w, http:\/\/www.evostar.org\/2021\/wp-content\/uploads\/2019\/08\/wolfgang_banzhaf-228x300.jpg 228w\" sizes=\"(max-width: 481px) 100vw, 481px\" \/><\/td><td><img loading=\"lazy\" decoding=\"async\" width=\"480\" height=\"507\" class=\"wp-image-135\" style=\"width: 150px;\" src=\"http:\/\/www.evostar.org\/2021\/wp-content\/uploads\/2019\/08\/ignacio_hidalgo.jpg\" alt=\"\" srcset=\"http:\/\/www.evostar.org\/2021\/wp-content\/uploads\/2019\/08\/ignacio_hidalgo.jpg 480w, http:\/\/www.evostar.org\/2021\/wp-content\/uploads\/2019\/08\/ignacio_hidalgo-284x300.jpg 284w\" sizes=\"(max-width: 480px) 100vw, 480px\" \/><\/td><\/tr><tr><td>Wolfgang Banzhaf, Michigan State University, USA, banzhafw (at) cse.msu.edu<\/td><td>Ignacio Hidalgo, Universidad Complutense de Madrid, Spain, hidalgo (at) ucm.es<\/td><\/tr><tr><td><img loading=\"lazy\" decoding=\"async\" width=\"133\" height=\"150\" class=\"wp-image-132\" style=\"width: 133px;\" src=\"http:\/\/www.evostar.org\/2021\/wp-content\/uploads\/2019\/08\/gabriela_ochoa.jpg\" alt=\"\"><\/td><td><img loading=\"lazy\" decoding=\"async\" width=\"750\" height=\"1006\" class=\"wp-image-163\" style=\"width: 150px;\" src=\"http:\/\/www.evostar.org\/2021\/wp-content\/uploads\/2019\/08\/penousal_machado.jpg\" alt=\"\" srcset=\"http:\/\/www.evostar.org\/2021\/wp-content\/uploads\/2019\/08\/penousal_machado.jpg 750w, http:\/\/www.evostar.org\/2021\/wp-content\/uploads\/2019\/08\/penousal_machado-224x300.jpg 224w\" sizes=\"(max-width: 750px) 100vw, 750px\" \/><\/td><\/tr><tr><td>Gabriela Ochoa,&nbsp;University of Stirling, Scotland, UK, goc (at) cs.stir.ac.uk<\/td><td>Penousal Machado, University of Coimbra, Portugal, machado (at) dei.uc.pt<\/td><\/tr><tr><td><img loading=\"lazy\" decoding=\"async\" width=\"472\" height=\"640\" class=\"wp-image-155\" style=\"width: 150px;\" src=\"http:\/\/www.evostar.org\/2021\/wp-content\/uploads\/2019\/08\/neil_urquhart.jpg\" alt=\"\" srcset=\"http:\/\/www.evostar.org\/2021\/wp-content\/uploads\/2019\/08\/neil_urquhart.jpg 472w, http:\/\/www.evostar.org\/2021\/wp-content\/uploads\/2019\/08\/neil_urquhart-221x300.jpg 221w\" sizes=\"(max-width: 472px) 100vw, 472px\" \/><\/td><td><img decoding=\"async\" src=\"http:\/\/www.evostar.org\/2021\/wp-content\/uploads\/2019\/08\/giovanni_squillero.jpg\" alt=\"\" style=\"width: 150px;\"><\/td><\/tr><tr><td>Neil Urquhart,&nbsp;Edinburgh Napier University, UK, n.urquhart (at) napier.ac.uk<\/td><td>Giovanni Squillero, Politecnico di Torino, Italy, giovanni.squillero (at) polito.it&nbsp;<\/td><\/tr><tr><td><img decoding=\"async\" src=\"http:\/\/www.evostar.org\/2021\/wp-content\/uploads\/2019\/08\/stefano_cagnoni.jpg\" alt=\"\" style=\"width: 150px;\"><\/td><td><img decoding=\"async\" src=\"http:\/\/www.evostar.org\/2021\/wp-content\/uploads\/2019\/08\/sara_silva-1.jpg\" alt=\"\" style=\"width: 150px;\"><\/td><\/tr><tr><td>Stefano Cagnoni, University of Parma, Italy, stefano.cagnoni (at) unipr.it<\/td><td>Sara Silva,&nbsp;University of Lisboa, Portugal, sara (at) fc.ul.pt<\/td><\/tr><tr><td><img decoding=\"async\" src=\"http:\/\/www.evostar.org\/2021\/wp-content\/uploads\/2019\/08\/nuno_lourenco.jpg\" alt=\"\" style=\"width: 150px;\"><\/td><td><img decoding=\"async\" src=\"http:\/\/www.evostar.org\/2021\/wp-content\/uploads\/2019\/08\/francesco_fontanella.jpg\" alt=\"\" style=\"width: 150px;\"><\/td><\/tr><tr><td>Nuno Louren\u00e7o,&nbsp;University of Coimbra, Portugal, naml (at) dei.uc.pt<\/td><td>Francesco Fontanella,&nbsp;University of Cassino and Lazio Meridionale, Italy, fontanella (at) unicas.it<\/td><\/tr><tr><td><img loading=\"lazy\" decoding=\"async\" width=\"300\" height=\"308\" class=\"wp-image-156\" style=\"width: 150px;\" src=\"http:\/\/www.evostar.org\/2021\/wp-content\/uploads\/2019\/08\/noimg.png\" alt=\"\" srcset=\"http:\/\/www.evostar.org\/2021\/wp-content\/uploads\/2019\/08\/noimg.png 300w, http:\/\/www.evostar.org\/2021\/wp-content\/uploads\/2019\/08\/noimg-292x300.png 292w\" sizes=\"(max-width: 300px) 100vw, 300px\" \/><\/td><td><\/td><\/tr><tr><td>Mario Giacobini, University of Torino, Italy, mario.giacobini(at)unito.it<\/td><\/tr><\/tbody><\/table><\/figure>\n","protected":false},"excerpt":{"rendered":"<p>EvoStar&nbsp;2021 local chair Federico Divina, University Pablo de Olavide, Spain EuroGP 24th European Conference on Genetic Programming EuroGP&nbsp;programme chairs: Ting Hu, Queen&#8217;s University, Canada Nuno Louren\u00e7o, University of Coimbra, Portugal EuroGP&nbsp;publication chair: Eric Medvet, University Degli Studi di Trieste, Italy EvoAPPLICATIONS 24th International Conference on the Applications of Evolutionary Computation EvoApplications&nbsp;coordinator: Pedro Castillo, University of [&hellip;]<\/p>\n","protected":false},"author":1,"featured_media":0,"parent":0,"menu_order":0,"comment_status":"closed","ping_status":"closed","template":"","meta":{"footnotes":""},"_links":{"self":[{"href":"http:\/\/www.evostar.org\/2021\/wp-json\/wp\/v2\/pages\/70"}],"collection":[{"href":"http:\/\/www.evostar.org\/2021\/wp-json\/wp\/v2\/pages"}],"about":[{"href":"http:\/\/www.evostar.org\/2021\/wp-json\/wp\/v2\/types\/page"}],"author":[{"embeddable":true,"href":"http:\/\/www.evostar.org\/2021\/wp-json\/wp\/v2\/users\/1"}],"replies":[{"embeddable":true,"href":"http:\/\/www.evostar.org\/2021\/wp-json\/wp\/v2\/comments?post=70"}],"version-history":[{"count":39,"href":"http:\/\/www.evostar.org\/2021\/wp-json\/wp\/v2\/pages\/70\/revisions"}],"predecessor-version":[{"id":1957,"href":"http:\/\/www.evostar.org\/2021\/wp-json\/wp\/v2\/pages\/70\/revisions\/1957"}],"wp:attachment":[{"href":"http:\/\/www.evostar.org\/2021\/wp-json\/wp\/v2\/media?parent=70"}],"curies":[{"name":"wp","href":"https:\/\/api.w.org\/{rel}","templated":true}]}}