{"id":950,"date":"2020-02-28T22:42:31","date_gmt":"2020-02-28T21:42:31","guid":{"rendered":"http:\/\/www.evostar.org\/2020\/?page_id=950"},"modified":"2021-03-08T18:03:20","modified_gmt":"2021-03-08T17:03:20","slug":"evocop-accepted-papers","status":"publish","type":"page","link":"http:\/\/www.evostar.org\/2021\/evocop-accepted-papers\/","title":{"rendered":"EvoCOP Accepted Papers"},"content":{"rendered":"\n<ul><li>A Novel Ant Colony Optimization Strategy for the Quantum Circuit Compilation Problem<br><em>Marco Baioletti, Riccardo Rasconi and Angelo Oddi<\/em><\/li><li>Hybridization of Racing Methods with Evolutionary Operators for Simulation Optimization of Traffic Lights Programs<br><em>Christian Cintrano, Javier Ferrer, Manuel L\u00f3pez-Ib\u00e1\u00f1ez and Enrique Alba<\/em><\/li><li>Decomposition-based Multi-objective Landscape Features and Automated Algorithm Selection<br><em>Rapha\u00ebl Cosson, Bilel Derbel, Arnaud Liefooghe, Hern\u00e1n Aguirre, Qingfu Zhang and Kiyoshi Tanaka<\/em><\/li><li>MATE; A Model-based Algorithm Tuning Engine<br><em>Mohamed El Yafrani, Marcella Scoczynski, Inkyung Sung, Markus Wagner, Carola Doerr and Peter Nielsen<\/em><\/li><li>An Improvement Heuristic Based on Variable Neighborhood Search for a Dynamic Orienteering Problem<br><em>Hoang Thanh Le, Martin Middendorf and Yuhui Shi<\/em><\/li><li>Runtime analysis of the (mu+1)-EA on the Dynamic BinVal function<br><em>Johannes Lengler and Simone Riedi<\/em><\/li><li>Tabu-driven Quantum Neighborhood Samplers<br><em>Charles Moussa, Hao Wang, Henri Calandra, Thomas B\u00e4ck and Vedran Dunjko<\/em><\/li><li>On Hybrid Heuristics for Steiner Trees on the Plane with Obstacles<br><em>Victor Parque<\/em><\/li><li>Flowshop NEH-based Heuristic Recommendation<br><em>Lucas M. Pavelski, Myriam Delgado and Marie-\u00c9l\u00e9onore Kessaci<\/em><\/li><li>Stagnation Detection with Randomized Local Search<br><em>Amirhossein Rajabi and Carsten Witt<\/em><\/li><li>An Artificial Immune System for Black Box Test Case Selection<br><em>Lukas Rosenbauer, Anthony Stein and J\u00f6rg H\u00e4hner<\/em><\/li><li>Symmetry Breaking for Voting Mechanisms<br><em>Preethi Sankineni and Andrew Sutton<\/em><\/li><li>A Heuristic Algorithm for School Bus Routing with Bus Stop Selection<br><em>Monique Sciortino, Rhyd Lewis and Jonathan Thompson<\/em><\/li><li>Hybrid Heuristic and Metaheuristic for Solving Electric Vehicle Charging Scheduling Problem<br><em>Imene Zaidi, Ammar Oulamara, Lhassane Idoumghar and Michel Basset<\/em><\/li><\/ul>\n","protected":false},"excerpt":{"rendered":"<p>A Novel Ant Colony Optimization Strategy for the Quantum Circuit Compilation ProblemMarco Baioletti, Riccardo Rasconi and Angelo Oddi Hybridization of Racing Methods with Evolutionary Operators for Simulation Optimization of Traffic Lights ProgramsChristian Cintrano, Javier Ferrer, Manuel L\u00f3pez-Ib\u00e1\u00f1ez and Enrique Alba Decomposition-based Multi-objective Landscape Features and Automated Algorithm SelectionRapha\u00ebl Cosson, Bilel Derbel, Arnaud Liefooghe, Hern\u00e1n Aguirre, [&hellip;]<\/p>\n","protected":false},"author":4,"featured_media":0,"parent":0,"menu_order":0,"comment_status":"closed","ping_status":"closed","template":"","meta":{"footnotes":""},"_links":{"self":[{"href":"http:\/\/www.evostar.org\/2021\/wp-json\/wp\/v2\/pages\/950"}],"collection":[{"href":"http:\/\/www.evostar.org\/2021\/wp-json\/wp\/v2\/pages"}],"about":[{"href":"http:\/\/www.evostar.org\/2021\/wp-json\/wp\/v2\/types\/page"}],"author":[{"embeddable":true,"href":"http:\/\/www.evostar.org\/2021\/wp-json\/wp\/v2\/users\/4"}],"replies":[{"embeddable":true,"href":"http:\/\/www.evostar.org\/2021\/wp-json\/wp\/v2\/comments?post=950"}],"version-history":[{"count":8,"href":"http:\/\/www.evostar.org\/2021\/wp-json\/wp\/v2\/pages\/950\/revisions"}],"predecessor-version":[{"id":1766,"href":"http:\/\/www.evostar.org\/2021\/wp-json\/wp\/v2\/pages\/950\/revisions\/1766"}],"wp:attachment":[{"href":"http:\/\/www.evostar.org\/2021\/wp-json\/wp\/v2\/media?parent=950"}],"curies":[{"name":"wp","href":"https:\/\/api.w.org\/{rel}","templated":true}]}}