{"id":952,"date":"2020-02-28T22:43:03","date_gmt":"2020-02-28T21:43:03","guid":{"rendered":"http:\/\/www.evostar.org\/2020\/?page_id=952"},"modified":"2021-03-09T12:41:34","modified_gmt":"2021-03-09T11:41:34","slug":"evocop-best-paper-nominees","status":"publish","type":"page","link":"http:\/\/www.evostar.org\/2021\/evocop-best-paper-nominees\/","title":{"rendered":"EvoCOP Best Paper Nominees"},"content":{"rendered":"\n<ul><li>Hybridization of Racing Methods with Evolutionary Operators for Simulation Optimization of Traffic Lights Programs<br><em>Christian Cintrano, Javier Ferrer, Manuel L\u00f3pez-Ib\u00e1\u00f1ez and Enrique Alba<\/em><\/li><li>Decomposition-based Multi-objective Landscape Features and Automated Algorithm Selection<br><em>Rapha\u00ebl Cosson, Bilel Derbel, Arnaud Liefooghe, Hern\u00e1n Aguirre, Qingfu Zhang and Kiyoshi Tanaka<\/em><\/li><li>Stagnation Detection with Randomized Local Search<br><em>Amirhossein Rajabi and Carsten Witt<\/em><\/li><li>Symmetry Breaking for Voting Mechanisms<br><em>Preethi Sankineni and Andrew Sutton<\/em><\/li><\/ul>\n\n\n\n<p><\/p>\n","protected":false},"excerpt":{"rendered":"<p>Hybridization of Racing Methods with Evolutionary Operators for Simulation Optimization of Traffic Lights ProgramsChristian Cintrano, Javier Ferrer, Manuel L\u00f3pez-Ib\u00e1\u00f1ez and Enrique Alba Decomposition-based Multi-objective Landscape Features and Automated Algorithm SelectionRapha\u00ebl Cosson, Bilel Derbel, Arnaud Liefooghe, Hern\u00e1n Aguirre, Qingfu Zhang and Kiyoshi Tanaka Stagnation Detection with Randomized Local SearchAmirhossein Rajabi and Carsten Witt Symmetry Breaking for [&hellip;]<\/p>\n","protected":false},"author":4,"featured_media":0,"parent":0,"menu_order":0,"comment_status":"closed","ping_status":"closed","template":"","meta":{"footnotes":""},"_links":{"self":[{"href":"http:\/\/www.evostar.org\/2021\/wp-json\/wp\/v2\/pages\/952"}],"collection":[{"href":"http:\/\/www.evostar.org\/2021\/wp-json\/wp\/v2\/pages"}],"about":[{"href":"http:\/\/www.evostar.org\/2021\/wp-json\/wp\/v2\/types\/page"}],"author":[{"embeddable":true,"href":"http:\/\/www.evostar.org\/2021\/wp-json\/wp\/v2\/users\/4"}],"replies":[{"embeddable":true,"href":"http:\/\/www.evostar.org\/2021\/wp-json\/wp\/v2\/comments?post=952"}],"version-history":[{"count":6,"href":"http:\/\/www.evostar.org\/2021\/wp-json\/wp\/v2\/pages\/952\/revisions"}],"predecessor-version":[{"id":1785,"href":"http:\/\/www.evostar.org\/2021\/wp-json\/wp\/v2\/pages\/952\/revisions\/1785"}],"wp:attachment":[{"href":"http:\/\/www.evostar.org\/2021\/wp-json\/wp\/v2\/media?parent=952"}],"curies":[{"name":"wp","href":"https:\/\/api.w.org\/{rel}","templated":true}]}}