{"id":979,"date":"2020-02-28T23:06:31","date_gmt":"2020-02-28T22:06:31","guid":{"rendered":"http:\/\/www.evostar.org\/2020\/?page_id=979"},"modified":"2021-04-01T10:18:34","modified_gmt":"2021-04-01T08:18:34","slug":"outstanding-students-of-2021","status":"publish","type":"page","link":"http:\/\/www.evostar.org\/2021\/outstanding-students-of-2021\/","title":{"rendered":"Outstanding Students of 2021"},"content":{"rendered":"\n<p>In EvoStar 2021 we want to recognise the good work of our students, who represent the future of our community.&nbsp;<\/p>\n\n\n\n<p>We selected papers that had obtained an overall review score greater than or equal to 2 or that had been nominated for a Best Paper Award, and whose main contributor was a student. Following these rules we came up with our list of Outstanding Students:<\/p>\n\n\n\n<ul><li>Aidan Murphy<\/li><li>Ailin Chen<\/li><li>Allison Lahnala<\/li><li>Amirhossein Rajabi<\/li><li>Andreea Avramescu<\/li><li>Anja Jankovic<\/li><li>Christian Cintrano<\/li><li>Gonzalo Carazo-Barbero<\/li><li>Jamie Caldwell<\/li><li>Michal Pi\u0148os<\/li><li>Miguel \u00c1ngel Dom\u00ednguez R\u00edos<\/li><li>N\u00e1dia Carvalho<\/li><li>Quentin Renau<\/li><li>Rapha\u00ebl Cosson<\/li><li>Ricardo Henrique Remes de Lima<\/li><li>Ruba Abu Khurma<\/li><li>Stefano Sarti<\/li><li>Tiago Sousa<\/li><li>Zimeng Lyu<\/li><li>Zongyu Yin<\/li><\/ul>\n\n\n\n<p>To these we have added those who were students at the time of carrying out the work for their paper, but have since graduated. They are:<\/p>\n\n\n\n<ul><li>Alejandro Romero<\/li><li>Erlend Gjesteland Ekern<\/li><li>Francisco Braga<\/li><\/ul>\n\n\n\n<p>Congratulations to all of them!<\/p>\n","protected":false},"excerpt":{"rendered":"<p>In EvoStar 2021 we want to recognise the good work of our students, who represent the future of our community.&nbsp; We selected papers that had obtained an overall review score greater than or equal to 2 or that had been nominated for a Best Paper Award, and whose main contributor was a student. Following these [&hellip;]<\/p>\n","protected":false},"author":15,"featured_media":0,"parent":0,"menu_order":0,"comment_status":"closed","ping_status":"closed","template":"","meta":{"footnotes":""},"_links":{"self":[{"href":"http:\/\/www.evostar.org\/2021\/wp-json\/wp\/v2\/pages\/979"}],"collection":[{"href":"http:\/\/www.evostar.org\/2021\/wp-json\/wp\/v2\/pages"}],"about":[{"href":"http:\/\/www.evostar.org\/2021\/wp-json\/wp\/v2\/types\/page"}],"author":[{"embeddable":true,"href":"http:\/\/www.evostar.org\/2021\/wp-json\/wp\/v2\/users\/15"}],"replies":[{"embeddable":true,"href":"http:\/\/www.evostar.org\/2021\/wp-json\/wp\/v2\/comments?post=979"}],"version-history":[{"count":16,"href":"http:\/\/www.evostar.org\/2021\/wp-json\/wp\/v2\/pages\/979\/revisions"}],"predecessor-version":[{"id":1886,"href":"http:\/\/www.evostar.org\/2021\/wp-json\/wp\/v2\/pages\/979\/revisions\/1886"}],"wp:attachment":[{"href":"http:\/\/www.evostar.org\/2021\/wp-json\/wp\/v2\/media?parent=979"}],"curies":[{"name":"wp","href":"https:\/\/api.w.org\/{rel}","templated":true}]}}