{"id":70,"date":"2019-06-06T01:50:57","date_gmt":"2019-06-05T23:50:57","guid":{"rendered":"http:\/\/localhost:8080\/?page_id=70"},"modified":"2022-09-06T06:52:35","modified_gmt":"2022-09-06T04:52:35","slug":"organizers","status":"publish","type":"page","link":"http:\/\/www.evostar.org\/2022\/organizers\/","title":{"rendered":"Organizers"},"content":{"rendered":"\n<h3 class=\"wp-block-heading\">EvoStar&nbsp;2022 local chairs<\/h3>\n\n\n\n<figure class=\"wp-block-table aligncenter is-style-stripes\"><table  class=\" table table-hover\" ><tbody><tr><td><img decoding=\"async\" class=\"wp-image-1680\" style=\"width: 200px;\" src=\"http:\/\/www.evostar.org\/2022\/wp-content\/uploads\/2019\/08\/ignacio_hidalgo.jpg\" alt=\"\"><\/td><\/tr><tr><td>I\u00f1aki Hidalgo, Universidad Complutense Madrid, Spain<\/td><\/tr><\/tbody><\/table><\/figure>\n\n\n\n<h3 class=\"wp-block-heading\">EuroGP<\/h3>\n\n\n\n<h4 class=\"wp-block-heading\">25th European Conference on Genetic Programming<\/h4>\n\n\n\n<p><strong>EuroGP&nbsp;programme chairs:<\/strong><\/p>\n\n\n\n<figure class=\"wp-block-table aligncenter is-style-stripes\"><table  class=\" table table-hover\" ><tbody><tr><td><img decoding=\"async\" class=\"wp-image-126\" style=\"width: 130px;\" src=\"http:\/\/www.evostar.org\/2022\/wp-content\/uploads\/2021\/09\/me-colored_huf3ab8874b9cfeda8ff28a0f10519f52d_1208094_0x300_resize_q75_box.jpg\" alt=\"\"><\/td><td><img loading=\"lazy\" decoding=\"async\" width=\"147\" height=\"180\" class=\"wp-image-1407\" style=\"width: 150px;\" src=\"http:\/\/www.evostar.org\/2022\/wp-content\/uploads\/2021\/05\/B44B1203-27BC-483A-8561-56B53E48415E.jpeg\" alt=\"\"><\/td><\/tr><tr><td>Eric Medvet, University Degli Studi di Trieste, Italy<\/td><td>Gisele Pappa, Universidade Federal de Minas Gerais, Brazil<\/td><\/tr><\/tbody><\/table><\/figure>\n\n\n\n<p><strong>EuroGP&nbsp;publication chair:<\/strong><\/p>\n\n\n\n<figure class=\"wp-block-table aligncenter is-style-stripes\"><table  class=\" table table-hover\" ><tbody><tr><td><img loading=\"lazy\" decoding=\"async\" width=\"498\" height=\"640\" class=\"wp-image-1408\" style=\"width: 150px;\" src=\"http:\/\/www.evostar.org\/2022\/wp-content\/uploads\/2021\/05\/48697F11-616E-4008-8C96-64AF82B23B25.jpeg\" alt=\"\" srcset=\"http:\/\/www.evostar.org\/2022\/wp-content\/uploads\/2021\/05\/48697F11-616E-4008-8C96-64AF82B23B25.jpeg 498w, http:\/\/www.evostar.org\/2022\/wp-content\/uploads\/2021\/05\/48697F11-616E-4008-8C96-64AF82B23B25-233x300.jpeg 233w\" sizes=\"(max-width: 498px) 100vw, 498px\" \/><\/td><\/tr><tr><td>Bing Xue, Victoria University of Wellington, New Zealand<\/td><\/tr><\/tbody><\/table><\/figure>\n\n\n\n<h3 class=\"wp-block-heading\">EvoAPPLICATIONS<\/h3>\n\n\n\n<h4 class=\"wp-block-heading\">25th International Conference on the Applications of Evolutionary Computation<\/h4>\n\n\n\n<p><strong>EvoApplications&nbsp;Chair:<\/strong><\/p>\n\n\n\n<figure class=\"wp-block-table aligncenter is-style-stripes\"><table  class=\" table table-hover\" ><tbody><tr><td><img decoding=\"async\" class=\"wp-image-156\" style=\"width: 150px;\" src=\"http:\/\/www.evostar.org\/2022\/wp-content\/uploads\/2019\/08\/juanlu_jimenez.jpg\" alt=\"\"><\/td><\/tr><tr><td>Juan Luis Jim\u00e9nez Laredo, Universit\u00e9 La Havre Normandie, France<\/td><\/tr><\/tbody><\/table><\/figure>\n\n\n\n<p><strong>EvoApplications Co-chair:<\/strong><\/p>\n\n\n\n<figure class=\"wp-block-table aligncenter is-style-stripes\"><table  class=\" table table-hover\" ><tbody><tr><td><img decoding=\"async\" class=\"wp-image-156\" style=\"width: 150px;\" src=\"http:\/\/www.evostar.org\/2022\/wp-content\/uploads\/2019\/08\/ignacio_hidalgo.jpg\" alt=\"\"><\/td><\/tr><tr><td>I\u00f1aki Hidalgo, Universidad Complutense Madrid, Spain<\/td><\/tr><\/tbody><\/table><\/figure>\n\n\n\n<p><strong>EvoApplications&nbsp;Publication Chair:<\/strong><\/p>\n\n\n\n<figure class=\"wp-block-table aligncenter is-style-stripes\"><table  class=\" table table-hover\" ><tbody><tr><td><img decoding=\"async\" class=\"wp-image-156\" style=\"width: 150px;\" src=\"http:\/\/www.evostar.org\/2022\/wp-content\/uploads\/2021\/07\/File-965427.jpg\" alt=\"\"><\/td><\/tr><tr><td>Kehinde O. Babaagba, Edinburgh Napier University, UK<\/td><\/tr><\/tbody><\/table><\/figure>\n\n\n\n<h3 class=\"wp-block-heading\">EvoCOP<\/h3>\n\n\n\n<h4 class=\"wp-block-heading\">22nd European Conference on Evolutionary Computation in Combinatorial Optimisation<\/h4>\n\n\n\n<p><strong>EvoCOP&nbsp;programme chairs:<\/strong><\/p>\n\n\n\n<figure class=\"wp-block-table aligncenter is-style-stripes\"><table  class=\" table table-hover\" ><tbody><tr><td><img decoding=\"async\" class=\"wp-image-147\" style=\"width: 150px;\" src=\"http:\/\/www.evostar.org\/2022\/wp-content\/uploads\/2021\/05\/photoLionec53.jpg\" alt=\"\"><\/td><td><img decoding=\"async\" class=\"wp-image-156\" style=\"width: 150px;\" src=\"http:\/\/www.evostar.org\/2022\/wp-content\/uploads\/2021\/07\/Leslie-perez.png\" alt=\"\"><\/td><\/tr><tr><td>S\u00e9bastien Verel, Universit\u00e9 du Littoral C\u00f4te d\u2019Opale, France<\/td><td>Leslie P\u00e9rez-C\u00e1ceres, Pontificia Universidad Cat\u00f3lica de Valpara\u00edso, Chile<\/td><\/tr><\/tbody><\/table><\/figure>\n\n\n\n<h3 class=\"wp-block-heading\">EvoMUSART<\/h3>\n\n\n\n<h4 class=\"wp-block-heading\">11th International Conference on Computational Intelligence in Music, Sound, Art and Design<\/h4>\n\n\n\n<p><strong>EvoMUSART&nbsp;programme chairs:<\/strong><\/p>\n\n\n\n<figure class=\"wp-block-table aligncenter is-style-stripes\"><table  class=\" table table-hover\" ><tbody><tr><td><img loading=\"lazy\" decoding=\"async\" width=\"512\" height=\"512\" class=\"wp-image-169\" style=\"width: 150px;\" src=\"http:\/\/www.evostar.org\/2022\/wp-content\/uploads\/2019\/08\/tiago_martins.jpg\" alt=\"\" srcset=\"http:\/\/www.evostar.org\/2022\/wp-content\/uploads\/2019\/08\/tiago_martins.jpg 512w, http:\/\/www.evostar.org\/2022\/wp-content\/uploads\/2019\/08\/tiago_martins-150x150.jpg 150w, http:\/\/www.evostar.org\/2022\/wp-content\/uploads\/2019\/08\/tiago_martins-300x300.jpg 300w, http:\/\/www.evostar.org\/2022\/wp-content\/uploads\/2019\/08\/tiago_martins-60x60.jpg 60w\" sizes=\"(max-width: 512px) 100vw, 512px\" \/><\/td><td><img loading=\"lazy\" decoding=\"async\" width=\"200\" height=\"200\" class=\"wp-image-1413\" style=\"width: 150px;\" src=\"http:\/\/www.evostar.org\/2022\/wp-content\/uploads\/2021\/05\/70DBC3DE-C059-4525-AFAA-5721345CE2E1.jpeg\" alt=\"Nereida Rodr\u00edguez-Fern\u00e1ndez\" srcset=\"http:\/\/www.evostar.org\/2022\/wp-content\/uploads\/2021\/05\/70DBC3DE-C059-4525-AFAA-5721345CE2E1.jpeg 200w, http:\/\/www.evostar.org\/2022\/wp-content\/uploads\/2021\/05\/70DBC3DE-C059-4525-AFAA-5721345CE2E1-150x150.jpeg 150w, http:\/\/www.evostar.org\/2022\/wp-content\/uploads\/2021\/05\/70DBC3DE-C059-4525-AFAA-5721345CE2E1-60x60.jpeg 60w\" sizes=\"(max-width: 200px) 100vw, 200px\" \/><\/td><\/tr><tr><td>Tiago Martins, University of Coimbra, Portugal<\/td><td>Nereida Rodr\u00edguez-Fern\u00e1ndez, University of A Coru\u00f1a, Spain<\/td><\/tr><\/tbody><\/table><\/figure>\n\n\n\n<p><strong>EvoMUSART&nbsp;Publication chair:<\/strong><\/p>\n\n\n\n<figure class=\"wp-block-table aligncenter is-style-stripes\"><table  class=\" table table-hover\" ><tbody><tr><td><img decoding=\"async\" class=\"wp-image-156\" style=\"width: 150px;\" src=\"http:\/\/www.evostar.org\/2022\/wp-content\/uploads\/2020\/02\/sergio_rebelo.jpg\" alt=\"\"><\/td><\/tr><tr><td>S\u00e9rgio Rebelo, University of Coimbra, Portugal<\/td><\/tr><\/tbody><\/table><\/figure>\n\n\n\n<h3 class=\"wp-block-heading\">Late-Breaking Abstracts Chair<\/h3>\n\n\n\n<figure class=\"wp-block-table aligncenter is-style-stripes\"><table  class=\" table table-hover\" ><tbody><tr><td><img decoding=\"async\" class=\"wp-image-140\" style=\"width: 150px;\" src=\"http:\/\/www.evostar.org\/2022\/wp-content\/uploads\/2019\/08\/antonio_mora.jpg\" alt=\"\"><\/td><\/tr><tr><td>Antonio M. Mora, University of Granada, Spain<\/td><\/tr><\/tbody><\/table><\/figure>\n\n\n\n<h3 class=\"wp-block-heading\">Publicity chair<\/h3>\n\n\n\n<figure class=\"wp-block-table aligncenter is-style-stripes\"><table  class=\" table table-hover\" ><tbody><tr><td><img loading=\"lazy\" decoding=\"async\" width=\"698\" height=\"842\" class=\"wp-image-140\" style=\"width: 150px;\" src=\"http:\/\/www.evostar.org\/2022\/wp-content\/uploads\/2019\/08\/joao_correia.png\" alt=\"\" srcset=\"http:\/\/www.evostar.org\/2022\/wp-content\/uploads\/2019\/08\/joao_correia.png 698w, http:\/\/www.evostar.org\/2022\/wp-content\/uploads\/2019\/08\/joao_correia-249x300.png 249w\" sizes=\"(max-width: 698px) 100vw, 698px\" \/><\/td><\/tr><tr><td>Jo\u00e3o Correia, University of Coimbra, Portugal<\/td><\/tr><\/tbody><\/table><\/figure>\n\n\n\n<h3 class=\"wp-block-heading\">Graphic Identity Team<\/h3>\n\n\n\n<figure class=\"wp-block-table aligncenter is-style-stripes\"><table  class=\" table table-hover\" ><tbody><tr><td><figure><img decoding=\"async\" class=\"wp-image-157\" style=\"width: 150px;\" src=\"http:\/\/www.evostar.org\/2022\/wp-content\/uploads\/2020\/02\/sergio_rebelo.jpg\" alt=\"\"><\/figure><\/td><td><figure><img loading=\"lazy\" decoding=\"async\" width=\"698\" height=\"842\" class=\"wp-image-140\" style=\"width: 150px;\" src=\"http:\/\/www.evostar.org\/2022\/wp-content\/uploads\/2019\/08\/joao_correia.png\" alt=\"\" srcset=\"http:\/\/www.evostar.org\/2022\/wp-content\/uploads\/2019\/08\/joao_correia.png 698w, http:\/\/www.evostar.org\/2022\/wp-content\/uploads\/2019\/08\/joao_correia-249x300.png 249w\" sizes=\"(max-width: 698px) 100vw, 698px\" \/><\/figure><\/td><\/tr><tr><td>S\u00e9rgio Rebelo, University of Coimbra, Portugal<\/td><td>Jo\u00e3o Correia, University of Coimbra, Portugal<\/td><\/tr><tr><td><figure><img loading=\"lazy\" decoding=\"async\" width=\"512\" height=\"512\" class=\"wp-image-169\" style=\"width: 150px;\" src=\"http:\/\/www.evostar.org\/2022\/wp-content\/uploads\/2019\/08\/tiago_martins.jpg\" alt=\"\" srcset=\"http:\/\/www.evostar.org\/2022\/wp-content\/uploads\/2019\/08\/tiago_martins.jpg 512w, http:\/\/www.evostar.org\/2022\/wp-content\/uploads\/2019\/08\/tiago_martins-150x150.jpg 150w, http:\/\/www.evostar.org\/2022\/wp-content\/uploads\/2019\/08\/tiago_martins-300x300.jpg 300w, http:\/\/www.evostar.org\/2022\/wp-content\/uploads\/2019\/08\/tiago_martins-60x60.jpg 60w\" sizes=\"(max-width: 512px) 100vw, 512px\" \/><\/figure><\/td><td><\/td><\/tr><tr><td>Tiago Martins, University of Coimbra, Portugal<\/td><td><\/td><\/tr><\/tbody><\/table><\/figure>\n\n\n\n<h3 class=\"wp-block-heading\">Submission System Coordinator<\/h3>\n\n\n\n<figure class=\"wp-block-table aligncenter is-style-stripes\"><table  class=\" table table-hover\" ><tbody><tr><td><figure><img loading=\"lazy\" decoding=\"async\" width=\"375\" height=\"500\" class=\"wp-image-157\" style=\"width: 150px;\" src=\"http:\/\/www.evostar.org\/2022\/wp-content\/uploads\/2019\/08\/nuno_lourenco.jpg\" alt=\"\" srcset=\"http:\/\/www.evostar.org\/2022\/wp-content\/uploads\/2019\/08\/nuno_lourenco.jpg 375w, http:\/\/www.evostar.org\/2022\/wp-content\/uploads\/2019\/08\/nuno_lourenco-225x300.jpg 225w\" sizes=\"(max-width: 375px) 100vw, 375px\" \/><\/figure><\/td><\/tr><tr><td>Nuno Louren\u00e7o, University of Coimbra, Portugal<\/td><\/tr><\/tbody><\/table><\/figure>\n\n\n\n<h3 class=\"wp-block-heading\">Web Person<\/h3>\n\n\n\n<figure class=\"wp-block-table aligncenter is-style-stripes\"><table  class=\" table table-hover\" ><tbody><tr><td><figure><img decoding=\"async\" class=\"wp-image-157\" style=\"width: 150px;\" src=\"http:\/\/www.evostar.org\/2022\/wp-content\/uploads\/2019\/08\/jose_francisco_chicano.jpg\" alt=\"\"><\/figure><\/td><\/tr><tr><td>Francisco Chicano, University of Malaga, Spain<\/td><\/tr><\/tbody><\/table><\/figure>\n\n\n\n<h3 class=\"wp-block-heading\">Multimedia<\/h3>\n\n\n\n<figure class=\"wp-block-table aligncenter is-style-stripes\"><table  class=\" table table-hover\" ><tbody><tr><td><figure><img decoding=\"async\" class=\"wp-image-157\" style=\"width: 150px;\" src=\"http:\/\/www.evostar.org\/2022\/wp-content\/uploads\/2019\/08\/ignacio_hidalgo.jpg\" alt=\"\"><\/figure><\/td><\/tr><tr><td>FIgnacio Hidalgo, Universidad Complutense de Madrid, Spain<\/td><\/tr><\/tbody><\/table><\/figure>\n\n\n\n<h3 class=\"wp-block-heading\">EvoStar&nbsp;coordinator<\/h3>\n\n\n\n<figure class=\"wp-block-table aligncenter is-style-stripes\"><table  class=\" table table-hover\" ><tbody><tr><td><img loading=\"lazy\" decoding=\"async\" width=\"392\" height=\"640\" class=\"wp-image-120\" style=\"width: 150px;\" src=\"http:\/\/www.evostar.org\/2022\/wp-content\/uploads\/2019\/08\/anna_esparcia2.jpg\" alt=\"\" srcset=\"http:\/\/www.evostar.org\/2022\/wp-content\/uploads\/2019\/08\/anna_esparcia2.jpg 392w, http:\/\/www.evostar.org\/2022\/wp-content\/uploads\/2019\/08\/anna_esparcia2-184x300.jpg 184w\" sizes=\"(max-width: 392px) 100vw, 392px\" \/><\/td><\/tr><tr><td>Anna Esparcia-Alc\u00e1zar, Universitat Polit\u00e8cnica de Val\u00e8ncia, Spain<\/td><\/tr><\/tbody><\/table><\/figure>\n\n\n\n<h3 class=\"wp-block-heading\">SPECIES EXECUTIVE BOARD<\/h3>\n\n\n\n<figure class=\"wp-block-table aligncenter is-style-stripes\"><table  class=\" table table-hover\" ><tbody><tr><td><img loading=\"lazy\" decoding=\"async\" width=\"476\" height=\"640\" class=\"wp-image-152\" style=\"width: 150px;\" src=\"http:\/\/www.evostar.org\/2022\/wp-content\/uploads\/2019\/08\/marc_schoenauer.jpg\" alt=\"\" srcset=\"http:\/\/www.evostar.org\/2022\/wp-content\/uploads\/2019\/08\/marc_schoenauer.jpg 476w, http:\/\/www.evostar.org\/2022\/wp-content\/uploads\/2019\/08\/marc_schoenauer-223x300.jpg 223w\" sizes=\"(max-width: 476px) 100vw, 476px\" \/><\/td><td><img loading=\"lazy\" decoding=\"async\" width=\"392\" height=\"640\" class=\"wp-image-120\" style=\"width: 150px;\" src=\"http:\/\/www.evostar.org\/2022\/wp-content\/uploads\/2019\/08\/anna_esparcia2.jpg\" alt=\"\" srcset=\"http:\/\/www.evostar.org\/2022\/wp-content\/uploads\/2019\/08\/anna_esparcia2.jpg 392w, http:\/\/www.evostar.org\/2022\/wp-content\/uploads\/2019\/08\/anna_esparcia2-184x300.jpg 184w\" sizes=\"(max-width: 392px) 100vw, 392px\" \/><\/td><\/tr><tr><td>Marc Schoenauer,&nbsp;INRIA, France, marc.schoenauer (at) inria.fr<\/td><td>Anna Esparcia,&nbsp;Universitat Polit\u00e8cnica de Val\u00e8ncia, Spain, aesparcia (at) ieee.org<\/td><\/tr><tr><td><img loading=\"lazy\" decoding=\"async\" width=\"481\" height=\"633\" class=\"wp-image-171\" style=\"width: 150px;\" src=\"http:\/\/www.evostar.org\/2022\/wp-content\/uploads\/2019\/08\/wolfgang_banzhaf.jpg\" alt=\"\" srcset=\"http:\/\/www.evostar.org\/2022\/wp-content\/uploads\/2019\/08\/wolfgang_banzhaf.jpg 481w, http:\/\/www.evostar.org\/2022\/wp-content\/uploads\/2019\/08\/wolfgang_banzhaf-228x300.jpg 228w\" sizes=\"(max-width: 481px) 100vw, 481px\" \/><\/td><td><img loading=\"lazy\" decoding=\"async\" width=\"480\" height=\"507\" class=\"wp-image-135\" style=\"width: 150px;\" src=\"http:\/\/www.evostar.org\/2022\/wp-content\/uploads\/2019\/08\/ignacio_hidalgo.jpg\" alt=\"\" srcset=\"http:\/\/www.evostar.org\/2022\/wp-content\/uploads\/2019\/08\/ignacio_hidalgo.jpg 480w, http:\/\/www.evostar.org\/2022\/wp-content\/uploads\/2019\/08\/ignacio_hidalgo-284x300.jpg 284w\" sizes=\"(max-width: 480px) 100vw, 480px\" \/><\/td><\/tr><tr><td>Wolfgang Banzhaf, Michigan State University, USA, banzhafw (at) cse.msu.edu<\/td><td>Ignacio Hidalgo, Universidad Complutense de Madrid, Spain, hidalgo (at) ucm.es<\/td><\/tr><tr><td><img loading=\"lazy\" decoding=\"async\" width=\"133\" height=\"150\" class=\"wp-image-132\" style=\"width: 133px;\" src=\"http:\/\/www.evostar.org\/2022\/wp-content\/uploads\/2019\/08\/gabriela_ochoa.jpg\" alt=\"\"><\/td><td><img loading=\"lazy\" decoding=\"async\" width=\"750\" height=\"1006\" class=\"wp-image-163\" style=\"width: 150px;\" src=\"http:\/\/www.evostar.org\/2022\/wp-content\/uploads\/2019\/08\/penousal_machado.jpg\" alt=\"\" srcset=\"http:\/\/www.evostar.org\/2022\/wp-content\/uploads\/2019\/08\/penousal_machado.jpg 750w, http:\/\/www.evostar.org\/2022\/wp-content\/uploads\/2019\/08\/penousal_machado-224x300.jpg 224w\" sizes=\"(max-width: 750px) 100vw, 750px\" \/><\/td><\/tr><tr><td>Gabriela Ochoa,&nbsp;University of Stirling, Scotland, UK, goc (at) cs.stir.ac.uk<\/td><td>Penousal Machado, University of Coimbra, Portugal, machado (at) dei.uc.pt<\/td><\/tr><tr><td><img loading=\"lazy\" decoding=\"async\" width=\"362\" height=\"515\" class=\"wp-image-167\" style=\"width: 150px;\" src=\"http:\/\/www.evostar.org\/2022\/wp-content\/uploads\/2019\/08\/stefano_cagnoni.jpg\" alt=\"\" srcset=\"http:\/\/www.evostar.org\/2022\/wp-content\/uploads\/2019\/08\/stefano_cagnoni.jpg 362w, http:\/\/www.evostar.org\/2022\/wp-content\/uploads\/2019\/08\/stefano_cagnoni-211x300.jpg 211w\" sizes=\"(max-width: 362px) 100vw, 362px\" \/><\/td><td><img loading=\"lazy\" decoding=\"async\" width=\"349\" height=\"495\" class=\"wp-image-282\" style=\"width: 150px;\" src=\"http:\/\/www.evostar.org\/2022\/wp-content\/uploads\/2019\/08\/sara_silva-1.jpg\" alt=\"\" srcset=\"http:\/\/www.evostar.org\/2022\/wp-content\/uploads\/2019\/08\/sara_silva-1.jpg 349w, http:\/\/www.evostar.org\/2022\/wp-content\/uploads\/2019\/08\/sara_silva-1-212x300.jpg 212w\" sizes=\"(max-width: 349px) 100vw, 349px\" \/><\/td><\/tr><tr><td>Stefano Cagnoni, University of Parma, Italy, stefano.cagnoni (at) unipr.it<\/td><td>Sara Silva,&nbsp;University of Lisboa, Portugal, sara (at) fc.ul.pt<\/td><\/tr><tr><td><img loading=\"lazy\" decoding=\"async\" width=\"375\" height=\"500\" class=\"wp-image-157\" style=\"width: 150px;\" src=\"http:\/\/www.evostar.org\/2022\/wp-content\/uploads\/2019\/08\/nuno_lourenco.jpg\" alt=\"\" srcset=\"http:\/\/www.evostar.org\/2022\/wp-content\/uploads\/2019\/08\/nuno_lourenco.jpg 375w, http:\/\/www.evostar.org\/2022\/wp-content\/uploads\/2019\/08\/nuno_lourenco-225x300.jpg 225w\" sizes=\"(max-width: 375px) 100vw, 375px\" \/><\/td><td><img loading=\"lazy\" decoding=\"async\" width=\"300\" height=\"308\" class=\"wp-image-156\" style=\"width: 150px;\" src=\"http:\/\/www.evostar.org\/2022\/wp-content\/uploads\/2019\/08\/noimg.png\" alt=\"\" srcset=\"http:\/\/www.evostar.org\/2022\/wp-content\/uploads\/2019\/08\/noimg.png 300w, http:\/\/www.evostar.org\/2022\/wp-content\/uploads\/2019\/08\/noimg-292x300.png 292w\" sizes=\"(max-width: 300px) 100vw, 300px\" \/><\/td><\/tr><tr><td>Nuno Louren\u00e7o,&nbsp;University of Coimbra, Portugal, naml (at) dei.uc.pt<\/td><td>Christine Zarges, Aberystwyth University, Wales, UK<\/td><\/tr><tr><td><img loading=\"lazy\" decoding=\"async\" width=\"147\" height=\"180\" class=\"wp-image-141\" style=\"width: 147px;\" src=\"http:\/\/www.evostar.org\/2022\/wp-content\/uploads\/2019\/08\/jose_francisco_chicano.jpg\" alt=\"\"><\/td><td><\/td><\/tr><tr><td>Francisco Chicano, Universidad de M\u00e1laga, Spain<\/td><td><\/td><\/tr><\/tbody><\/table><\/figure>\n","protected":false},"excerpt":{"rendered":"<p>EvoStar&nbsp;2022 local chairs I\u00f1aki Hidalgo, Universidad Complutense Madrid, Spain EuroGP 25th European Conference on Genetic Programming EuroGP&nbsp;programme chairs: Eric Medvet, University Degli Studi di Trieste, Italy Gisele Pappa, Universidade Federal de Minas Gerais, Brazil EuroGP&nbsp;publication chair: Bing Xue, Victoria University of Wellington, New Zealand EvoAPPLICATIONS 25th International Conference on the Applications of Evolutionary Computation EvoApplications&nbsp;Chair: [&hellip;]<\/p>\n","protected":false},"author":1,"featured_media":0,"parent":0,"menu_order":0,"comment_status":"closed","ping_status":"closed","template":"","meta":{"footnotes":""},"_links":{"self":[{"href":"http:\/\/www.evostar.org\/2022\/wp-json\/wp\/v2\/pages\/70"}],"collection":[{"href":"http:\/\/www.evostar.org\/2022\/wp-json\/wp\/v2\/pages"}],"about":[{"href":"http:\/\/www.evostar.org\/2022\/wp-json\/wp\/v2\/types\/page"}],"author":[{"embeddable":true,"href":"http:\/\/www.evostar.org\/2022\/wp-json\/wp\/v2\/users\/1"}],"replies":[{"embeddable":true,"href":"http:\/\/www.evostar.org\/2022\/wp-json\/wp\/v2\/comments?post=70"}],"version-history":[{"count":47,"href":"http:\/\/www.evostar.org\/2022\/wp-json\/wp\/v2\/pages\/70\/revisions"}],"predecessor-version":[{"id":2038,"href":"http:\/\/www.evostar.org\/2022\/wp-json\/wp\/v2\/pages\/70\/revisions\/2038"}],"wp:attachment":[{"href":"http:\/\/www.evostar.org\/2022\/wp-json\/wp\/v2\/media?parent=70"}],"curies":[{"name":"wp","href":"https:\/\/api.w.org\/{rel}","templated":true}]}}