{"id":707,"date":"2020-01-08T14:44:56","date_gmt":"2020-01-08T13:44:56","guid":{"rendered":"http:\/\/www.evostar.org\/2020\/?page_id=707"},"modified":"2022-01-26T19:32:40","modified_gmt":"2022-01-26T18:32:40","slug":"submission-camera-ready","status":"publish","type":"page","link":"http:\/\/www.evostar.org\/2022\/submission-camera-ready\/","title":{"rendered":"Camera-Ready Paper"},"content":{"rendered":"<p>When preparing your camera-ready paper for the proceedings, please take the comments by the reviewers carefully into account. The final paper and the signed copyright form are due on\u00a0<b>February 9, 2022.<\/b> This is a firm deadline for the production of the proceedings.<\/p>\n<p>Your contribution may be prepared in LaTeX or Microsoft Word. You have the templates available on <a href=\"https:\/\/www.springer.com\/gp\/computer-science\/lncs\/conference-proceedings-guidelines\">the Springer authors\u2019 page.<\/a><\/p>\n<p>Please submit a ZIP file, using your <a href=\"https:\/\/easychair.org\/account\/signin\">EasyChair author account<\/a>, containing the following items:<\/p>\n<div>\n<ul>\n<li>If latex is used:\n<ul>\n<li>Latex .tex file (named with the last name of the first author).<\/li>\n<li>All the LaTeX sources needed to compile your camera-ready paper<\/li>\n<\/ul>\n<\/li>\n<li>Otherwise:\n<ul>\n<li>word file if the Microsoft Word template was used (named with the last name of the first author).<\/li>\n<\/ul>\n<\/li>\n<li>Final .pdf file (named with the last name of the first author).<\/li>\n<li>title.txt : This file should contain the title of the paper in the first line.<\/li>\n<li>authors.txt : This file should have one line for each author of the paper using the following format:<\/li>\n<\/ul>\n<p><i>[first names of first author] [last name of first author] [email]<\/i><i><br \/>\n<\/i><i>[first names of second author] [last name of second author] [email]<\/i><i><br \/>\n<\/i><i><br \/>\n<\/i>Please mark the contact author with * at the end of the line.<br \/>\nExample of a paper authored by Maria Rossi and Jos\u00e9 Salgado:<br \/>\n<i>Maria Rossi maria.rossi@myuni.xy<\/i><i><br \/>\n<\/i><i>Jos\\\u2019e Salgado jsalgado@hisuni.yx*<\/i><i><br \/>\n<\/i><i><br \/>\n<\/i>Note that in authors.txt any accent\/special characters must be written in Latex style, e.g.: Jos\\\u2019e<\/p>\n<ul>\n<li>Copyright form: Scanned signed consent to publish\/copyright form as PDF using the following filename:<\/li>\n<\/ul>\n<p>[last_name_of_first_author]cr.pdf<\/p>\n<p>It is sufficient that one of the authors signs the copyright form. You can scan the signed form into PDF or any other standard image format. The copyright form can be found <a href=\"http:\/\/www.evostar.org\/2022\/wp-content\/uploads\/2022\/01\/SNCS_ProceedingsPaper_LTP_ST_SN_Switzerland.docx\">here<\/a>. When filling in your consent to publish\/copyright form you will have to enter the editors\u2019s names and title, as follows:<\/p>\n<\/div>\n<div>\n<section>\n<ul>\n<li><strong>Editors for EvoAPPS:<\/strong> J.L.J. Laredo &amp; J.I. Hidalgo &amp; K. Babaagba. <strong>Title:<\/strong> Applications of Evolutionary Computation \u2013 25th International Conference, EvoApplications 2022<\/li>\n<li><strong>Editors for EuroGP:<\/strong> Eric Medvet &amp; Gisele Pappa &amp; Bing Xue.\u00a0<strong>Title:<\/strong> Genetic Programming \u2013 25th European Conference, EuroGP 2022<\/li>\n<li><strong>Editors for EvoCOP:<\/strong> S\u00e9batien Verel &amp; Leslie P\u00e9rez-C\u00e1ceres.\u00a0<strong>Title:<\/strong> Evolutionary Computation in Combinatorial Optimization \u2013 22nd European Conference, EvoCOP 2022<\/li>\n<li><strong>Editors for EvoMUSART:<\/strong> Tiago Martins &amp; Nereida Rodr\u00edguez-Fern\u00e1ndez &amp; S\u00e9rgio Rebelo. <strong>Title:<\/strong> Computational Intelligence in Music, Sound, Art and Design \u2013 11th International Conference, EvoMUSART 2022<\/li>\n<\/ul>\n<p>The corresponding author of each paper, acting on behalf of all of the authors of that paper, must complete and sign a Consent-to-Publish form. The corresponding author signing the copyright form should match the corresponding author marked on the paper. Once the files have been sent to Springer, changes relating to the authorship of the papers cannot be made.<\/p>\n<\/section>\n<p>The page limit of <b>16 pages<\/b> is strict. Authors should consult <a href=\"https:\/\/www.springer.com\/gp\/computer-science\/lncs\/conference-proceedings-guidelines\">Springer\u2019s authors\u2019 guidelines<\/a> and use their proceedings templates, either for <a href=\"https:\/\/resource-cms.springernature.com\/springer-cms\/rest\/v1\/content\/19238648\/data\/v2\">LaTeX<\/a> or for <a href=\"https:\/\/resource-cms.springernature.com\/springer-cms\/rest\/v1\/content\/19238706\/data\/v1\">Word<\/a>, for the preparation of their papers. Springer encourages authors to include their ORCIDs in their papers.<\/p>\n<p>Our publisher implements an extra control loop: once data processing is finished, they will contact all corresponding authors, and ask them to check their papers. We expect this to happen shortly before the printing of the proceedings. At that time, your quick interaction with Springer will be greatly appreciated.<\/p>\n<\/div>\n","protected":false},"excerpt":{"rendered":"<p>When preparing your camera-ready paper for the proceedings, please take the comments by the reviewers carefully into account. The final paper and the signed copyright form are due on\u00a0February 9, 2022. This is a firm deadline for the production of the proceedings. Your contribution may be prepared in LaTeX or Microsoft Word. You have the [&hellip;]<\/p>\n","protected":false},"author":3,"featured_media":0,"parent":0,"menu_order":0,"comment_status":"closed","ping_status":"closed","template":"","meta":{"footnotes":""},"_links":{"self":[{"href":"http:\/\/www.evostar.org\/2022\/wp-json\/wp\/v2\/pages\/707"}],"collection":[{"href":"http:\/\/www.evostar.org\/2022\/wp-json\/wp\/v2\/pages"}],"about":[{"href":"http:\/\/www.evostar.org\/2022\/wp-json\/wp\/v2\/types\/page"}],"author":[{"embeddable":true,"href":"http:\/\/www.evostar.org\/2022\/wp-json\/wp\/v2\/users\/3"}],"replies":[{"embeddable":true,"href":"http:\/\/www.evostar.org\/2022\/wp-json\/wp\/v2\/comments?post=707"}],"version-history":[{"count":43,"href":"http:\/\/www.evostar.org\/2022\/wp-json\/wp\/v2\/pages\/707\/revisions"}],"predecessor-version":[{"id":1777,"href":"http:\/\/www.evostar.org\/2022\/wp-json\/wp\/v2\/pages\/707\/revisions\/1777"}],"wp:attachment":[{"href":"http:\/\/www.evostar.org\/2022\/wp-json\/wp\/v2\/media?parent=707"}],"curies":[{"name":"wp","href":"https:\/\/api.w.org\/{rel}","templated":true}]}}