{"id":80,"date":"2019-06-06T01:55:45","date_gmt":"2019-06-05T23:55:45","guid":{"rendered":"http:\/\/localhost:8080\/?page_id=80"},"modified":"2022-04-15T13:43:37","modified_gmt":"2022-04-15T11:43:37","slug":"evoapps","status":"publish","type":"page","link":"http:\/\/www.evostar.org\/2022\/evoapps\/","title":{"rendered":"EvoAPPS"},"content":{"rendered":"\n<figure class=\"wp-block-image size-large\"><img loading=\"lazy\" decoding=\"async\" width=\"1024\" height=\"512\" src=\"http:\/\/www.evostar.org\/2022\/wp-content\/uploads\/2021\/06\/evo2022_conf_2-1024x512.png\" alt=\"evoapps 2022 logotype\" class=\"wp-image-1459\" srcset=\"http:\/\/www.evostar.org\/2022\/wp-content\/uploads\/2021\/06\/evo2022_conf_2-1024x512.png 1024w, http:\/\/www.evostar.org\/2022\/wp-content\/uploads\/2021\/06\/evo2022_conf_2-300x150.png 300w, http:\/\/www.evostar.org\/2022\/wp-content\/uploads\/2021\/06\/evo2022_conf_2-768x384.png 768w, http:\/\/www.evostar.org\/2022\/wp-content\/uploads\/2021\/06\/evo2022_conf_2.png 1063w\" sizes=\"(max-width: 1024px) 100vw, 1024px\" \/><\/figure>\n\n\n\n<p>EvoApplications, the International Conference on the Applications of Evolutionary Computation -formerly known as EvoWorkshops- brings together researchers in applications of Evolutionary Computation and other Nature-inspired techniques.<\/p>\n\n\n\n<p>EvoApplications invites high quality contributions for its 25th edition, which will be held as part of the EvoStar 2022 event and co-located within EvoStar with three related conferences: EuroGP, EvoCOP and EvoMUSART.<\/p>\n\n\n\n<p>The aim of EvoApplications is to create a friendly environment that could lead to the establishment or strengthening of scientific collaborations and exchanges among attendees.<\/p>\n\n\n\n<p>Therefore, EvoApplications solicits high-quality original research papers (including significant work-in-progress) on any aspect of applications of Evolutionary Computation, both to real-world or methodological contexts in which Evolutionary Computation can contribute to pushing the limits of the state of the art beyond the present ones.<\/p>\n\n\n\n<p>We encourage you to submit paper focused on interesting, relevant and original works that are related to all kinds of applications of Evolutionary Computation.<\/p>\n\n\n\n<p><a href=\"https:\/\/link.springer.com\/conference\/evoapplications\">EvoApplications Conference Proceedings in SpringerLink<\/a><\/p>\n\n\n\n<p>Download the <a rel=\"noreferrer noopener\" href=\"http:\/\/www.evostar.org\/2022\/wp-content\/uploads\/2021\/11\/evo2022_evoapps_flyer_AF_03_extended_V_1_11_21.pdf\" target=\"_blank\">CFP in PDF from here.<\/a><\/p>\n\n\n\n<p><strong><span class=\"has-inline-color has-vivid-red-color\">NEW<\/span><\/strong>: The proceedings of EvoApplications 2022 are available following <a href=\"https:\/\/link.springer.com\/book\/10.1007\/978-3-031-02462-7\">this link<\/a>.<\/p>\n\n\n\n<h2 class=\"wp-block-heading\">Special sessions<\/h2>\n\n\n\n<p><strong>Joining forces, this year EvoApps together with EuroGP propose<\/strong> a <a href=\"http:\/\/www.evostar.org\/2022\/eml\/\">special joint track on Evolutionary Machine Learning<\/a>.<\/p>\n\n\n\n<p>In addition to regular session, 9 special sessions will be organized on the following topics:<\/p>\n\n\n\n<ul><li><a href=\"http:\/\/www.evostar.org\/2022\/evoapps\/tmp\/\">Analysis of Evolutionary Computation Methods: Theory, Empirics, and Real-World Applications<\/a><\/li><li><a href=\"http:\/\/www.evostar.org\/2022\/evoapps\/biosocnet\/\">Applications of Bio-inspired techniques on Social Networks<\/a><\/li><li><a href=\"http:\/\/www.evostar.org\/2022\/evoapps\/anicsd\/\">Applications of Nature-inspired Computing for Sustainability and Development<\/a><\/li><li><a href=\"http:\/\/www.evostar.org\/2022\/evoapps\/ecefcc\/\">Evolutionary Computation in Edge, Fog, and Cloud Computing<\/a><\/li><li><a href=\"http:\/\/www.evostar.org\/2022\/evoapps\/iasppr\/\">Evolutionary Computation in Image Analysis, Signal Processing and Pattern Recognition<\/a><\/li><li><a href=\"http:\/\/www.evostar.org\/2022\/evoapps\/ecdhpm\/\">Machine Learning and AI in Digital Healthcare and Personalized Medicine<\/a><\/li><li><a href=\"http:\/\/www.evostar.org\/2022\/evoapps\/er\">Evolutionary Robotics<\/a><\/li><li><a href=\"http:\/\/www.evostar.org\/2022\/evoapps\/dps\">Parallel and Distributed Systems<\/a><\/li><li><a href=\"http:\/\/www.evostar.org\/2022\/evoapps\/rba\">Resilient Bio-Inspired Algorithms<\/a><\/li><li><a href=\"http:\/\/www.evostar.org\/2022\/evoapps\/scag\/\">Soft Computing applied to Games<\/a><\/li><\/ul>\n\n\n\n<p>Researchers interested in proposing a special session are invited to do it. Please, read our <a href=\"http:\/\/www.evostar.org\/2022\/call-for-evoapps-special-sessions\/\">Call for Special Sessions<\/a>.<\/p>\n\n\n\n<h2 class=\"wp-block-heading\">Conference Chair<\/h2>\n\n\n\n<ul><li><strong>Juan Luis Jim\u00e9nez Laredo<\/strong><br>\nUniversit\u00e9 La Havre Normandie<br>\njuanlu.jimenez(at)univ-lehavre.fr<\/li><\/ul>\n\n\n\n<h2 class=\"wp-block-heading\">Conference Co-Chair<\/h2>\n\n\n\n<ul><li><strong>I\u00f1aki Hidalgo<\/strong><br>\nUniversidad Complutense Madrid<br>\nhidalgo(at)dacya.ucm.es<\/li><\/ul>\n\n\n\n<h2 class=\"wp-block-heading\">Publication Chair<\/h2>\n\n\n\n<ul><li><strong>Kehinde O. Babaagba<\/strong><br>\nEdinburgh Napier University<br>\nK.Babaagba(at)napier.ac.uk<\/li><\/ul>\n\n\n\n<h2 class=\"wp-block-heading\">Submission Details<\/h2>\n\n\n\n<p>Accepted papers will appear in the proceedings of EvoApplications, published in a volume of the Springer Lecture Notes in Computer Science, which will be available at the Conference. Submitted papers require novel and complete research work or interesting preliminary results. Submissions must be original and not published elsewhere. The submissions will be peer reviewed by at least three members of the program committee. The reviewing process will be&nbsp;<strong>double-blind, so please omit information about the authors in the submitted paper<\/strong>.&nbsp;Submit your manuscript in&nbsp;<a href=\"http:\/\/www.springer.com\/computer\/lncs?SGWID=0-164-6-793341-0\">Springer LNCS format<\/a>&nbsp;and provide up to five keywords in your Abstract<\/p>\n\n\n\n<p><strong>Page limit<\/strong>: 16 pages<\/p>\n\n\n\n<p><strong>Submission link<\/strong>:&nbsp;<a href=\"https:\/\/easychair.org\/conferences\/?conf=evo2022\">https:\/\/easychair.org\/conferences\/?conf=evo2022<\/a><\/p>\n\n\n\n<p>The authors of accepted papers will have to improve their paper on the basis of the reviewers\u2019 comments and will be asked to send a camera ready version of their manuscripts (notifications will be sent on <strong>26 January, 2022<\/strong> and the camera-ready deadline will be on <strong>9 February, 2022<\/strong>). At least one author of each accepted work has to register for the conference not later than&nbsp;<strong>7 March 2022,<\/strong> attend the conference and present the work. All authors of accepted papers will be given the opportunity to further disseminate their work in poster sessions.<\/p>\n\n\n\n<h2 class=\"wp-block-heading\">Steering Committee<\/h2>\n\n\n\n<ul><li>Stefano Cagnoni<\/li><li>Pedro A. Castillo<\/li><li>Anna I Esparcia-Alc\u00e1zar<\/li><li>Mario Giacobinni<\/li><li>Paul Kaufmann<\/li><li>Antonio Mora<\/li><li>G\u00fcnther Raidl<\/li><li>Franz Rothlauf<\/li><li>Kevin Sim<\/li><li>Giovanni Squillero<\/li><li>Honorary member: Cecilia di Chio<\/li><\/ul>\n\n\n\n<h2 class=\"wp-block-heading\">Programme Committee<\/h2>\n\n\n\n<p><strong>Harith Al-Sahaf<\/strong>, Victoria University of Wellington, New Zealand<br><strong>Jacopo Aleotti<\/strong>, University of Parma, Italy<br><strong>Mohamad Alissa<\/strong>, Edinburgh Napier University, United Kingdom<br><strong>Anca Andreica<\/strong>, Babes-Bolyai University, Romania<br><strong>Aladdin Ayesh<\/strong>, De Montfort University, United Kingdom<br><strong>Kehinde Babaagba<\/strong>, Edinburgh Napier University, United Kingdom<br><strong>Jaume Bacardit<\/strong>, Newcastle University, United Kingdom<br><strong>Marco Baioletti<\/strong>, Universita` degli Studi di Perugia, Italy<br><strong>Illya Bakurov<\/strong>, Universidade NOVA de Lisboa, Portugal<br><strong>Wolfgang Banzhaf<\/strong>, Michigan State University, US<br><strong>Tiago Baptista<\/strong>, University of Coimbra, Portugal<br><strong>Thomas Bartz-Beielstein<\/strong>, IDEA, TH Koeln, Germany<br><strong>Giulio Biondi<\/strong>, University of Florence, Italy<br><strong>Philip Bontrager<\/strong>, New York University, USA<br><strong>J\u00e1nos Botzheim<\/strong>, E\u00f6tv\u00f6s Lor\u00e1nd University, Hungary<br><strong>J\u00f6rg Bremer<\/strong>, University of Oldenburg, Germany<br><strong>Will Browne<\/strong>, Queensland University of Technology, Australia<br><strong>Doina Bucur<\/strong>, University of Twente, Netherlands<br><strong>Stefano Cagnoni<\/strong>, University of Parma, Italy<br><strong>Fabio Caraffini<\/strong>, De Montfort University, United Kingdom<br><strong>Oscar Castillo<\/strong>, Tijuana Institute of Technology, Mexico<br><strong>Pedro A. Castillo-Valdivieso<\/strong>, University of Granada, Spain<br><strong>Ying-Ping Chen<\/strong>, National Yang Ming Chiao Tung University, Taiwan<br><strong>Francisco Chicano<\/strong>, University of M\u00e1laga, Spain<br><strong>Anders Christensen<\/strong>, University of Southern Denmark, Denmark<br><strong>Anthony Clark<\/strong>, Pomona College, USA<br><strong>Jos\u00e9 Manuel Colmenar<\/strong>, Universidad Rey Juan Carlos, Spain<br><strong>Feijoo Colomine<\/strong>, Universidad Nacional Experimental del T\u00e1chira, Venezuela<br><strong>Stefano Coniglio<\/strong>, University of Southampton, United Kingdom<br><strong>Antonio Cordoba<\/strong>, University of Seville, Spain<br><strong>Oscar Cordon<\/strong>, University of Granada, Spain<br><strong>Jo\u00e3o Correia<\/strong>, University of Coimbra, Portugal<br><strong>Carlos Cotta<\/strong>, Universidad de M\u00e1laga, Spain<br><strong>Fabio D&#8217;Andreagiovanni<\/strong>, CNRS, Sorbonne University &#8211; UTC, France<br><strong>Gregoire Danoy<\/strong>, University of Luxembourg, Luxembourg<br><strong>Amir Dehsarvi<\/strong>, University of York, United Kingdom<br><strong>Antonio Della Cioppa<\/strong>, Natural Computation Lab, DIEM, University of Salerno, Italy<br><strong>Travis Desell<\/strong>, Rochester Institute of Technology, USA<br><strong>Laura Dipietro<\/strong>, HI, USA<br><strong>Federico Divina<\/strong>, Pablo de Olavide University, Spain<br><strong>Carola Doerr<\/strong>, Sorbonne University, CNRS, France<br><strong>Bernabe Dorronsoro<\/strong>, University of Cadiz, Spain<br><strong>Ahmed Elsaid<\/strong>, University of Puerto Rico at Mayag\u00fcez, Puerto Rico, USA<br><strong>Edoardo Fadda<\/strong>, Politecnico di Torino, Italy<br><strong>Andres Faina<\/strong>, IT University of Copenhagen, Denmark<br><strong>Thomas Farrenkopf<\/strong>, Technische Hochschule Mittelhessen, Germany<br><strong>Francisco Fernandez De Vega<\/strong>, Grupo de Evolucion Artificial, Universidad de Extremadura, Spain<br><strong>Antonio J. Fern\u00e1ndez Leiva<\/strong>, Departamento de Lenguajes y Ciencias de la Computaci\u00f3n. Universidad de M\u00e1laga, Spain<br><strong>Francesco Fontanella<\/strong>, DIEI, Universit\u00e0 di Cassino e del Lazio meridionale, Italy<br><strong>James Foster<\/strong>, University of Idaho, USA<br><strong>Alex Freitas<\/strong>, University of Kent, United Kingdom<br><strong>Pablo Garc\u00eda S\u00e1nchez<\/strong>, Universidad de Granada, Spain<br><strong>Mario Giacobini<\/strong>, University of Torino, Italy<br><strong>Tobias Glasmachers<\/strong>, Institut f\u00fcr Neuroinformatik, Germany<br><strong>Kyrre Glette<\/strong>, University of Oslo, Norway<br><strong>Guillermo Gomez-Trenado<\/strong>, Universidad de Granada, Spain<br><strong>Antonio Gonzalez-Pardo<\/strong>, Universidad Rey Juan Carlos, Spain<br><strong>Michael Guckert<\/strong>, THM, Germany<br><strong>Heiko Hamann<\/strong>, University of Luebeck, Germany<br><strong>Mahshid Helali Moghadam<\/strong>, RISE SICS, Sweden<br><strong>Daniel Hernandez<\/strong>, Tecnol\u00f3gico Nacional de M\u00e9xico\/Instituto Tecnol\u00f3gico de Tijuana, Mexico<br><strong>Ignacio Hidalgo<\/strong>, Universidad Complutense de Madrid, Spain<br><strong>Rolf Hoffmann<\/strong>, TU Darmstadt, Germany<br><strong>Giovanni Iacca<\/strong>, University of Trento, Italy<br><strong>Juan Luis Jim\u00e9nez Laredo<\/strong>, LITIS &#8211; Universit\u00e9 Le Havre Normandie, France<br><strong>Yaochu Jin<\/strong>, Universit\u00e4t Bielefeld, Germany<br><strong>Karlo Knezevic<\/strong>, University of Zagreb, Faculty of Electrical Engineering and Computing, Croatia<br><strong>Gurhan Kucuk<\/strong>, Yeditepe University, Turkey<br><strong>Waclaw Kus<\/strong>, Silesian University of Technology, Poland<br><strong>Joel Lehman<\/strong>, University of Central Florida, USA<br><strong>Kenji Leibnitz<\/strong>, National Institute of Information and Communications Technology, Japan<br><strong>Federico Liberatore<\/strong>, Cardiff University, United Kingdom<br><strong>Fernando Lobo<\/strong>, University of Algarve, Portugal<br><strong>Michael Lones<\/strong>, Heriot-Watt University, United Kingdom<br><strong>Nuno Louren\u00e7o<\/strong>, University of Coimbra, Portugal<br><strong>Francisco Luna<\/strong>, Universidad de M\u00e1laga, Spain<br><strong>Gabriel Luque<\/strong>, University of M\u00e1laga, Spain<br><strong>Evelyne Lutton<\/strong>, INRAE, France<br><strong>Jo\u00e3o Macedo<\/strong>, University of Coimbra, Portugal<br><strong>Penousal Machado<\/strong>, University of Coimbra, Portugal<br><strong>Jes\u00fas Mayor<\/strong>, Universidad Polit\u00e9cnica de Madrid, Spain<br><strong>David Megias<\/strong>, UOC, Spain<br><strong>Paolo Mengoni<\/strong>, Hong Kong Baptist University, Hong Kong<br><strong>Pablo Mesejo<\/strong>, University of Granada, Spain<br><strong>Krzysztof Michalak<\/strong>, Wroclaw University of Economics, Poland<br><strong>Mohamed Wiem Mkaouer<\/strong>, Rochester Institute of Technology, USA<br><strong>Salem Mohammed<\/strong>, Mustapha Stambouli University, Algeria<br><strong>Antonio Mora<\/strong>, University of Granada, Spain<br><strong>Seyed Jalaleddin Mousavirad<\/strong>, Hakim Sabzevari University, Iran<br><strong>Ferrante Neri<\/strong>, University of Nottingham, United Kingdom<br><strong>Geoff Nitschke<\/strong>, University of Cape Town, South Africa<br><strong>Jorge Novo Buj\u00e1n<\/strong>, Universidade da Coru\u00f1a, Spain<br><strong>Gustavo Olague<\/strong>, CICESE, Mexico<br><strong>Diego Oliva<\/strong>, Universidad de Guadalajara, Mexico<br><strong>Carlotta Orsenigo<\/strong>, University of Milan, Italy<br><strong>Marcos Ortega Hortas<\/strong>, VARPA Group, Dpt. of Computer Science, University of A Coru\u00f1a, Spain<br><strong>Anna Paszynska<\/strong>, Jagiellonian University, Poland<br><strong>David Pelta<\/strong>, University of Granada, Spain<br><strong>Diego Perez Liebana<\/strong>, Queen Mary University of London, United Kingdom<br><strong>Yoann Pign\u00e9<\/strong>, LITIS &#8211; Universit\u00e9 Le Havre Normandie, France<br><strong>Clara Pizzuti<\/strong>, National Research Council of Italy (CNR), Institute for High Performance Computing and Networking (ICAR), Italy<br><strong>Petr Po\u0161\u00edk<\/strong>, Czech Technical University in Prague, Czech Republic<br><strong>Arkadiusz Poteralski<\/strong>, Silesian University of Technology, Poland<br><strong>Raneem Qaddoura<\/strong>, Al Hussein Technical University, Jordan<br><strong>Jos\u00e9 Carlos Ribeiro<\/strong>, Polytechnic Institute of Leiria, Portugal<br><strong>Guenter Rudolph<\/strong>, TU Dortmund University, Germany<br><strong>Jose Santos<\/strong>, University of A Coru\u00f1a, Spain<br><strong>Valentino Santucci<\/strong>, University for Foreigners of Perugia, Italy<br><strong>Enrico Schumann<\/strong>, University of Basel, Switzerland<br><strong>Sevil Sen<\/strong>, University of York, United Kingdom<br><strong>Chien-Chung Shen<\/strong>, University of Delaware, USA<br><strong>Sara Silva<\/strong>, Universidade de Lisboa, Portugal<br><strong>Kevin Sim<\/strong>, Edinburgh Napier University, United Kingdom<br><strong>Anabela Sim\u00f5es<\/strong>, Coimbra Institute of Engineering, Portugal<br><strong>Stephen Smith<\/strong>, University of York, United Kingdom<br><strong>Maciej Smo\u0142ka<\/strong>, AGH University of Science and Technology, Poland<br><strong>Yanan Sun<\/strong>, Sichuan University, China<br><strong>Shamik Sural<\/strong>, IIT, Kharagpur, India<br><strong>Ernesto Tarantino<\/strong>, ICAR-CNR, Italy<br><strong>Andrea Tettamanzi<\/strong>, Univ. Nice Sophia Antipolis, France<br><strong>Renato Tin\u00f3s<\/strong>, USP, Brazil<br><strong>Marco Tomassini<\/strong>, University of Lausanne, Switzerland<br><strong>Alberto Tonda<\/strong>, INRA &#8211; France, France<br><strong>Frank Veenstra<\/strong>, IT-University of Copenhagen, Denmark<br><strong>Sebasti\u00e1n Ventura<\/strong>, University of Cordoba. Dept. of Computer Science and Numerical Analysis, Spain<br><strong>Marco Villani<\/strong>, University of Modena and Reggio Emilia, Italy<br><strong>Rafael Villanueva<\/strong>, Instituto Universitario de Matematica Multidisciplinar, Spain<br><strong>Jaroslaw Was<\/strong>, AGH University of Science and Technology, Department of Applied Computer Science,, Poland<br><strong>Simon Wells<\/strong>, Edinburgh Napier University, United Kingdom<br><strong>Anil Yaman<\/strong>, Korea Advanced Institute of Science and Technology, South Korea<br><strong>Ales Zamuda<\/strong>, University of Maribor, Slovenia<br><strong>Christine Zarges<\/strong>, Aberystwyth University, United Kingdom<br><strong>Mengjie Zhang<\/strong>, Victoria University of Wellington, New Zealand<br><\/p>\n","protected":false},"excerpt":{"rendered":"<p>EvoApplications, the International Conference on the Applications of Evolutionary Computation -formerly known as EvoWorkshops- brings together researchers in applications of Evolutionary Computation and other Nature-inspired techniques. EvoApplications invites high quality contributions for its 25th edition, which will be held as part of the EvoStar 2022 event and co-located within EvoStar with three related conferences: EuroGP, [&hellip;]<\/p>\n","protected":false},"author":6,"featured_media":0,"parent":0,"menu_order":0,"comment_status":"closed","ping_status":"closed","template":"page-notitle.php","meta":{"footnotes":""},"_links":{"self":[{"href":"http:\/\/www.evostar.org\/2022\/wp-json\/wp\/v2\/pages\/80"}],"collection":[{"href":"http:\/\/www.evostar.org\/2022\/wp-json\/wp\/v2\/pages"}],"about":[{"href":"http:\/\/www.evostar.org\/2022\/wp-json\/wp\/v2\/types\/page"}],"author":[{"embeddable":true,"href":"http:\/\/www.evostar.org\/2022\/wp-json\/wp\/v2\/users\/6"}],"replies":[{"embeddable":true,"href":"http:\/\/www.evostar.org\/2022\/wp-json\/wp\/v2\/comments?post=80"}],"version-history":[{"count":80,"href":"http:\/\/www.evostar.org\/2022\/wp-json\/wp\/v2\/pages\/80\/revisions"}],"predecessor-version":[{"id":1966,"href":"http:\/\/www.evostar.org\/2022\/wp-json\/wp\/v2\/pages\/80\/revisions\/1966"}],"wp:attachment":[{"href":"http:\/\/www.evostar.org\/2022\/wp-json\/wp\/v2\/media?parent=80"}],"curies":[{"name":"wp","href":"https:\/\/api.w.org\/{rel}","templated":true}]}}