{"id":82,"date":"2019-06-06T01:55:56","date_gmt":"2019-06-05T23:55:56","guid":{"rendered":"http:\/\/localhost:8080\/?page_id=82"},"modified":"2022-04-12T11:27:35","modified_gmt":"2022-04-12T09:27:35","slug":"eurogp","status":"publish","type":"page","link":"http:\/\/www.evostar.org\/2022\/eurogp\/","title":{"rendered":"EuroGP"},"content":{"rendered":"\n<figure class=\"wp-block-image size-large\"><img loading=\"lazy\" decoding=\"async\" width=\"1024\" height=\"512\" src=\"http:\/\/www.evostar.org\/2022\/wp-content\/uploads\/2021\/06\/evo2022_conf_-1024x512.png\" alt=\"eurogp logotype\" class=\"wp-image-1464\" srcset=\"http:\/\/www.evostar.org\/2022\/wp-content\/uploads\/2021\/06\/evo2022_conf_-1024x512.png 1024w, http:\/\/www.evostar.org\/2022\/wp-content\/uploads\/2021\/06\/evo2022_conf_-300x150.png 300w, http:\/\/www.evostar.org\/2022\/wp-content\/uploads\/2021\/06\/evo2022_conf_-768x384.png 768w, http:\/\/www.evostar.org\/2022\/wp-content\/uploads\/2021\/06\/evo2022_conf_.png 1063w\" sizes=\"(max-width: 1024px) 100vw, 1024px\" \/><\/figure>\n\n\n\n<p>The 25th European Conference on Genetic Programming (EuroGP) 2022 conference will take place as part of EvoStar (Evo*).<br><br>EuroGP&nbsp;is the premier annual conference on Genetic Programming (GP), the oldest and the only meeting worldwide devoted specifically to this branch of evolutionary computation. It is always a high-quality, enjoyable, friendly event, attracting participants from all continents, and offering excellent opportunities for networking, informal contact, and exchange of ideas with fellow researchers. It will feature a mixture of oral presentations and poster sessions and invited keynote speakers. EuroGP&nbsp;is featured in the conference ranking database <a href=\"http:\/\/portal.core.edu.au\/conf-ranks\/481\/\">CORE<\/a>.<\/p>\n\n\n\n<p>You can consult the proceedings of previous events at <a href=\"https:\/\/link.springer.com\/conference\/eurogp\">EuroGP Conference Proceedings in SpringerLink<\/a><\/p>\n\n\n\n<p>A comprehensive bibliography of genetic programming literature and links to related material is accessible at the&nbsp;<a href=\"http:\/\/www.cs.bham.ac.uk\/~wbl\/biblio\/\">Genetic Programming Bibliography<\/a>&nbsp;web page, part of the Collection of Computer Science Bibliographies maintained and managed by William Langdon, Steven Gustafson, and John Koza.<\/p>\n\n\n\n<p>Download the <a href=\"http:\/\/www.evostar.org\/2022\/wp-content\/uploads\/2021\/11\/evo2022_euroGP_flyer_AF_03_extended_V_1_11_21.pdf\" target=\"_blank\" rel=\"noreferrer noopener\">CFP in PDF from here.<\/a><\/p>\n\n\n\n<p><strong><span class=\"has-inline-color has-vivid-red-color\">NEW<\/span>:<\/strong> The proceedings of EuroGP 2022 are available following <a href=\"https:\/\/link.springer.com\/book\/10.1007\/978-3-031-02056-8\">this link<\/a>.<\/p>\n\n\n\n<h2 class=\"wp-block-heading\">Conference Chairs<\/h2>\n\n\n\n<ul><li><strong>Eric Medvet<\/strong><br>University Degli Studi di Trieste, Italy<br><em>emedvet(at)units.it<\/em><\/li><li><strong>Gisele Pappa<\/strong><br>Universidade Federal de Minas Gerais, Brazil<br><em>glpappa(at)dcc.ufmg.br<\/em><\/li><\/ul>\n\n\n\n<h2 class=\"wp-block-heading\">Publication Chair<\/h2>\n\n\n\n<ul><li><strong>Bing Xue&nbsp;<\/strong><br>Victoria University of Wellington, New Zealand<br><em>bing.xue(at)ecs.vuw.ac.nz<\/em><\/li><\/ul>\n\n\n\n<h2 class=\"wp-block-heading\">Areas of Interest and Contributions<\/h2>\n\n\n\n<p>Topics to be covered include, but is not limited to:<\/p>\n\n\n\n<ul><li>Innovative applications of GP<\/li><li>Theoretical developments<\/li><li>GP performance and behaviour<\/li><li>Fitness landscape analysis of GP<\/li><li>Algorithms, representations and operators for GP<\/li><li>Search-based software engineering<\/li><li>Genetic improvement programming<\/li><li>Evolutionary design<\/li><li>Evolutionary robotics<\/li><li>Tree-based GP and Linear GP<\/li><li>Graph-based GP and Grammar-based GP<\/li><li>Evolvable hardware<\/li><li>Self-reproducing programs<\/li><li>Multi-population GP<\/li><li>Multi-objective GP<\/li><li>Parallel GP<\/li><li>Probabilistic GP<\/li><li>Object-orientated GP<\/li><li>Hybrid architectures including GP<\/li><li>Coevolution and modularity in GP<\/li><li>Semantics in GP<\/li><li>Unconventional GP<\/li><li>Automatic software maintenance<\/li><li>Evolutionary inductive programming<\/li><li>Evolution of automata or machines<\/li><\/ul>\n\n\n\n<h2 class=\"wp-block-heading\">Submission Details<\/h2>\n\n\n\n<p>Accepted papers will be published by Springer Nature in the Lecture Notes in Computer Science series. Submissions must be original and not published elsewhere. They will be peer reviewed by at least three members of the program committee. The reviewing process will be&nbsp;<strong>double-blind, so please omit information about the authors in the submitted paper<\/strong>. Submit your manuscript in&nbsp;<a href=\"http:\/\/www.springer.com\/computer\/lncs?SGWID=0-164-6-793341-0\">Springer LNCS format<\/a>.<\/p>\n\n\n\n<p><strong>Page limit:&nbsp;<\/strong>16 pages.<\/p>\n\n\n\n<p><strong>Submission link:<\/strong> <a href=\"https:\/\/easychair.org\/conferences\/?conf=evo2022\">https:\/\/easychair.org\/conferences\/?conf=evo2022<\/a><\/p>\n\n\n\n<p>The authors of accepted papers will have to improve their paper on the basis of the reviewers\u2019 comments and will be asked to send a camera ready version of their manuscripts (notifications will be sent on <strong>26 January, 2022<\/strong> and the camera-ready deadline will be on <strong>9 February, 2022<\/strong>). At least one author of each accepted work has to register for the conference not later than&nbsp;<strong>7 March 2022,<\/strong> attend the conference and present the work.<\/p>\n\n\n\n<h2 class=\"wp-block-heading\">Presentation Details<\/h2>\n\n\n\n<ul><li><strong>Long talks: <\/strong>Your work will be presented in a 20 minute talk followed by a 5 minute discussion round. We also encourage you to bring and present a poster in the poster session to take advantage of a more informal and direct feedback.<br><\/li><li><strong>Short talks (posters): <\/strong>Your work will be presented in a 10 minute talk (no discussion round) and in a poster session. Please be aware that oral and poster presentations are&nbsp;<strong>MANDATORY<\/strong>.<\/li><\/ul>\n\n\n\n<h2 class=\"wp-block-heading\">Programme Committee<\/h2>\n\n\n\n<p><strong>Ignacio Arnaldo<\/strong>, Universidad Complutense de Madrid<br><strong>R. Muhammad Atif Azad<\/strong>, Birmingham City University<br><strong>Wolfgang Banzhaf<\/strong>, Michigan State University<br><strong>Heder Bernardino<\/strong>, Universidade Federal de Juiz de Fora<br><strong>Anthony Brabazon<\/strong>, University College Dublin<br><strong>Stefano Cagnoni<\/strong>, University of Parma<br><strong>Mauro Castelli<\/strong>, NOVA IMS, Universidade Nova de Lisboa<br><strong>Ernesto Costa<\/strong>, University of Coimbra<br><strong>Antonio Della Cioppa<\/strong>, Natural Computation Lab, DIEM, University of Salerno<br><strong>Francisco Fernandez De Vega<\/strong>, Grupo de Evolucion Artificial, Universidad de Extremadura<br><strong>James Foster<\/strong>, university of idaho<br><strong>Jin-Kao Hao<\/strong>, University of Angers, France<br><strong>Erik Hemberg<\/strong>, ALFA, MIT<br><strong>Malcolm Heywood<\/strong>, Dalhousie University<br><strong>Ignacio Hidalgo<\/strong>, Universidad Complutense de Madrid<br><strong>Ting Hu<\/strong>, Queen&#8217;s University<br><strong>Domagoj Jakobovic<\/strong>, Faculty of Electrical Engineering and Computing<br><strong>Krzysztof Krawiec<\/strong>, Poznan University of Technology<br><strong>Andrew Lensen<\/strong>, Victoria University of Wellington<br><strong>Nuno Louren\u00e7o<\/strong>, University of Coimbra<br><strong>Penousal Machado<\/strong>, University of Coimbra<br><strong>James McDermott<\/strong>, National University of Ireland, Galway<br><strong>Eric Medvet<\/strong>, University of Trieste<br><strong>Julian Miller<\/strong>, University of York<br><strong>Julio Cesar Nievola<\/strong>, Pontif\u00edcia Universidade Cat\u00f3lica do Paran\u00e1 &#8211; PUCPR Programa de P\u00f3s Gradua\u00e7\u00e3o em Inform\u00e1tica Aplicada<br><strong>Michael O&#8217;Neill<\/strong>, University College Dublin<br><strong>Una-May O&#8217;Reilly<\/strong>, ALFA, MIT<br><strong>Gisele Pappa<\/strong>, UFMG<br><strong>Tomasz Pawlak<\/strong>, Poznan University of Technology<br><strong>Stjepan Picek<\/strong>, Delft University of Technology<br><strong>Clara Pizzuti<\/strong>, National Research Council of Italy (CNR), Institute for High Performance Computing and Networking (ICAR)<br><strong>Peter Rockett<\/strong>, The University of Sheffield<br><strong>Lukas Sekanina<\/strong>, Brno University of Technology<br><strong>Sara Silva<\/strong>, Universidade de Lisboa<br><strong>Moshe Sipper<\/strong>, Ben-Gurion University of the Negev<br><strong>Lee Spector<\/strong>, Hampshire College<br><strong>Jerry Swan<\/strong>, University of York<br><strong>Ivan Tanev<\/strong>, Doshisha University<br><strong>Ernesto Tarantino<\/strong>, ICAR-CNR<br><strong>Leonardo Trujillo<\/strong>, Instituto Tecnol\u00f3gico de Tijuana<br><strong>Leonardo Vanneschi<\/strong>, Universidade NOVA de Lisboa<br><strong>Marco Virgolin<\/strong>, Centrum Wiskunde &amp; Informatica<br><strong>Man Leung Wong<\/strong>, Lingnan University<br><strong>Bing Xue<\/strong>, Victoria University of Wellington<br><strong>Mengjie Zhang<\/strong>, Victoria University of Wellington<br><\/p>\n\n\n\n<p><\/p>\n","protected":false},"excerpt":{"rendered":"<p>The 25th European Conference on Genetic Programming (EuroGP) 2022 conference will take place as part of EvoStar (Evo*). EuroGP&nbsp;is the premier annual conference on Genetic Programming (GP), the oldest and the only meeting worldwide devoted specifically to this branch of evolutionary computation. It is always a high-quality, enjoyable, friendly event, attracting participants from all continents, [&hellip;]<\/p>\n","protected":false},"author":5,"featured_media":0,"parent":0,"menu_order":0,"comment_status":"closed","ping_status":"closed","template":"page-notitle.php","meta":{"footnotes":""},"_links":{"self":[{"href":"http:\/\/www.evostar.org\/2022\/wp-json\/wp\/v2\/pages\/82"}],"collection":[{"href":"http:\/\/www.evostar.org\/2022\/wp-json\/wp\/v2\/pages"}],"about":[{"href":"http:\/\/www.evostar.org\/2022\/wp-json\/wp\/v2\/types\/page"}],"author":[{"embeddable":true,"href":"http:\/\/www.evostar.org\/2022\/wp-json\/wp\/v2\/users\/5"}],"replies":[{"embeddable":true,"href":"http:\/\/www.evostar.org\/2022\/wp-json\/wp\/v2\/comments?post=82"}],"version-history":[{"count":75,"href":"http:\/\/www.evostar.org\/2022\/wp-json\/wp\/v2\/pages\/82\/revisions"}],"predecessor-version":[{"id":1965,"href":"http:\/\/www.evostar.org\/2022\/wp-json\/wp\/v2\/pages\/82\/revisions\/1965"}],"wp:attachment":[{"href":"http:\/\/www.evostar.org\/2022\/wp-json\/wp\/v2\/media?parent=82"}],"curies":[{"name":"wp","href":"https:\/\/api.w.org\/{rel}","templated":true}]}}