{"id":1269,"date":"2020-04-20T22:46:42","date_gmt":"2020-04-20T20:46:42","guid":{"rendered":"http:\/\/www.evostar.org\/2020\/?page_id=1269"},"modified":"2023-05-12T23:20:07","modified_gmt":"2023-05-12T21:20:07","slug":"awards","status":"publish","type":"page","link":"https:\/\/www.evostar.org\/2023\/awards\/","title":{"rendered":"Awards"},"content":{"rendered":"\n<h3 class=\"wp-block-heading\">Evo* Award for Outstanding Contribution to Evolutionary Computation in Europe 2023<\/h3>\n\n\n\n<p>Winner:<\/p>\n\n\n\n<h4 class=\"wp-block-heading\"><strong>Mengjie Zhang (Victoria University of Wellington)&nbsp;<\/strong><\/h4>\n\n\n\n<h3 class=\"wp-block-heading\">Evo* 2023 Best Paper Awards<\/h3>\n\n\n\n<h3 class=\"wp-block-heading\">EuroGP<\/h3>\n\n\n\n<ul><li><strong>Graph Networks as Inductive Bias for Genetic Programming: Symbolic Models for Particle-Laden Flows<\/strong><br><em>Julia Reuter, Sanaz Mostaghim, Hani Elmestikawy, Fabien Evrard and Berend van Wachem<\/em><\/li><\/ul>\n\n\n\n<p>See all the EuroGP best paper nominees <a href=\"https:\/\/www.evostar.org\/2023\/eurogp-best-paper-nominees\/\">here<\/a>.<\/p>\n\n\n\n<h3 class=\"wp-block-heading\">EvoApplications<\/h3>\n\n\n\n<ul><li><strong>Under the Hood of Transfer Learning for Deep Neuroevolution<\/strong><br><em>Stefano Sarti, Nuno Louren\u00e7o, Jason Adair, Penousal Machado and Gabriela Ochoa<\/em><\/li><\/ul>\n\n\n\n<p>See all the EvoApplications best paper nominees <a href=\"https:\/\/www.evostar.org\/2023\/evoapps-best-paper-nominees\/\">here<\/a>.<\/p>\n\n\n\n<h3 class=\"wp-block-heading\">EvoCOP<\/h3>\n\n\n\n<ul><li><strong>A Policy-Based Learning Beam Search for Combinatorial Optimization<\/strong><br><em>Rupert Ettrich, Marc Huber and G\u00fcnther R. Raidl<\/em><\/li><\/ul>\n\n\n\n<p>See all the EvoCOP best paper nominees <a href=\"https:\/\/www.evostar.org\/2023\/evocop-best-paper-nominees\/\">here<\/a>.<\/p>\n\n\n\n<h3 class=\"wp-block-heading\">EvoMUSART<\/h3>\n\n\n\n<ul><li><strong>Using Autoencoders to Generate Skeleton-based Typography<\/strong><br><em>J\u00e9ssica Parente, Luis Gon\u00e7alo, Tiago Martins, Jo\u00e3o Miguel Cunha, Jo\u00e3o Bicker and Penousal Machado<\/em><\/li><\/ul>\n\n\n\n<p>See all the EvoMUSART best paper nominees <a href=\"https:\/\/www.evostar.org\/2023\/evomusart-best-paper-nominees\/\">here<\/a>.<\/p>\n\n\n\n<h3 class=\"wp-block-heading\">Best Student Paper<\/h3>\n\n\n\n<ul><li><strong>Under the Hood of Transfer Learning for Deep Neuroevolution<\/strong><br><em><em>Stefano Sarti, Nuno Louren\u00e7o, Jason Adair, Penousal Machado and Gabriela Ochoa<\/em><\/em><\/li><\/ul>\n\n\n\n<p><strong>Runner up:<\/strong>&nbsp;A Policy-Based Learning Beam Search for Combinatorial Optimization (<em><em>Rupert Ettrich, Marc Huber and G\u00fcnther R. Raidl<\/em><\/em>)<\/p>\n\n\n\n<h3 class=\"wp-block-heading\">Best Poster<\/h3>\n\n\n\n<ul><li><strong>Towards Constructing a Suite of Multi-Objective Optimization Problems with Diverse Landscapes<\/strong><br><em>Andrejaana Andova, Tobias Benecke, Harald Ludwig and Tea Tu\u0161ar<\/em><\/li><\/ul>\n\n\n\n<p><strong>Runners up:<\/strong><\/p>\n\n\n\n<p>Using FPGA Devices to Accelerate Tree-Based Genetic Programming: A Preliminary Exploration with Recent Technologies (<em>Christopher Crary, Wesley Piard, Greg Stitt, Caleb Bean, and Benjamin Hicks<\/em>)<\/p>\n\n\n\n<p>EVODESIGNER: Aiding the Exploration of Innovative Graphic Design Solutions (<em>Daniel Lopes, Jo\u00e3o Correia, and Penousal Machado<\/em>)<\/p>\n\n\n\n<h3 class=\"wp-block-heading\">Scavenger hunt<\/h3>\n\n\n\n<p>Julia Reuter, Tobias Benecke, J\u00e9ssica Parente &amp; Luis Gon\u00e7alo<\/p>\n\n\n\n<h3 class=\"wp-block-heading\">Video challenge<\/h3>\n\n\n\n<p>Ahmet B. Barakli<\/p>\n\n\n\n<h3 class=\"wp-block-heading\">Previous Evo* Awards:<\/h3>\n\n\n\n<ul><li>2022: <a href=\"https:\/\/www2.aston.ac.uk\/eas\/staff\/a-z\/dr-aniko-ekart\">Aniko Ekart<\/a> [<a href=\"http:\/\/www.evostar.org\/2022\/awards\/\">announcement page<\/a>]<\/li><li>2021: <a href=\"https:\/\/www.ul.ie\/hri\/person\/hri-member\/prof-conor-ryan\">Conor Ryan<\/a> and <a href=\"https:\/\/citic.udc.es\/juan-romero-investigador-del-area-de-inteligencia-artificial-del-citic-nominado-a-mejor-docente-de-espana-2021\/\">Juan Romero<\/a> [<a href=\"http:\/\/www.evostar.org\/2021\/awards\/\">announcement page<\/a>]<\/li><li>2020: <a href=\"http:\/\/www.cs.stir.ac.uk\/~goc\/\">Gabriela Ochoa<\/a> [<a href=\"http:\/\/www.evostar.org\/2020\/Awards\/\">announcement page<\/a>]<\/li><li>2019: <a href=\"https:\/\/scholar.google.it\/citations?user=gFxqc64AAAAJ&amp;hl=es&amp;oi=sra\">JJ Merelo<\/a> and <a href=\"http:\/\/www.lcc.uma.es\/~ccottap\">Carlos Cotta<\/a> <a href=\"http:\/\/www.evostar.org\/2019\/awards_outstanding.php\">[announcement page]<\/a><\/li><li>2018: <a href=\"https:\/\/ciencias.ulisboa.pt\/pt\/perfil\/sgsilva\">Sara Silva<\/a> <a href=\"http:\/\/www.evostar.org\/2018\/awards_outstanding.php\">[announcement page]<\/a><\/li><li>2017: <a href=\"http:\/\/www.cs.vu.nl\/~gusz\/\"> Gusz Eiben<\/a> and <a href=\"people.ibest.uidaho.edu\/~foster\/\">James Foster <\/a> <a href=\"http:\/\/www.evostar.org\/2017\/awards_outstanding.php\">[announcement page]<\/a> <\/li><li>2016: <a href=\"http:\/\/cdv.dei.uc.pt\/authors\/penousal-machado\/\">Penousal Machado<\/a> <a href=\"http:\/\/www.evostar.org\/2016\/awards_outstanding.php\">[announcement page]<\/a><\/li><li>2015: <a href=\"https:\/\/sites.google.com\/site\/aiesparcia\/\">Anna Esparcia-Alcazar<\/a> and <a href=\"http:\/\/www.novaims.unl.pt\/Docentes-Investigacao\/Detalhe-Docente.asp?IDDocente=196\">Leonardo Vanneschi<\/a> <a href=\"http:\/\/www.evostar.org\/2015\/awards_outstanding.php\">[announcement page]<\/a><\/li><li>2014: Terence C. Fogarty <a href=\"http:\/\/www0.cs.ucl.ac.uk\/staff\/ucacbbl\/egp2014\/terry_fogarty.jpg\">[pic]<\/a> <a href=\"https:\/\/plus.google.com\/u\/0\/+JJMerelo\/posts\/bYnqVYfR7ZN?cfem=1\">[movie]<\/a><\/li><li>2013: <a href=\"http:\/\/people.csail.mit.edu\/unamay\/\">Una-May O&#8217;Reilly<\/a> and <a href=\"http:\/\/www.cs.ru.nl\/~elenam\/\">Elena Marchiori<\/a><\/li><li>2012: <a href=\"http:\/\/www.ads.tuwien.ac.at\/people\/Raidl.html\">Guenther R. Raidl<\/a><\/li><li>2011: <a href=\"http:\/\/www.elec.york.ac.uk\/staff\/academic\/jfm.html\">Julian Miller<\/a><\/li><li>2010: <a href=\"http:\/\/www.hec.unil.ch\/people\/mtomassini\">Marco Tomassini<\/a> <a href=\"http:\/\/www.flickr.com\/photos\/61761673@N00\/4510927716\/\">[pic]<\/a><\/li><li>2009: <a href=\"http:\/\/ernesto.dei.uc.pt\">Ernesto Costa<\/a> and <a href=\"http:\/\/www.ce.unipr.it\/people\/cagnoni\/\">Stefano Cagnoni<\/a> <a href=\"http:\/\/www.flickr.com\/photos\/nicmcphee\/2378913548\/\">[pic]<\/a> <a href=\"http:\/\/www.flickr.com\/photos\/bekas\/3483364499\/\">[pic]<\/a> <\/li><li>2008: <a href=\"http:\/\/www.cs.ucl.ac.uk\/staff\/W.Langdon\/\">Bill Langdon<\/a> and <a href=\"http:\/\/www.lri.fr\/~marc\/\">Marc Schoenauer<\/a> <a href=\"http:\/\/www.flickr.com\/photos\/nicmcphee\/2378963862\/\">[pic]<\/a><\/li><li>2007: <a href=\"http:\/\/www.cs.mun.ca\/~banzhaf\/\">Wolfgang Banzhaf<\/a> and <a href=\"http:\/\/dces.essex.ac.uk\/staff\/rpoli\/\">Riccardo Poli<\/a><\/li><li>2006: Jennifer Willies<\/li><\/ul>\n\n\n\n<h3 class=\"wp-block-heading\">Best Paper Awards<\/h3>\n\n\n\n<ul><li><a href=\"http:\/\/evostar.org\/2022\/awards\">2022<\/a><\/li><li><a href=\"http:\/\/www.evostar.org\/2021\/awards\/\">2021<\/a><\/li><li><a href=\"http:\/\/www.evostar.org\/2020\/awards\/\">2020<\/a><\/li><li><a href=\"http:\/\/www.evostar.org\/2019\/programme_bestpapers.php\">2019<\/a><\/li><li><a href=\"http:\/\/www.evostar.org\/2018\/programme_bestpapers.php\">2018<\/a><\/li><li><a href=\"http:\/\/www.evostar.org\/2017\/programme_bestpapers.php\">2017<\/a><\/li><li><a href=\"http:\/\/www.evostar.org\/2016\/programme_bestpapers.php\">2016<\/a><\/li><li>2015<\/li><li><a href=\"http:\/\/www.evostar.org\/2014\/BestPaperAwards.html\">2014<\/a><\/li><li>2013<\/li><li>2012<\/li><li>2011<\/li><li>2010<\/li><li>2009<\/li><li>2008<\/li><li>2007<\/li><li>2006<\/li><li>2005<\/li><\/ul>\n\n\n\n<h3 class=\"wp-block-heading\">Best Student Poster Awards<\/h3>\n\n\n\n<ul><li><a href=\"https:\/\/evostar.org\/2022\/awards\">2022<\/a><\/li><li><a href=\"http:\/\/www.evostar.org\/2021\/awards\/\">2021<\/a><\/li><\/ul>\n\n\n\n<h3 class=\"wp-block-heading\">Best Poster Awards<\/h3>\n\n\n\n<ul><li><a href=\"http:\/\/www.evostar.org\/2019\/awards_other.php\">2019<\/a><\/li><li><a href=\"http:\/\/www.evostar.org\/2018\/awards_other.php\">2018<\/a><\/li><\/ul>\n\n\n\n<h3 class=\"wp-block-heading\">Best Student Paper Awards<\/h3>\n\n\n\n<ul><li><a href=\"http:\/\/www.evostar.org\/2019\/awards_outstanding_students.php\">2019<\/a><\/li><li><a href=\"http:\/\/www.evostar.org\/2018\/awards_outstanding_students.php\">2018<\/a><\/li><\/ul>\n\n\n\n<h3 class=\"wp-block-heading\">Dissemination Awards<\/h3>\n\n\n\n<p>For active contribution to the Evostar Wikipedia page:<\/p>\n\n\n\n<p><strong>William B. Langdon<\/strong><\/p>\n\n\n\n<ul><li><a href=\"http:\/\/www.evostar.org\/2020\/awards\/\">2020<\/a><\/li><li><a href=\"http:\/\/www.evostar.org\/2019\/awards_other.php\">2019<\/a><\/li><li><a href=\"http:\/\/www.evostar.org\/2018\/awards_other.php\">2018<\/a><\/li><\/ul>\n","protected":false},"excerpt":{"rendered":"<p>Evo* Award for Outstanding Contribution to Evolutionary Computation in Europe 2023 Winner: Mengjie Zhang (Victoria University of Wellington)&nbsp; Evo* 2023 Best Paper Awards EuroGP Graph Networks as Inductive Bias for Genetic Programming: Symbolic Models for Particle-Laden FlowsJulia Reuter, Sanaz Mostaghim, Hani Elmestikawy, Fabien Evrard and Berend van Wachem See all the EuroGP best paper nominees [&hellip;]<\/p>\n","protected":false},"author":15,"featured_media":0,"parent":0,"menu_order":0,"comment_status":"closed","ping_status":"closed","template":"","meta":{"footnotes":""},"_links":{"self":[{"href":"https:\/\/www.evostar.org\/2023\/wp-json\/wp\/v2\/pages\/1269"}],"collection":[{"href":"https:\/\/www.evostar.org\/2023\/wp-json\/wp\/v2\/pages"}],"about":[{"href":"https:\/\/www.evostar.org\/2023\/wp-json\/wp\/v2\/types\/page"}],"author":[{"embeddable":true,"href":"https:\/\/www.evostar.org\/2023\/wp-json\/wp\/v2\/users\/15"}],"replies":[{"embeddable":true,"href":"https:\/\/www.evostar.org\/2023\/wp-json\/wp\/v2\/comments?post=1269"}],"version-history":[{"count":23,"href":"https:\/\/www.evostar.org\/2023\/wp-json\/wp\/v2\/pages\/1269\/revisions"}],"predecessor-version":[{"id":2549,"href":"https:\/\/www.evostar.org\/2023\/wp-json\/wp\/v2\/pages\/1269\/revisions\/2549"}],"wp:attachment":[{"href":"https:\/\/www.evostar.org\/2023\/wp-json\/wp\/v2\/media?parent=1269"}],"curies":[{"name":"wp","href":"https:\/\/api.w.org\/{rel}","templated":true}]}}