{"id":70,"date":"2019-06-06T01:50:57","date_gmt":"2019-06-05T23:50:57","guid":{"rendered":"http:\/\/localhost:8080\/?page_id=70"},"modified":"2023-05-03T17:26:24","modified_gmt":"2023-05-03T15:26:24","slug":"organizers","status":"publish","type":"page","link":"https:\/\/www.evostar.org\/2023\/organizers\/","title":{"rendered":"Organizers"},"content":{"rendered":"\n<h3 class=\"wp-block-heading\">EvoStar&nbsp;2023 local chairs<\/h3>\n\n\n\n<figure class=\"wp-block-table aligncenter is-style-stripes\"><table  class=\" table table-hover\" ><tbody><tr><td><img loading=\"lazy\" decoding=\"async\" width=\"414\" height=\"532\" class=\"wp-image-2034\" style=\"width: 150px;\" src=\"https:\/\/www.evostar.org\/2023\/wp-content\/uploads\/2022\/06\/Jaros.jpeg\" alt=\"Jiri Jaros\" srcset=\"https:\/\/www.evostar.org\/2023\/wp-content\/uploads\/2022\/06\/Jaros.jpeg 414w, https:\/\/www.evostar.org\/2023\/wp-content\/uploads\/2022\/06\/Jaros-233x300.jpeg 233w\" sizes=\"(max-width: 414px) 100vw, 414px\" \/><\/td><td><img loading=\"lazy\" decoding=\"async\" width=\"414\" height=\"532\" class=\"wp-image-2035\" style=\"width: 150px;\" src=\"https:\/\/www.evostar.org\/2023\/wp-content\/uploads\/2022\/06\/Sekanina.jpeg\" alt=\"\" srcset=\"https:\/\/www.evostar.org\/2023\/wp-content\/uploads\/2022\/06\/Sekanina.jpeg 414w, https:\/\/www.evostar.org\/2023\/wp-content\/uploads\/2022\/06\/Sekanina-233x300.jpeg 233w\" sizes=\"(max-width: 414px) 100vw, 414px\" \/><\/td><\/tr><tr><td>Jiri Jaros, Brno University of Technology, Czech Republic<\/td><td>Lukas Sekanina, Brno University of Technology, Czech Republic<\/td><\/tr><\/tbody><\/table><\/figure>\n\n\n\n<h3 class=\"wp-block-heading\">EuroGP<\/h3>\n\n\n\n<h4 class=\"wp-block-heading\">26th European Conference on Genetic Programming<\/h4>\n\n\n\n<p><strong>EuroGP&nbsp;programme chairs:<\/strong><\/p>\n\n\n\n<figure class=\"wp-block-table aligncenter is-style-stripes\"><table  class=\" table table-hover\" ><tbody><tr><td><img loading=\"lazy\" decoding=\"async\" width=\"147\" height=\"180\" class=\"wp-image-1407\" style=\"width: 147px;\" src=\"https:\/\/www.evostar.org\/2023\/wp-content\/uploads\/2021\/05\/B44B1203-27BC-483A-8561-56B53E48415E.jpeg\" alt=\"\"><\/td><td><img loading=\"lazy\" decoding=\"async\" width=\"227\" height=\"256\" class=\"wp-image-2079\" style=\"width: 150px;\" src=\"https:\/\/www.evostar.org\/2023\/wp-content\/uploads\/2022\/06\/citations.jpeg\" alt=\"\"><\/td><\/tr><tr><td>Gisele Pappa, Universidade Federal de Minas Gerais, Brazil<\/td><td>Mario Giacobini, University of Torino, Italy<\/td><\/tr><\/tbody><\/table><\/figure>\n\n\n\n<p><strong>EuroGP&nbsp;publication chair:<\/strong><\/p>\n\n\n\n<figure class=\"wp-block-table aligncenter is-style-stripes\"><table  class=\" table table-hover\" ><tbody><tr><td><img loading=\"lazy\" decoding=\"async\" width=\"512\" height=\"512\" class=\"wp-image-2151\" style=\"width: 150px;\" src=\"https:\/\/www.evostar.org\/2023\/wp-content\/uploads\/2022\/07\/Zdenek-Vasicek-2.jpg\" alt=\"\" srcset=\"https:\/\/www.evostar.org\/2023\/wp-content\/uploads\/2022\/07\/Zdenek-Vasicek-2.jpg 512w, https:\/\/www.evostar.org\/2023\/wp-content\/uploads\/2022\/07\/Zdenek-Vasicek-2-300x300.jpg 300w, https:\/\/www.evostar.org\/2023\/wp-content\/uploads\/2022\/07\/Zdenek-Vasicek-2-150x150.jpg 150w, https:\/\/www.evostar.org\/2023\/wp-content\/uploads\/2022\/07\/Zdenek-Vasicek-2-60x60.jpg 60w\" sizes=\"(max-width: 512px) 100vw, 512px\" \/><\/td><\/tr><tr><td>Zdenek Vasicek, Brno University of Technology, Czech Republic<\/td><\/tr><\/tbody><\/table><\/figure>\n\n\n\n<h3 class=\"wp-block-heading\">EvoAPPLICATIONS<\/h3>\n\n\n\n<h4 class=\"wp-block-heading\">26th International Conference on the Applications of Evolutionary Computation<\/h4>\n\n\n\n<p><strong>EvoApplications&nbsp;Chair:<\/strong><\/p>\n\n\n\n<figure class=\"wp-block-table aligncenter is-style-stripes\"><table  class=\" table table-hover\" ><tbody><tr><td><img loading=\"lazy\" decoding=\"async\" width=\"698\" height=\"842\" class=\"wp-image-140\" style=\"width: 150px;\" src=\"https:\/\/www.evostar.org\/2023\/wp-content\/uploads\/2019\/08\/joao_correia.png\" alt=\"\" srcset=\"https:\/\/www.evostar.org\/2023\/wp-content\/uploads\/2019\/08\/joao_correia.png 698w, https:\/\/www.evostar.org\/2023\/wp-content\/uploads\/2019\/08\/joao_correia-249x300.png 249w\" sizes=\"(max-width: 698px) 100vw, 698px\" \/><\/td><\/tr><tr><td>Jo\u00e3o Correia, University of Coimbra, Portugal<\/td><\/tr><\/tbody><\/table><\/figure>\n\n\n\n<p><strong>EvoApplications Co-chair:<\/strong><\/p>\n\n\n\n<figure class=\"wp-block-table aligncenter is-style-stripes\"><table  class=\" table table-hover\" ><tbody><tr><td><img loading=\"lazy\" decoding=\"async\" width=\"218\" height=\"297\" class=\"wp-image-2045\" style=\"width: 150px;\" src=\"https:\/\/www.evostar.org\/2023\/wp-content\/uploads\/2022\/06\/Stephen-Smith.png\" alt=\"\"><\/td><\/tr><tr><td>Stephen Smith, University of York, United Kingdom<\/td><\/tr><\/tbody><\/table><\/figure>\n\n\n\n<p><strong>EvoApplications&nbsp;Publication Chair:<\/strong><\/p>\n\n\n\n<figure class=\"wp-block-table aligncenter is-style-stripes\"><table  class=\" table table-hover\" ><tbody><tr><td><img loading=\"lazy\" decoding=\"async\" width=\"150\" height=\"150\" class=\"wp-image-2046\" style=\"width: 150px;\" src=\"https:\/\/www.evostar.org\/2023\/wp-content\/uploads\/2022\/06\/raneem-150x150-1.jpg\" alt=\"\" srcset=\"https:\/\/www.evostar.org\/2023\/wp-content\/uploads\/2022\/06\/raneem-150x150-1.jpg 150w, https:\/\/www.evostar.org\/2023\/wp-content\/uploads\/2022\/06\/raneem-150x150-1-60x60.jpg 60w\" sizes=\"(max-width: 150px) 100vw, 150px\" \/><\/td><\/tr><tr><td>Raneem Qaddoura, Al Hussein Technical University, Jordania<\/td><\/tr><\/tbody><\/table><\/figure>\n\n\n\n<h3 class=\"wp-block-heading\">EvoCOP<\/h3>\n\n\n\n<h4 class=\"wp-block-heading\">23rd European Conference on Evolutionary Computation in Combinatorial Optimisation<\/h4>\n\n\n\n<p><strong>EvoCOP&nbsp;programme chairs:<\/strong><\/p>\n\n\n\n<figure class=\"wp-block-table aligncenter is-style-stripes\"><table  class=\" table table-hover\" ><tbody><tr><td><img loading=\"lazy\" decoding=\"async\" width=\"356\" height=\"316\" class=\"wp-image-1481\" style=\"width: 150px;\" src=\"https:\/\/www.evostar.org\/2023\/wp-content\/uploads\/2021\/07\/Leslie-perez.png\" alt=\"\" srcset=\"https:\/\/www.evostar.org\/2023\/wp-content\/uploads\/2021\/07\/Leslie-perez.png 356w, https:\/\/www.evostar.org\/2023\/wp-content\/uploads\/2021\/07\/Leslie-perez-300x266.png 300w\" sizes=\"(max-width: 356px) 100vw, 356px\" \/><\/td><td><img loading=\"lazy\" decoding=\"async\" width=\"200\" height=\"200\" class=\"wp-image-2153\" style=\"width: 150px;\" src=\"https:\/\/www.evostar.org\/2023\/wp-content\/uploads\/2022\/07\/i200_54d4c8286f0324.82325109-2.jpeg\" alt=\"\" srcset=\"https:\/\/www.evostar.org\/2023\/wp-content\/uploads\/2022\/07\/i200_54d4c8286f0324.82325109-2.jpeg 200w, https:\/\/www.evostar.org\/2023\/wp-content\/uploads\/2022\/07\/i200_54d4c8286f0324.82325109-2-150x150.jpeg 150w, https:\/\/www.evostar.org\/2023\/wp-content\/uploads\/2022\/07\/i200_54d4c8286f0324.82325109-2-60x60.jpeg 60w\" sizes=\"(max-width: 200px) 100vw, 200px\" \/><\/td><\/tr><tr><td>Leslie P\u00e9rez-C\u00e1ceres, Pontificia Universidad Cat\u00f3lica de Valpara\u00edso, Chile<\/td><td>Thomas St\u00fctzle, Universit\u00e9 Libre de Bruxelles, Belgium<\/td><\/tr><\/tbody><\/table><\/figure>\n\n\n\n<h3 class=\"wp-block-heading\">EvoMUSART<\/h3>\n\n\n\n<h4 class=\"wp-block-heading\">12th International Conference on Computational Intelligence in Music, Sound, Art and Design<\/h4>\n\n\n\n<p><strong>EvoMUSART&nbsp;programme chairs:<\/strong><\/p>\n\n\n\n<figure class=\"wp-block-table aligncenter is-style-stripes\"><table  class=\" table table-hover\" ><tbody><tr><td><img loading=\"lazy\" decoding=\"async\" width=\"200\" height=\"200\" class=\"wp-image-1413\" style=\"width: 150px;\" src=\"https:\/\/www.evostar.org\/2023\/wp-content\/uploads\/2021\/05\/70DBC3DE-C059-4525-AFAA-5721345CE2E1.jpeg\" alt=\"Nereida Rodr\u00edguez-Fern\u00e1ndez\" srcset=\"https:\/\/www.evostar.org\/2023\/wp-content\/uploads\/2021\/05\/70DBC3DE-C059-4525-AFAA-5721345CE2E1.jpeg 200w, https:\/\/www.evostar.org\/2023\/wp-content\/uploads\/2021\/05\/70DBC3DE-C059-4525-AFAA-5721345CE2E1-150x150.jpeg 150w, https:\/\/www.evostar.org\/2023\/wp-content\/uploads\/2021\/05\/70DBC3DE-C059-4525-AFAA-5721345CE2E1-60x60.jpeg 60w\" sizes=\"(max-width: 200px) 100vw, 200px\" \/><\/td><td><img loading=\"lazy\" decoding=\"async\" width=\"240\" height=\"304\" class=\"wp-image-125\" style=\"width: 150px;\" src=\"https:\/\/www.evostar.org\/2023\/wp-content\/uploads\/2019\/08\/colin_johnson.png\" alt=\"\" srcset=\"https:\/\/www.evostar.org\/2023\/wp-content\/uploads\/2019\/08\/colin_johnson.png 240w, https:\/\/www.evostar.org\/2023\/wp-content\/uploads\/2019\/08\/colin_johnson-237x300.png 237w\" sizes=\"(max-width: 240px) 100vw, 240px\" \/><\/td><\/tr><tr><td>Nereida Rodr\u00edguez-Fern\u00e1ndez, University of A Coru\u00f1a, Spain<\/td><td>Colin Johnson, University of Nottingham, United Kingdom<\/td><\/tr><\/tbody><\/table><\/figure>\n\n\n\n<p><strong>EvoMUSART&nbsp;Publication chair:<\/strong><\/p>\n\n\n\n<figure class=\"wp-block-table aligncenter is-style-stripes\"><table  class=\" table table-hover\" ><tbody><tr><td><img decoding=\"async\" class=\"wp-image-156\" style=\"width: 150px;\" src=\"https:\/\/www.evostar.org\/2023\/wp-content\/uploads\/2020\/02\/sergio_rebelo.jpg\" alt=\"\"><\/td><\/tr><tr><td>S\u00e9rgio Rebelo, University of Coimbra, Portugal<\/td><\/tr><\/tbody><\/table><\/figure>\n\n\n\n<h3 class=\"wp-block-heading\">Late-Breaking Abstracts Chair<\/h3>\n\n\n\n<figure class=\"wp-block-table aligncenter is-style-stripes\"><table  class=\" table table-hover\" ><tbody><tr><td><img decoding=\"async\" class=\"wp-image-140\" style=\"width: 150px;\" src=\"https:\/\/www.evostar.org\/2023\/wp-content\/uploads\/2019\/08\/antonio_mora.jpg\" alt=\"\"><\/td><\/tr><tr><td>Antonio M. Mora, University of Granada, Spain<\/td><\/tr><\/tbody><\/table><\/figure>\n\n\n\n<h3 class=\"wp-block-heading\">Publicity chair<\/h3>\n\n\n\n<figure class=\"wp-block-table aligncenter is-style-stripes\"><table  class=\" table table-hover\" ><tbody><tr><td><img loading=\"lazy\" decoding=\"async\" width=\"698\" height=\"842\" class=\"wp-image-140\" style=\"width: 150px;\" src=\"https:\/\/www.evostar.org\/2023\/wp-content\/uploads\/2019\/08\/joao_correia.png\" alt=\"\" srcset=\"https:\/\/www.evostar.org\/2023\/wp-content\/uploads\/2019\/08\/joao_correia.png 698w, https:\/\/www.evostar.org\/2023\/wp-content\/uploads\/2019\/08\/joao_correia-249x300.png 249w\" sizes=\"(max-width: 698px) 100vw, 698px\" \/><\/td><\/tr><tr><td>Jo\u00e3o Correia, University of Coimbra, Portugal<\/td><\/tr><\/tbody><\/table><\/figure>\n\n\n\n<h3 class=\"wp-block-heading\">Graphic Identity Team<\/h3>\n\n\n\n<figure class=\"wp-block-table aligncenter is-style-stripes\"><table  class=\" table table-hover\" ><tbody><tr><td><figure><img decoding=\"async\" class=\"wp-image-157\" style=\"width: 150px;\" src=\"https:\/\/www.evostar.org\/2023\/wp-content\/uploads\/2020\/02\/sergio_rebelo.jpg\" alt=\"\"><\/figure><\/td><td><figure><img loading=\"lazy\" decoding=\"async\" width=\"698\" height=\"842\" class=\"wp-image-140\" style=\"width: 150px;\" src=\"https:\/\/www.evostar.org\/2023\/wp-content\/uploads\/2019\/08\/joao_correia.png\" alt=\"\" srcset=\"https:\/\/www.evostar.org\/2023\/wp-content\/uploads\/2019\/08\/joao_correia.png 698w, https:\/\/www.evostar.org\/2023\/wp-content\/uploads\/2019\/08\/joao_correia-249x300.png 249w\" sizes=\"(max-width: 698px) 100vw, 698px\" \/><\/figure><\/td><\/tr><tr><td>S\u00e9rgio Rebelo, University of Coimbra, Portugal<\/td><td>Jo\u00e3o Correia, University of Coimbra, Portugal<\/td><\/tr><tr><td><figure><img loading=\"lazy\" decoding=\"async\" width=\"512\" height=\"512\" class=\"wp-image-169\" style=\"width: 150px;\" src=\"https:\/\/www.evostar.org\/2023\/wp-content\/uploads\/2019\/08\/tiago_martins.jpg\" alt=\"\" srcset=\"https:\/\/www.evostar.org\/2023\/wp-content\/uploads\/2019\/08\/tiago_martins.jpg 512w, https:\/\/www.evostar.org\/2023\/wp-content\/uploads\/2019\/08\/tiago_martins-150x150.jpg 150w, https:\/\/www.evostar.org\/2023\/wp-content\/uploads\/2019\/08\/tiago_martins-300x300.jpg 300w, https:\/\/www.evostar.org\/2023\/wp-content\/uploads\/2019\/08\/tiago_martins-60x60.jpg 60w\" sizes=\"(max-width: 512px) 100vw, 512px\" \/><\/figure><\/td><td><\/td><\/tr><tr><td>Tiago Martins, University of Coimbra, Portugal<\/td><td><\/td><\/tr><\/tbody><\/table><\/figure>\n\n\n\n<h3 class=\"wp-block-heading\">Submission System Coordinator<\/h3>\n\n\n\n<figure class=\"wp-block-table aligncenter is-style-stripes\"><table  class=\" table table-hover\" ><tbody><tr><td><figure><img loading=\"lazy\" decoding=\"async\" width=\"375\" height=\"500\" class=\"wp-image-157\" style=\"width: 150px;\" src=\"https:\/\/www.evostar.org\/2023\/wp-content\/uploads\/2019\/08\/nuno_lourenco.jpg\" alt=\"\" srcset=\"https:\/\/www.evostar.org\/2023\/wp-content\/uploads\/2019\/08\/nuno_lourenco.jpg 375w, https:\/\/www.evostar.org\/2023\/wp-content\/uploads\/2019\/08\/nuno_lourenco-225x300.jpg 225w\" sizes=\"(max-width: 375px) 100vw, 375px\" \/><\/figure><\/td><\/tr><tr><td>Nuno Louren\u00e7o, University of Coimbra, Portugal<\/td><\/tr><\/tbody><\/table><\/figure>\n\n\n\n<h3 class=\"wp-block-heading\">Web Person<\/h3>\n\n\n\n<figure class=\"wp-block-table aligncenter is-style-stripes\"><table  class=\" table table-hover\" ><tbody><tr><td><figure><img decoding=\"async\" class=\"wp-image-157\" style=\"width: 150px;\" src=\"https:\/\/www.evostar.org\/2023\/wp-content\/uploads\/2019\/08\/jose_francisco_chicano.jpg\" alt=\"\"><\/figure><\/td><\/tr><tr><td>Francisco Chicano, University of Malaga, Spain<\/td><\/tr><\/tbody><\/table><\/figure>\n\n\n\n<h3 class=\"wp-block-heading\">EvoStar&nbsp;coordinator<\/h3>\n\n\n\n<figure class=\"wp-block-table aligncenter is-style-stripes\"><table  class=\" table table-hover\" ><tbody><tr><td><img loading=\"lazy\" decoding=\"async\" width=\"392\" height=\"640\" class=\"wp-image-120\" style=\"width: 150px;\" src=\"https:\/\/www.evostar.org\/2023\/wp-content\/uploads\/2019\/08\/anna_esparcia2.jpg\" alt=\"\" srcset=\"https:\/\/www.evostar.org\/2023\/wp-content\/uploads\/2019\/08\/anna_esparcia2.jpg 392w, https:\/\/www.evostar.org\/2023\/wp-content\/uploads\/2019\/08\/anna_esparcia2-184x300.jpg 184w\" sizes=\"(max-width: 392px) 100vw, 392px\" \/><\/td><\/tr><tr><td>Anna Esparcia-Alc\u00e1zar, Universitat Polit\u00e8cnica de Val\u00e8ncia, Spain<\/td><\/tr><\/tbody><\/table><\/figure>\n\n\n\n<h3 class=\"wp-block-heading\">Student Affairs<\/h3>\n\n\n\n<figure class=\"wp-block-table aligncenter is-style-stripes\"><table  class=\" table table-hover\" ><tbody><tr><td><img decoding=\"async\" class=\"wp-image-163\" style=\"width: 150px;\" src=\"https:\/\/www.evostar.org\/2023\/wp-content\/uploads\/2023\/02\/Giorgia.jpeg\" alt=\"\"><\/td><td><img decoding=\"async\" class=\"wp-image-120\" style=\"width: 150px;\" src=\"https:\/\/www.evostar.org\/2023\/wp-content\/uploads\/2023\/02\/Jessica.jpeg\" alt=\"\"><\/td><\/tr><tr><td>Giorgia Nadizar<br>University of Trieste, Italy<\/td><td>Jessica M\u00e9gane<br>University of Coimbra, Portugal<\/td><\/tr><tr><td><img decoding=\"async\" class=\"wp-image-135\" style=\"width: 150px;\" src=\"https:\/\/www.evostar.org\/2023\/wp-content\/uploads\/2023\/02\/Gloria.jpeg\" alt=\"\"><\/td><td><img decoding=\"async\" class=\"wp-image-1490\" style=\"width: 150px;\" src=\"https:\/\/www.evostar.org\/2023\/wp-content\/uploads\/2023\/02\/Gloria.jpg\" alt=\"\"><\/td><\/tr><tr><td>Gloria Pietropolli<br>University of Trieste, Italy<\/td><td>Tobias Benecke, Otto von Guericke University Magdeburg, Germany<\/td><\/tr><\/tbody><\/table><\/figure>\n\n\n\n<h2 class=\"wp-block-heading\">SPECIES Executive Board<\/h2>\n\n\n\n<figure class=\"wp-block-table aligncenter is-style-stripes\"><table  class=\" table table-hover\" ><tbody><tr><td><img loading=\"lazy\" decoding=\"async\" width=\"750\" height=\"1006\" class=\"wp-image-163\" style=\"width: 150px;\" src=\"https:\/\/www.evostar.org\/2023\/wp-content\/uploads\/2019\/08\/penousal_machado.jpg\" alt=\"\" srcset=\"https:\/\/www.evostar.org\/2023\/wp-content\/uploads\/2019\/08\/penousal_machado.jpg 750w, https:\/\/www.evostar.org\/2023\/wp-content\/uploads\/2019\/08\/penousal_machado-224x300.jpg 224w\" sizes=\"(max-width: 750px) 100vw, 750px\" \/><\/td><td><img loading=\"lazy\" decoding=\"async\" width=\"392\" height=\"640\" class=\"wp-image-120\" style=\"width: 150px;\" src=\"https:\/\/www.evostar.org\/2023\/wp-content\/uploads\/2019\/08\/anna_esparcia2.jpg\" alt=\"\" srcset=\"https:\/\/www.evostar.org\/2023\/wp-content\/uploads\/2019\/08\/anna_esparcia2.jpg 392w, https:\/\/www.evostar.org\/2023\/wp-content\/uploads\/2019\/08\/anna_esparcia2-184x300.jpg 184w\" sizes=\"(max-width: 392px) 100vw, 392px\" \/><\/td><\/tr><tr><td>Penousal Machado, University of Coimbra, Portugal<\/td><td>Anna Esparcia,&nbsp;Universitat Polit\u00e8cnica de Val\u00e8ncia, Spain<\/td><\/tr><tr><td><img loading=\"lazy\" decoding=\"async\" width=\"147\" height=\"180\" class=\"wp-image-141\" style=\"width: 147px;\" src=\"https:\/\/www.evostar.org\/2023\/wp-content\/uploads\/2019\/08\/jose_francisco_chicano.jpg\" alt=\"\"><\/td><td><img loading=\"lazy\" decoding=\"async\" width=\"227\" height=\"256\" class=\"wp-image-2079\" style=\"width: 150px;\" src=\"https:\/\/www.evostar.org\/2023\/wp-content\/uploads\/2022\/06\/citations.jpeg\" alt=\"\"><\/td><\/tr><tr><td>Francisco Chicano, Universidad de M\u00e1laga, Spain<\/td><td>Mario Giacobini, University of Torino, Italy<\/td><\/tr><tr><td><img loading=\"lazy\" decoding=\"async\" width=\"480\" height=\"543\" class=\"wp-image-118\" style=\"width: 150px;\" src=\"https:\/\/www.evostar.org\/2023\/wp-content\/uploads\/2019\/08\/aniko_ekart.jpg\" alt=\"\" srcset=\"https:\/\/www.evostar.org\/2023\/wp-content\/uploads\/2019\/08\/aniko_ekart.jpg 480w, https:\/\/www.evostar.org\/2023\/wp-content\/uploads\/2019\/08\/aniko_ekart-265x300.jpg 265w\" sizes=\"(max-width: 480px) 100vw, 480px\" \/><\/td><td><img decoding=\"async\" src=\"https:\/\/www.evostar.org\/2023\/wp-content\/uploads\/2019\/08\/noimg.png\" alt=\"\" style=\"width: 150px;\"><\/td><\/tr><tr><td>Aniko Ekart, Aston University, United Kingdom<\/td><td>Christine Zarges, Aberystwyth University, Wales, United Kingdom<\/td><\/tr><tr><td><img loading=\"lazy\" decoding=\"async\" width=\"133\" height=\"150\" class=\"wp-image-132\" style=\"width: 133px;\" src=\"https:\/\/www.evostar.org\/2023\/wp-content\/uploads\/2019\/08\/gabriela_ochoa.jpg\" alt=\"\"><\/td><td><img loading=\"lazy\" decoding=\"async\" width=\"180\" height=\"180\" class=\"wp-image-2080\" style=\"width: 150px;\" src=\"https:\/\/www.evostar.org\/2023\/wp-content\/uploads\/2022\/06\/photo.jpeg\" alt=\"\" srcset=\"https:\/\/www.evostar.org\/2023\/wp-content\/uploads\/2022\/06\/photo.jpeg 180w, https:\/\/www.evostar.org\/2023\/wp-content\/uploads\/2022\/06\/photo-150x150.jpeg 150w, https:\/\/www.evostar.org\/2023\/wp-content\/uploads\/2022\/06\/photo-60x60.jpeg 60w\" sizes=\"(max-width: 180px) 100vw, 180px\" \/><\/td><\/tr><tr><td>Gabriela Ochoa,&nbsp;University of Stirling, Scotland, United Kingdom<\/td><td>Habiba Akter, University of Sussex, United Kingdom<\/td><\/tr><tr><td><img loading=\"lazy\" decoding=\"async\" width=\"480\" height=\"507\" class=\"wp-image-135\" style=\"width: 150px;\" src=\"https:\/\/www.evostar.org\/2023\/wp-content\/uploads\/2019\/08\/ignacio_hidalgo.jpg\" alt=\"\" srcset=\"https:\/\/www.evostar.org\/2023\/wp-content\/uploads\/2019\/08\/ignacio_hidalgo.jpg 480w, https:\/\/www.evostar.org\/2023\/wp-content\/uploads\/2019\/08\/ignacio_hidalgo-284x300.jpg 284w\" sizes=\"(max-width: 480px) 100vw, 480px\" \/><\/td><td><img loading=\"lazy\" decoding=\"async\" width=\"200\" height=\"200\" class=\"wp-image-1490\" style=\"width: 150px;\" src=\"https:\/\/www.evostar.org\/2023\/wp-content\/uploads\/2021\/07\/File-965427.jpg\" alt=\"\" srcset=\"https:\/\/www.evostar.org\/2023\/wp-content\/uploads\/2021\/07\/File-965427.jpg 200w, https:\/\/www.evostar.org\/2023\/wp-content\/uploads\/2021\/07\/File-965427-150x150.jpg 150w, https:\/\/www.evostar.org\/2023\/wp-content\/uploads\/2021\/07\/File-965427-60x60.jpg 60w\" sizes=\"(max-width: 200px) 100vw, 200px\" \/><\/td><\/tr><tr><td>Ignacio Hidalgo, Universidad Complutense de Madrid, Spain<\/td><td>Kehinde Babaagba, Edinburgh Napier University, United Kingdom<\/td><\/tr><tr><td><img loading=\"lazy\" decoding=\"async\" width=\"1080\" height=\"980\" class=\"wp-image-2247\" style=\"width: 150px;\" src=\"https:\/\/www.evostar.org\/2023\/wp-content\/uploads\/2022\/09\/PHOTO-2022-09-05-21-31-23.jpg\" alt=\"\" srcset=\"https:\/\/www.evostar.org\/2023\/wp-content\/uploads\/2022\/09\/PHOTO-2022-09-05-21-31-23.jpg 1080w, https:\/\/www.evostar.org\/2023\/wp-content\/uploads\/2022\/09\/PHOTO-2022-09-05-21-31-23-300x272.jpg 300w, https:\/\/www.evostar.org\/2023\/wp-content\/uploads\/2022\/09\/PHOTO-2022-09-05-21-31-23-1024x929.jpg 1024w, https:\/\/www.evostar.org\/2023\/wp-content\/uploads\/2022\/09\/PHOTO-2022-09-05-21-31-23-768x697.jpg 768w\" sizes=\"(max-width: 1080px) 100vw, 1080px\" \/><\/td><td><img loading=\"lazy\" decoding=\"async\" width=\"320\" height=\"392\" class=\"wp-image-2082\" style=\"width: 150px;\" src=\"https:\/\/www.evostar.org\/2023\/wp-content\/uploads\/2022\/06\/MartaVallejo2021.jpg\" alt=\"\" srcset=\"https:\/\/www.evostar.org\/2023\/wp-content\/uploads\/2022\/06\/MartaVallejo2021.jpg 320w, https:\/\/www.evostar.org\/2023\/wp-content\/uploads\/2022\/06\/MartaVallejo2021-245x300.jpg 245w\" sizes=\"(max-width: 320px) 100vw, 320px\" \/><\/td><\/tr><tr><td>Leonardo Vanneschi, Universidade NOVA de Lisboa, Portugal<\/td><td>Marta Vallejo, Heriot Watt University, United Kingdom<\/td><\/tr><tr><td><img decoding=\"async\" src=\"https:\/\/www.evostar.org\/2023\/wp-content\/uploads\/2019\/08\/nuno_lourenco.jpg\" alt=\"\" style=\"width: 150px;\"><\/td><td><\/td><\/tr><tr><td>Nuno Louren\u00e7o,&nbsp;University of Coimbra, Portugal<\/td><td><\/td><\/tr><\/tbody><\/table><\/figure>\n","protected":false},"excerpt":{"rendered":"<p>EvoStar&nbsp;2023 local chairs Jiri Jaros, Brno University of Technology, Czech Republic Lukas Sekanina, Brno University of Technology, Czech Republic EuroGP 26th European Conference on Genetic Programming EuroGP&nbsp;programme chairs: Gisele Pappa, Universidade Federal de Minas Gerais, Brazil Mario Giacobini, University of Torino, Italy EuroGP&nbsp;publication chair: Zdenek Vasicek, Brno University of Technology, Czech Republic EvoAPPLICATIONS 26th International [&hellip;]<\/p>\n","protected":false},"author":1,"featured_media":0,"parent":0,"menu_order":0,"comment_status":"closed","ping_status":"closed","template":"","meta":{"footnotes":""},"_links":{"self":[{"href":"https:\/\/www.evostar.org\/2023\/wp-json\/wp\/v2\/pages\/70"}],"collection":[{"href":"https:\/\/www.evostar.org\/2023\/wp-json\/wp\/v2\/pages"}],"about":[{"href":"https:\/\/www.evostar.org\/2023\/wp-json\/wp\/v2\/types\/page"}],"author":[{"embeddable":true,"href":"https:\/\/www.evostar.org\/2023\/wp-json\/wp\/v2\/users\/1"}],"replies":[{"embeddable":true,"href":"https:\/\/www.evostar.org\/2023\/wp-json\/wp\/v2\/comments?post=70"}],"version-history":[{"count":66,"href":"https:\/\/www.evostar.org\/2023\/wp-json\/wp\/v2\/pages\/70\/revisions"}],"predecessor-version":[{"id":2559,"href":"https:\/\/www.evostar.org\/2023\/wp-json\/wp\/v2\/pages\/70\/revisions\/2559"}],"wp:attachment":[{"href":"https:\/\/www.evostar.org\/2023\/wp-json\/wp\/v2\/media?parent=70"}],"curies":[{"name":"wp","href":"https:\/\/api.w.org\/{rel}","templated":true}]}}