{"id":950,"date":"2020-02-28T22:42:31","date_gmt":"2020-02-28T21:42:31","guid":{"rendered":"http:\/\/www.evostar.org\/2020\/?page_id=950"},"modified":"2023-02-21T12:07:47","modified_gmt":"2023-02-21T11:07:47","slug":"accepted-papers","status":"publish","type":"page","link":"https:\/\/www.evostar.org\/2023\/accepted-papers\/","title":{"rendered":"EvoCOP Accepted Papers"},"content":{"rendered":"\n<ul><li>The Cost of Randomness in Evolutionary Algorithms: Crossover Can Save Random Bits<br><em>Carlo Kneissl and Dirk Sudholt<\/em><\/li><li>Application of Adapt-CMSA to the Two-Echelon Electric Vehicle Routing Problem with Simultaneous Pickup and Deliveries<br><em>Mehmet Anil Akbay, Can Berk Kalayci and Christian Blum<\/em><\/li><li>Decision\/Objective Space Trajectory Networks for Multi-objective Combinatorial Optimisation<br><em>Gabriela Ochoa, Arnaud Liefooghe, Yuri Lavinas and Claus Aranha<\/em><\/li><li>Application of Negative Learning Ant Colony Optimization to the Far From Most String Problem<br><em>Christian Blum and Pedro Pablo Pinacho Davidson<\/em><\/li><li>OneMax is not the Easiest Function for Fitness Improvements<br><em>Marc Kaufmann, Maxime Larcher, Johannes Lengler and Xun Zou<\/em><\/li><li>A Multilevel Optimization Approach for Large Scale Battery Exchange Station Location Planning<br><em>Thomas Jatschka, Tobias Rodemann and G\u00fcnther Raidl<\/em><\/li><li>Fairer comparisons for Travelling Salesman Problem solutions using Hash Functions<br><em>Mehdi El Krari, Rym Nesrine Guibadj, John Woodward and Denis Robilliard<\/em><\/li><li>A Policy-Based Learning Beam Search for Combinatorial Optimization<br><em>Rupert Ettrich, Marc Huber and G\u00fcnther R. Raidl<\/em><\/li><li>Monte Carlo Tree Search with Adaptive Simulation: a Case Study on Weighted Vertex Coloring<br><em>Cyril Grelier, Olivier Goudet and Jin-Kao Hao<\/em><\/li><li>Cooperative Coevolutionary Genetic Programming Hyper Heuristic for Budget Constrained Dynamic Multi-workflow Scheduling in Cloud Computing<br><em>Kirita-Rose Escott, Hui Ma and Gang Chen<\/em><\/li><li>Evolutionary Strategies for the Design of Binary Linear Codes<br><em>Claude Carlet, Luca Mariot, Luca Manzoni and Stjepan Picek<\/em><\/li><li>On the effect of solution representation and neighborhood definition in AutoML Fitness Landscapes<br><em>Matheus C\u00e2ndido Teixeira and Gisele Pappa<\/em><\/li><li>Multi-objectivization Relaxes Multi-funnel Structures in Single-objective NK-landscapes<br><em>Shoichiro Tanaka, Keiki Takadama and Hiroyuki Sato<\/em><\/li><li>Real-World Vehicle Routing using Adaptive Large Neighborhood Search<br><em>Vojt\u011bch Sassmann, Hana Rudov\u00e1, Michal Gabonay and V\u00e1clav Sobotka<\/em><\/li><li>A memetic algorithm for deinterleaving pulse trains<br><em>Jean Pinsolle, Olivier Goudet, Cyrille Enderli and Jin-Kao Hao<\/em><\/li><\/ul>\n","protected":false},"excerpt":{"rendered":"<p>The Cost of Randomness in Evolutionary Algorithms: Crossover Can Save Random BitsCarlo Kneissl and Dirk Sudholt Application of Adapt-CMSA to the Two-Echelon Electric Vehicle Routing Problem with Simultaneous Pickup and DeliveriesMehmet Anil Akbay, Can Berk Kalayci and Christian Blum Decision\/Objective Space Trajectory Networks for Multi-objective Combinatorial OptimisationGabriela Ochoa, Arnaud Liefooghe, Yuri Lavinas and Claus Aranha [&hellip;]<\/p>\n","protected":false},"author":4,"featured_media":0,"parent":0,"menu_order":0,"comment_status":"closed","ping_status":"closed","template":"","meta":{"footnotes":""},"_links":{"self":[{"href":"https:\/\/www.evostar.org\/2023\/wp-json\/wp\/v2\/pages\/950"}],"collection":[{"href":"https:\/\/www.evostar.org\/2023\/wp-json\/wp\/v2\/pages"}],"about":[{"href":"https:\/\/www.evostar.org\/2023\/wp-json\/wp\/v2\/types\/page"}],"author":[{"embeddable":true,"href":"https:\/\/www.evostar.org\/2023\/wp-json\/wp\/v2\/users\/4"}],"replies":[{"embeddable":true,"href":"https:\/\/www.evostar.org\/2023\/wp-json\/wp\/v2\/comments?post=950"}],"version-history":[{"count":11,"href":"https:\/\/www.evostar.org\/2023\/wp-json\/wp\/v2\/pages\/950\/revisions"}],"predecessor-version":[{"id":2370,"href":"https:\/\/www.evostar.org\/2023\/wp-json\/wp\/v2\/pages\/950\/revisions\/2370"}],"wp:attachment":[{"href":"https:\/\/www.evostar.org\/2023\/wp-json\/wp\/v2\/media?parent=950"}],"curies":[{"name":"wp","href":"https:\/\/api.w.org\/{rel}","templated":true}]}}