{"id":963,"date":"2020-02-28T23:00:16","date_gmt":"2020-02-28T22:00:16","guid":{"rendered":"http:\/\/www.evostar.org\/2020\/?page_id=963"},"modified":"2023-02-21T12:09:38","modified_gmt":"2023-02-21T11:09:38","slug":"evomusart-accepted-papers","status":"publish","type":"page","link":"https:\/\/www.evostar.org\/2023\/evomusart-accepted-papers\/","title":{"rendered":"EvoMUSART Accepted Papers"},"content":{"rendered":"\n<h3 class=\"wp-block-heading\">Long Talks<\/h3>\n\n\n\n<ul><li>AI-rmonies of the Spheres<br><em>Adrian Garcia Riber and Francisco Serradilla Garcia<\/em><\/li><li>LyricJam Sonic: A Generative System for Real-Time Composition and Musical Improvisation<br><em>Olga Vechtomova and Gaurav Sahu<\/em><\/li><li>Searching For Human Bias Against AI-Composed Music<br><em>Dimiter Zlatkov, Jeffrey Ens and Phillipe Pasquier<\/em><\/li><li>Visual Representation of the Internet Consumption in the European Union<br><em>Telma Rodrigues, Catarina Ma\u00e7\u00e3s and Ana Rodrigues<\/em><\/li><li>GTR-CTRL: Instrument and Genre Conditioning for Guitar-Focused Music Generation with Transformers<br><em>Pedro Sarmento, Adarsh Kumar, Yu-Hua Chen, Cj Carr, Zack Zukowski and Mathieu Barthet<\/em><\/li><li>Chordal embeddings based on topology of the tonal space<br><em>Anton Ayzenberg, Maxim Beketov, Aleksandra Burashnikova, German Magai, Anton Polevoi, Ivan Shanin and Konstantin Sorokin<\/em><\/li><li>Using Autoencoders to Generate Skeleton-based Typography<br><em>J\u00e9ssica Parente, Luis Gon\u00e7alo, Tiago Martins, Jo\u00e3o Miguel Cunha, Jo\u00e3o Bicker and Penousal Machado<\/em><\/li><li>Application of Neural Architecture Search to Instrument Recognition in Polyphonic Audio<br><em>Leonard Fricke, Igor Vatolkin and Fabian Ostermann<\/em><\/li><li>LooperGP: A Loopable Sequence Model for Live Coding Performance using GuitarPro Tablature<br><em>Sara Adkins, Pedro Sarmento and Mathieu Barthet<\/em><\/li><li>Extending the Visual Arts experience: Sonifying Paintings with AI<br><em>Thomas Fink and Almila Akdag<\/em><\/li><li>Is beauty in the age of the beholder?<br><em>Edward Easton, Aniko Ekart and Ulysses Bernardet<\/em><\/li><li>SUNMASK: Mask Enhanced Control in Step Unrolled Denoising Autoencoders<br><em>Kyle Kastner, Tim Cooijmans, Yusong Wu and Aaron Courville<\/em><\/li><li>SketchSynth: cross-modal control of sound synthesis<br><em>Sebastian L\u00f6bbers, Louise Thorpe and Gy\u00f6rgy Fazekas<\/em><\/li><li>Music Generation with Multiple Ant Colonies Interacting on Multilayer Graphs<br><em>Lluc Bono Rossell\u00f3 and Hugues Bersini<\/em><\/li><li>Automatically Adding to Artistic Cultures<br><em>Simon Colton and Berker Banar<\/em><\/li><li>Extending Generative Neo-Riemannian Theory for Event-based Soundtrack Production<br><em>Simon Colton and Sara Cardinale<\/em><\/li><li>Artistic Curve Steganography Carried by Musical Audio<br><em>Christopher Tralie<\/em><\/li><li>Towards the Evolution of Prompts with MetaPrompter<br><em>Tiago Martins, Jo\u00e3o Miguel Cunha, Jo\u00e3o Correia and Penousal Machado<\/em><\/li><li>Is Writing Prompts Really Making Art?<br><em>Jon McCormack, Camilo Cruz Gambardella, Nina Rajcic, Stephen Krol, Teresa Llano and Meng Yang<\/em><\/li><li>Using GPT-3 to achieve semantically relevant data sonificiation for an art installation<br><em>Rodolfo Ocampo, Josh Andres, Adrian Schmidt, Caroline Pegram, Justin Shave, Charlton Hill, Brendan Wright and Oliver Bown<\/em><\/li><\/ul>\n\n\n\n<h3 class=\"wp-block-heading\">Short Talks<\/h3>\n\n\n\n<ul><li>Fabric Sketch Augmentation &amp; Styling via Deep Learning &amp; Image Synthesis Techniques<br><em>Omema Ahmed, Muhammad Salman Abid, Aiman Junaid and Syeda Saleha Raza<\/em><\/li><li>EvoDesigner: Aiding the exploration of innovative graphic design solutions<br><em>Daniel Lopes, Jo\u00e3o Correia and Penousal Machado<\/em><\/li><li>Improving Automatic Music Genre Classification Systems by Using Descriptive Statistical Features of Audio Signals<br><em>Ravindu Perera, Manjusri Wickramasinghe and Lakshman Jayaratne<\/em><\/li><li>Musical Genre Recognition based on Deep Descriptors of Harmony, Instrumentation, and Segments<br><em>Igor Vatolkin, Mark Gotham, N\u00e9stor N\u00e1poles L\u00f3pez and Fabian Ostermann<\/em><\/li><li>OSC-Qasm: Interfacing Music Software with Quantum Computing<br><em>Omar Costa Hamido and Paulo Itabora\u00ed<\/em><\/li><li>Transposition of Simple Waveforms from Raw Audio with Deep Learning<br><em>Patrick Donnelly and Parker Carlson<\/em><\/li><li>AI-aided Ceramic Sculptures: Bridging Deep Learning with Materiality<br><em>Varvara Guljajeva and Mar Canet Sola<\/em><\/li><\/ul>\n","protected":false},"excerpt":{"rendered":"<p>Long Talks AI-rmonies of the SpheresAdrian Garcia Riber and Francisco Serradilla Garcia LyricJam Sonic: A Generative System for Real-Time Composition and Musical ImprovisationOlga Vechtomova and Gaurav Sahu Searching For Human Bias Against AI-Composed MusicDimiter Zlatkov, Jeffrey Ens and Phillipe Pasquier Visual Representation of the Internet Consumption in the European UnionTelma Rodrigues, Catarina Ma\u00e7\u00e3s and Ana [&hellip;]<\/p>\n","protected":false},"author":7,"featured_media":0,"parent":0,"menu_order":0,"comment_status":"closed","ping_status":"closed","template":"","meta":{"footnotes":""},"_links":{"self":[{"href":"https:\/\/www.evostar.org\/2023\/wp-json\/wp\/v2\/pages\/963"}],"collection":[{"href":"https:\/\/www.evostar.org\/2023\/wp-json\/wp\/v2\/pages"}],"about":[{"href":"https:\/\/www.evostar.org\/2023\/wp-json\/wp\/v2\/types\/page"}],"author":[{"embeddable":true,"href":"https:\/\/www.evostar.org\/2023\/wp-json\/wp\/v2\/users\/7"}],"replies":[{"embeddable":true,"href":"https:\/\/www.evostar.org\/2023\/wp-json\/wp\/v2\/comments?post=963"}],"version-history":[{"count":8,"href":"https:\/\/www.evostar.org\/2023\/wp-json\/wp\/v2\/pages\/963\/revisions"}],"predecessor-version":[{"id":2371,"href":"https:\/\/www.evostar.org\/2023\/wp-json\/wp\/v2\/pages\/963\/revisions\/2371"}],"wp:attachment":[{"href":"https:\/\/www.evostar.org\/2023\/wp-json\/wp\/v2\/media?parent=963"}],"curies":[{"name":"wp","href":"https:\/\/api.w.org\/{rel}","templated":true}]}}