{"id":36,"date":"2024-06-28T20:41:00","date_gmt":"2024-06-28T18:41:00","guid":{"rendered":"https:\/\/www.evostar.org\/2025\/?page_id=36"},"modified":"2025-03-12T17:20:00","modified_gmt":"2025-03-12T16:20:00","slug":"evoapps","status":"publish","type":"page","link":"https:\/\/www.evostar.org\/2025\/evoapps\/","title":{"rendered":"EvoApplications"},"content":{"rendered":"\n<figure class=\"wp-block-image size-large\"><img loading=\"lazy\" decoding=\"async\" width=\"1024\" height=\"512\" src=\"https:\/\/www.evostar.org\/2025\/wp-content\/uploads\/sites\/2\/2024\/07\/evo25-evoapps-1024x512.png\" alt=\"\" class=\"wp-image-117\" srcset=\"https:\/\/www.evostar.org\/2025\/wp-content\/uploads\/sites\/2\/2024\/07\/evo25-evoapps-1024x512.png 1024w, https:\/\/www.evostar.org\/2025\/wp-content\/uploads\/sites\/2\/2024\/07\/evo25-evoapps-300x150.png 300w, https:\/\/www.evostar.org\/2025\/wp-content\/uploads\/sites\/2\/2024\/07\/evo25-evoapps-768x384.png 768w, https:\/\/www.evostar.org\/2025\/wp-content\/uploads\/sites\/2\/2024\/07\/evo25-evoapps-1536x768.png 1536w, https:\/\/www.evostar.org\/2025\/wp-content\/uploads\/sites\/2\/2024\/07\/evo25-evoapps-2048x1024.png 2048w\" sizes=\"auto, (max-width: 1024px) 100vw, 1024px\" \/><\/figure>\n\n\n\n<p>EvoApplications, the International Conference on the Applications of Evolutionary Computation -formerly known as EvoWorkshops- brings together researchers in applications of Evolutionary Computation and other Nature-inspired techniques.<\/p>\n\n\n\n<p>EvoApplications invites high quality contributions for its 28th edition, which will be held as part of the EvoStar 2025 event and co-located within EvoStar with three related conferences: EuroGP, EvoCOP and EvoMUSART.<\/p>\n\n\n\n<p>The aim of EvoApplications is to create a friendly environment that can lead to the establishment or strengthening of scientific collaborations and exchanges among attendees.<\/p>\n\n\n\n<p>Therefore, EvoApplications solicits high-quality original research papers (including significant work-in-progress) on any aspect of applications of Evolutionary Computation, both to real-world or methodological contexts in which Evolutionary Computation can contribute to pushing the limits of the state of the art beyond the present ones.<\/p>\n\n\n\n<p>We encourage you to submit papers focused on interesting, relevant and original works that are related to all kinds of applications of Evolutionary Computation.<\/p>\n\n\n\n<p><a href=\"https:\/\/link.springer.com\/conference\/evoapplications\">EvoApplications Conference Proceedings in SpringerLink<\/a><\/p>\n\n\n\n<p>Download the CFP in PDF <a href=\"https:\/\/www.evostar.org\/2025\/wp-content\/uploads\/sites\/2\/2024\/09\/evo2025-flyers-evoapps.pdf\">here<\/a>.<\/p>\n\n\n\n<h2 class=\"wp-block-heading\">Special sessions<\/h2>\n\n\n\n<p>In addition to regular session, special sessions will be organized on the following topics:<\/p>\n\n\n\n<ul class=\"wp-block-list\">\n<li><a href=\"https:\/\/www.evostar.org\/2025\/evoapps\/pso\/\" data-type=\"page\" data-id=\"362\">30 years of Particle Swarm Optimization<\/a><\/li>\n\n\n\n<li><a href=\"https:\/\/www.evostar.org\/2025\/evoapps\/terwa\/\" data-type=\"page\" data-id=\"351\">Analysis of Evolutionary Computation Methods: Theory, Empirics, and Real-World Applications<\/a><\/li>\n\n\n\n<li><a href=\"https:\/\/www.evostar.org\/2025\/evoapps\/biosocnet\/\" data-type=\"page\" data-id=\"348\">Applications of Bioinspired techniques on Social Networks<\/a><\/li>\n\n\n\n<li><a href=\"https:\/\/www.evostar.org\/2025\/evoapps\/bagcscs\/\" data-type=\"page\" data-id=\"400\">Bioinspired Algorithms for Green Computing and Sustainable Complex Systems<\/a><\/li>\n\n\n\n<li><a href=\"https:\/\/www.evostar.org\/2025\/evoapps\/cis\/\" data-type=\"page\" data-id=\"354\">Computational Intelligence for Sustainability<\/a><\/li>\n\n\n\n<li><a href=\"https:\/\/www.evostar.org\/2025\/evoapps\/evollms\/\" data-type=\"page\" data-id=\"366\">EvoLLMs: Integrating Evolutionary Computing with Large Language Models (LLMs)<\/a><\/li>\n\n\n\n<li><a href=\"https:\/\/www.evostar.org\/2025\/evoapps\/ecml-hldf\/\" data-type=\"page\" data-id=\"370\">Evolutionary Computation and Machine Learning in Humanitarian Logistics and Disaster Forecasting<\/a><\/li>\n\n\n\n<li><a href=\"https:\/\/www.evostar.org\/2025\/evoapps\/ecefcc\/\" data-type=\"page\" data-id=\"364\">Evolutionary Computation in Edge, Fog, and Cloud Computing<\/a><\/li>\n\n\n\n<li><a href=\"https:\/\/www.evostar.org\/2025\/evoapps\/iasppr\/\" data-type=\"page\" data-id=\"356\">Evolutionary Computation in Image Analysis, Signal Processing and Pattern Recognition<\/a><\/li>\n\n\n\n<li><a href=\"https:\/\/www.evostar.org\/2025\/evoapps\/ecdhpm\/\" data-type=\"page\" data-id=\"398\">Machine Learning and AI in Digital Healthcare and Personalized Medicine<\/a><\/li>\n\n\n\n<li><a href=\"https:\/\/www.evostar.org\/2025\/evoapps\/rba\/\" data-type=\"page\" data-id=\"358\">Resilient Bio-Inspired Algorithms<\/a><\/li>\n\n\n\n<li><a href=\"https:\/\/www.evostar.org\/2025\/evoapps\/scag\/\" data-type=\"page\" data-id=\"360\">Soft Computing Applied to Games<\/a><\/li>\n<\/ul>\n\n\n\n<h2 class=\"wp-block-heading\">Conference programme chairs<\/h2>\n\n\n\n<ul class=\"wp-block-list\">\n<li><strong>Emma Hart<\/strong><br>Edinburgh Napier University, UK<br>E.Hart(at)napier.ac.uk<\/li>\n\n\n\n<li><strong>Pablo Garc\u00eda-S\u00e1nchez<\/strong><br>University of Granada<br>pablogarcia(at)ugr.es<\/li>\n<\/ul>\n\n\n\n<h2 class=\"wp-block-heading\">Publication chair<\/h2>\n\n\n\n<ul class=\"wp-block-list\">\n<li><strong>Sarah L. Thomson<\/strong><br>Edinburgh Napier University, UK<br>s.thomson4(at)napier.ac.uk<\/li>\n<\/ul>\n\n\n\n<h2 class=\"wp-block-heading\">Submission Details<\/h2>\n\n\n\n<p>Accepted papers will be published by Springer Nature in the Lecture Notes in Computer Science series. Submissions must be original and not published elsewhere. They will be peer reviewed by at least three members of the program committee. The reviewing process will be&nbsp;<strong>double-blind, so please omit information about the authors in the submitted paper<\/strong>.<\/p>\n\n\n\n<p>Follow <a href=\"https:\/\/www.evostar.org\/2025\/submit-paper\/\" data-type=\"page\" data-id=\"46\">these instructions<\/a> to submit a paper.<\/p>\n\n\n\n<h2 class=\"wp-block-heading\">Steering Committee<\/h2>\n\n\n\n<ul class=\"wp-block-list\">\n<li>Stefano Cagnoni<\/li>\n\n\n\n<li>Pedro A. Castillo<\/li>\n\n\n\n<li>Anna I Esparcia-Alc\u00e1zar<\/li>\n\n\n\n<li>Mario Giacobinni<\/li>\n\n\n\n<li>Paul Kaufmann<\/li>\n\n\n\n<li>Antonio Mora<\/li>\n\n\n\n<li>G\u00fcnther Raidl<\/li>\n\n\n\n<li>Franz Rothlauf<\/li>\n\n\n\n<li>Kevin Sim<\/li>\n\n\n\n<li>Giovanni Squillero<\/li>\n\n\n\n<li>J.L. Jimenez-Laredo<\/li>\n\n\n\n<li><strong>Honorary member<\/strong>: Cecilia di Chio<\/li>\n<\/ul>\n\n\n\n<h2 class=\"wp-block-heading\">Programme Committee<\/h2>\n\n\n\n<strong>Harith Al-Sahaf<\/strong>, Victoria University of Wellington, New Zealand, and AlShaab University, Iraq<br>\n<strong>Jacopo Aleotti<\/strong>, University of Parma, Italy<br>\n<strong>Anca Andreica<\/strong>, Babes-Bolyai University, Romania<br>\n<strong>Claus Aranha<\/strong>, University of Tsukuba, Japan<br>\n<strong>Kehinde Babaagba<\/strong>, Edinburgh Napier University, UK<br>\n<strong>Jaume Bacardit<\/strong>, Newcastle University, UK<br>\n<strong>Thomas B\u00e4ck<\/strong>, Leiden University, Netherlands<br>\n<strong>Marco Baioletti<\/strong>, Universit\u00e0 degli Studi di Perugia, Italy<br>\n<strong>Lucia Ballerini<\/strong>, The University of Edinburgh, UK<br>\n<strong>Wolfgang Banzhaf<\/strong>, Michigan State University, USA<br>\n<strong>Thomas Bartz-Beielstein<\/strong>, TH K\u00f6ln, Germany<br>\n<strong>Ying Bi<\/strong>, Zhengzhou University, Henan, China<br>\n<strong>J\u00e1nos Botzheim<\/strong>, E\u00f6tv\u00f6s Lor\u00e1nd University, Hungary<br>\n<strong>J\u00f6rg Bremer<\/strong>, University of Oldenburg , Germany<br>\n<strong>Karina Brotto Rebuli<\/strong>, Universit\u00e0 degli Studi di Torino, Italy<br>\n<strong>Will Browne<\/strong>, Queensland University of Technology, Australia<br>\n<strong>Doina Bucur<\/strong>, University of Twente, Netherlands<br>\n<strong>Maxim Buzdalov<\/strong>, Aberystwyth University, UK<br>\n<strong>Stefano Cagnoni<\/strong>, University of Parma, Italy<br>\n<strong>Fabio Caraffini<\/strong>, Swansea University, UK<br>\n<strong>Pedro Castillo<\/strong>, University of Granada, Spain<br>\n<strong>Paolo Cazzaniga<\/strong>, University of Bergamo, Italy<br>\n<strong>Ying-Ping Chen<\/strong>, National Yang Ming Chiao Tung University, Taiwan<br>\n<strong>Francisco Chicano<\/strong>, University of M\u00e1laga, Spain<br>\n<strong>Anders Christensen<\/strong>, University of Southern Denmark, Denmark<br>\n<strong>Anthony Clark<\/strong>, Pomona College, USA<br>\n<strong>Vasco Coelho<\/strong>, University of Milano-Bicocca, Italy<br>\n<strong>Jos\u00e9 Manuel Colmenar<\/strong>, Universidad Rey Juan Carlos, Spain<br>\n<strong>Feijoo Colomine D.<\/strong>, Universidad Nacional experimental del Tachira, Venezuela<br>\n<strong>Stefano Coniglio<\/strong>, University of Bergamo, Italy<br>\n<strong>Jo\u00e3o Correia<\/strong>, University of Coimbra, Portugal<br>\n<strong>Lu\u00eds Correia<\/strong>, Universidade de Lisboa, Portugal<br>\n<strong>Ernesto Costa<\/strong>, University of Coimbra, Portugal<br>\n<strong>Carlos Cotta<\/strong>, Universidad de M\u00e1laga, Spain<br>\n<strong>Fabio D&#8217;Andreagiovanni<\/strong>, University of Modena and Reggio Emilia, Italy, and Technical University Berlin, Germany<br>\n<strong>Gregoire Danoy<\/strong>, University of Luxembourg, Luxembourg<br>\n<strong>Bilel Derbel<\/strong>, CRIStAL (Univ. Lille), France<br>\n<strong>Travis Desell<\/strong>, Rochester Institute of Technology, USA<br>\n<strong>Josefa D\u00edaz \u00c1lvarez<\/strong>, Universidad de Extremadura, Spain<br>\n<strong>Laura Dipietro<\/strong>, Highland Instruments, USA<br>\n<strong>Federico Divina<\/strong>, Pablo de Olavide University, Spain<br>\n<strong>Carola Doerr<\/strong>, Sorbonne University, CNRS, France<br>\n<strong>Bernabe Dorronsoro<\/strong>, University of Cadiz, Spain<br>\n<strong>Tome Eftimov<\/strong>, Jozef Stefan Institute, Slovenia<br>\n<strong>Abdelrahman Elsaid<\/strong>, University of North Carolina Wilmington, USA<br>\n<strong>Andres Faina<\/strong>, IT University of Copenhagen, Denmark<br>\n<strong>Antonio Fern\u00e1ndez Ares<\/strong>, University of Granada, Spain<br>\n<strong>Francisco Fernandez De Vega<\/strong>, Universidad de Extremadura, Spain<br>\n<strong>Antonio J. Fern\u00e1ndez Leiva<\/strong>, Universidad de M\u00e1laga, Spain<br>\n<strong>Francesco Fontanella<\/strong>, DIEI, Universit\u00e0 di Cassino e del Lazio Meridionale, Italy<br>\n<strong>Pablo Garc\u00eda-S\u00e1nchez<\/strong>, Universidad de Granada, Spain<br>\n<strong>Mario Giacobini<\/strong>, University of Torino, Italy<br>\n<strong>Kyrre Glette<\/strong>, University of Oslo, Norway<br>\n<strong>Michael Guckert<\/strong>, THM, Germany<br>\n<strong>Maria Habib<\/strong>, University of Granada, Spain<br>\n<strong>Heiko Hamann<\/strong>, University of Konstanz, Germany<br>\n<strong>Emma Hart<\/strong>, Napier University, UK<br>\n<strong>Daniel Hernandez<\/strong>, Tecnol\u00f3gico Nacional de M\u00e9xico\/Instituto Tecnol\u00f3gico de Tijuana, Mexico<br>\n<strong>Ignacio Hidalgo<\/strong>, Universidad Complutense de Madrid, Spain<br>\n<strong>Rolf Hoffmann<\/strong>, TU Darmstadt, Germany<br>\n<strong>Giovanni Iacca<\/strong>, University of Trento, Italy<br>\n<strong>Juanlu Jim\u00e9nez<\/strong>, University of Granada, Spain<br>\n<strong>Juan Luis Jim\u00e9nez Laredo<\/strong>, Universit\u00e9 du Havre Normandie, France<br>\n<strong>Karlo Knezevic<\/strong>, University of Zagreb, Faculty of Electrical Engineering and Computing, Croatia<br>\n<strong>Anna V. Kononova<\/strong>, LIACS, Leiden University, Netherlands<br>\n<strong>Ana Kostovska<\/strong>, Jo\u017eef Stefan Institute, Slovenia<br>\n<strong>Gurhan Kucuk<\/strong>, Yeditepe University, Turkey<br>\n<strong>Waclaw Kus<\/strong>, Silesian University of Technology, Poland<br>\n<strong>Yuri Lavinas<\/strong>, University of Toulouse, France<br>\n<strong>Kenji Leibnitz<\/strong>, National Institute of Information and Communications Technology, Japan<br>\n<strong>Zichao Li<\/strong>, University of Waterloo, Canada<br>\n<strong>Federico Liberatore<\/strong>, Cardiff University, UK<br>\n<strong>Fernando Lobo<\/strong>, University of Algarve, Portugal<br>\n<strong>Michael Lones<\/strong>, Heriot-Watt University, UK<br>\n<strong>Nuno Louren\u00e7o<\/strong>, University of Coimbra, CISUC, DEI, LASI, Portugal<br>\n<strong>Gabriel Luque<\/strong>, University of M\u00e1laga, Spain<br>\n<strong>Evelyne Lutton<\/strong>, INRAE, France<br>\n<strong>Penousal Machado<\/strong>, University of Coimbra, CISUC, DEI and LASI, Portugal<br>\n<strong>Katherine Malan<\/strong>, University of South Africa, South Africa<br>\n<strong>Luca Mariot<\/strong>, University of Twente, Netherlands<br>\n<strong>Eric Medvet<\/strong>, University of Trieste, Italy<br>\n<strong>David Meg\u00edas<\/strong>, UOC, Spain<br>\n<strong>Paolo Mengoni<\/strong>, Hong Kong Baptist University, Hong Kong<br>\n<strong>Pablo Mesejo<\/strong>, University of Granada, Spain<br>\n<strong>Krzysztof Michalak<\/strong>, Wroclaw University of Economics, Poland<br>\n<strong>Mahshid Helali Moghadam<\/strong>, Scania CV AB, Sweden<br>\n<strong>Salem Mohammed<\/strong>, Mustapha Stambouli University, Algeria<br>\n<strong>Antonio Mora<\/strong>, University of Granada, Spain<br>\n<strong>Seyed Jalaleddin Mousavirad<\/strong>, Mid Sweden University, Sweden<br>\n<strong>Mario Andr\u00e9s Mu\u00f1oz<\/strong>, The University of Melbourne, Australia<br>\n<strong>Mario A. Navarro<\/strong>, Universidad de Guadalajara, Mexico<br>\n<strong>Geoff Nitschke<\/strong>, University of Cape Town, South Africa<br>\n<strong>Marco S. Nobile<\/strong>, Ca&#8217; Foscari University of Venice, Italy<br>\n<strong>Gustavo Olague<\/strong>, CICESE, Mexico<br>\n<strong>Diego Oliva<\/strong>, Universidad de Guadalajara, Mexico<br>\n<strong>Marcos Ortega Hortas<\/strong>, VARPA Group, Dpt. of Computer Science, University of A Coru\u00f1a, Spain<br>\n<strong>Daniele Maria Papetti<\/strong>, Universit\u00e0 degli studi Milano-Bicocca, Italy<br>\n<strong>Anna Paszynska<\/strong>, Jagiellonian University, Poland<br>\n<strong>Diego Daniel Pedroza-Perez<\/strong>, ITIS Software, Universidad de M\u00e1laga, M\u00e1laga, Spain<br>\n<strong>Petr Po\u0161\u00edk<\/strong>, Czech Technical University in Prague, Czech Republic<br>\n<strong>Arkadiusz Poteralski<\/strong>, Silesian University of Technology, Poland<br>\n<strong>Raneem Qaddoura<\/strong>, Al Hussein Technical University, Jordan<br>\n<strong>Elena Raponi<\/strong>, Technical University of Munich, Germany<br>\n<strong>Quentin Renau<\/strong>, Edinburgh Napier University, UK<br>\n<strong>Jos\u00e9 Carlos Ribeiro<\/strong>, Polytechnic Institute of Leiria, Portugal<br>\n<strong>Luigi Rovito<\/strong>, University of Trieste, Italy<br>\n<strong>Jose Santos<\/strong>, University of A Coru\u00f1a, Spain<br>\n<strong>Valentino Santucci<\/strong>, University for Foreigners of Perugia, Italy<br>\n<strong>Lennart Sch\u00e4permeier<\/strong>, TU Dresden, Germany<br>\n<strong>Enrico Schumann<\/strong>, University of Basel, Switzerland<br>\n<strong>Sevil Sen<\/strong>, University of York, UK<br>\n<strong>Roman Senkerik<\/strong>, TBU in Zlin, Faculty of Applied Informatics, Czech Republic<br>\n<strong>Chien-Chung Shen<\/strong>, University of Delaware, USA<br>\n<strong>Sara Silva<\/strong>, Universidade de Lisboa, Portugal<br>\n<strong>Kevin Sim<\/strong>, Edinburgh Napier University, UK<br>\n<strong>Anabela Sim\u00f5es<\/strong>, Coimbra Institute of Engineering, Portugal<br>\n<strong>Stephen Smith<\/strong>, University of York, UK<br>\n<strong>Maciej Smo\u0142ka<\/strong>, AGH University of Science and Technology, Poland<br>\n<strong>Andrea Tangherloni<\/strong>, Department of Computing Sciences, Bocconi University, Italy<br>\n<strong>Ernesto Tarantino<\/strong>, ICAR-CNR, Italy<br>\n<strong>Andrea Tettamanzi<\/strong>, Univ. Nice Sophia Antipolis, France<br>\n<strong>Sarah L. Thomson<\/strong>, Edinburgh Napier University, UK<br>\n<strong>Renato Tin\u00f3s<\/strong>, USP, Brazil<br>\n<strong>Alberto Tonda<\/strong>, INRA &#8211; France, France<br>\n<strong>Jamal Toutouh<\/strong>, Massachusetts Institute of Technology, USA<br>\n<strong>Alexander Turner<\/strong>, University of Nottingham, UK<br>\n<strong>Qurrat Ul Ain<\/strong>, Victoria University of Wellington, New Zealand<br>\n<strong>Neil Urquhart<\/strong>, Napier University, UK<br>\n<strong>Marta Vallejo<\/strong>, Heriot-Watt University, UK<br>\n<strong>Niki van Stein<\/strong>, Leiden University, Netherlands<br>\n<strong>Leonardo Vanneschi<\/strong>, Universidade NOVA de Lisboa, Portugal<br>\n<strong>Diederick Vermetten<\/strong>, Leiden Institute for Advanced Computer Science, Netherlands<br>\n<strong>Marco Villani<\/strong>, University of Modena and Reggio Emilia, Italy<br>\n<strong>Rafael Villanueva<\/strong>, Instituto Universitario de Matematica Multidisciplinar, Spain<br>\n<strong>Vanessa Volz<\/strong>, CWI, Netherlands<br>\n<strong>Jaroslaw Was<\/strong>, AGH University of Science and Technology, Department of Applied Computer Science, Poland<br>\n<strong>Simon Wells<\/strong>, Edinburgh Napier University, UK<br>\n<strong>Anil Yaman<\/strong>, Vrije Universiteit Amsterdam, Netherlands<br>\n<strong>Furong Ye<\/strong>, Leiden Institute of Advanced Computer Science, Netherlands<br>\n<strong>Ales Zamuda<\/strong>, University of Maribor, Slovenia<br>\n<strong>Christine Zarges<\/strong>, Aberystwyth University, UK<br>\n<strong>Mengjie Zhang<\/strong>, Victoria University of Wellington, New Zealand<br>\n","protected":false},"excerpt":{"rendered":"<p>EvoApplications, the International Conference on the Applications of Evolutionary Computation -formerly known as EvoWorkshops- brings together researchers in applications of Evolutionary Computation and other Nature-inspired techniques. EvoApplications invites high quality contributions for its 28th edition, which will be held as part of the EvoStar 2025 event and co-located within EvoStar with three related conferences: EuroGP, [&hellip;]<\/p>\n","protected":false},"author":1,"featured_media":0,"parent":0,"menu_order":0,"comment_status":"closed","ping_status":"closed","template":"page-notitle.php","meta":{"footnotes":""},"class_list":["post-36","page","type-page","status-publish","hentry"],"_links":{"self":[{"href":"https:\/\/www.evostar.org\/2025\/wp-json\/wp\/v2\/pages\/36","targetHints":{"allow":["GET"]}}],"collection":[{"href":"https:\/\/www.evostar.org\/2025\/wp-json\/wp\/v2\/pages"}],"about":[{"href":"https:\/\/www.evostar.org\/2025\/wp-json\/wp\/v2\/types\/page"}],"author":[{"embeddable":true,"href":"https:\/\/www.evostar.org\/2025\/wp-json\/wp\/v2\/users\/1"}],"replies":[{"embeddable":true,"href":"https:\/\/www.evostar.org\/2025\/wp-json\/wp\/v2\/comments?post=36"}],"version-history":[{"count":14,"href":"https:\/\/www.evostar.org\/2025\/wp-json\/wp\/v2\/pages\/36\/revisions"}],"predecessor-version":[{"id":731,"href":"https:\/\/www.evostar.org\/2025\/wp-json\/wp\/v2\/pages\/36\/revisions\/731"}],"wp:attachment":[{"href":"https:\/\/www.evostar.org\/2025\/wp-json\/wp\/v2\/media?parent=36"}],"curies":[{"name":"wp","href":"https:\/\/api.w.org\/{rel}","templated":true}]}}