{"id":661,"date":"2025-03-08T12:33:10","date_gmt":"2025-03-08T11:33:10","guid":{"rendered":"https:\/\/www.evostar.org\/2025\/?page_id=661"},"modified":"2025-03-10T21:48:03","modified_gmt":"2025-03-10T20:48:03","slug":"eurogp-accepted-papers","status":"publish","type":"page","link":"https:\/\/www.evostar.org\/2025\/eurogp-accepted-papers\/","title":{"rendered":"EuroGP Accepted Papers"},"content":{"rendered":"\n<h2 class=\"wp-block-heading\">Long talks<\/h2>\n\n\n\n<ul class=\"wp-block-list\">\n<li>Designing Lookahead Relocation Rules for the Container Relocation Problem with Genetic Programming<br><em>Marko \u0110urasevi\u0107, Mateja \u0110umi\u0107, Francisco Gil-Gala and Domagoj Jakobovic<\/em><\/li>\n\n\n\n<li>Multi-Objective Evolutionary Design of Explainable EEG Classifier<br><em>Martin Hurta, Anna Ovesna, Vojtech Mrazek and Lukas Sekanina<\/em><\/li>\n\n\n\n<li>Population Diversity, Information Theory and Genetic Improvement<br><em>W B Langdon and David Clark<\/em><\/li>\n\n\n\n<li>Ant-based Metaheuristics Struggle to Solve the Cartesian Genetic Programming Learning Task<br><em>Julian Trautwein, Michael Heider, Henning Cui and J\u00f6rg H\u00e4hner<\/em><\/li>\n\n\n\n<li>Exploring the Impact of Data Scale on Mutation Step Size in SLIM-GSGP<br><em>Davide Farinati, Gloria Pietropolli and Leonardo Vanneschi<\/em><\/li>\n\n\n\n<li>Introducing Crossover in SLIM-GSGP<br><em>Gloria Pietropolli, Davide Farinati, Mauro Castelli, Luca Manzoni, Sara Silva and Leonardo Vanneschi<\/em><\/li>\n\n\n\n<li>A Systematic Evaluation of Evolving Highly Nonlinear Boolean Functions in Odd Sizes<br><em>Claude Carlet, Marko \u0110urasevi\u0107, Domagoj Jakobovic, Stjepan Picek and Luca Mariot<\/em><\/li>\n\n\n\n<li>Exploring the Integration of Cellular Structures in Genetic Programming-based Methods<br><em>Luigi Rovito, Lorenzo Bonin, Davide Farinati, Leonardo Vanneschi, Luca Manzoni, Andrea De Lorenzo and Gloria Pietropolli<\/em><\/li>\n\n\n\n<li>Ghost Swarms: Learning Swarm Rules from Environmental Changes Alone<br><em>Khulud Alharthi, Zahraa S Abdallah and Sabine Hauert<\/em><\/li>\n\n\n\n<li>On the Effectiveness of Crossover Operators in Cartesian Genetic Programming<br><em>Mark Kocherovsky, Marzieh Kianinejad, Illya Bakurov and Wolfgang Banzhaf.<\/em><\/li>\n<\/ul>\n\n\n\n<h2 class=\"wp-block-heading\">Short talks<\/h2>\n\n\n\n<ul class=\"wp-block-list\">\n<li>Unified Piecewise Symbolic Regression<br><em>Guillaume Doquet<\/em><\/li>\n\n\n\n<li>Micro-Step Time-Series Regression: Insights from System Identification Using Symbolic Regression <strong>(EML joint track)<\/strong><br><em>Hengzhe Zhang, Alberto Tonda, Qi Chen, Bing Xue, Evelyne Lutton and Mengjie Zhang<\/em><\/li>\n\n\n\n<li>Was Tournament Selection All We Ever Needed? A Critical Reflection on Lexicase Selection<br><em>Alina Geiger, Martin Briesch, Dominik Sobania and Franz Rothlauf<\/em><\/li>\n\n\n\n<li>The Role of Stepping Stones in MAP-Elites: Insights from Search Trajectory Networks<br><em>Giorgia Nadizar, Francesco Rusin, Eric Medvet and Gabriela Ochoa<\/em><\/li>\n\n\n\n<li>Evolved and Transparent Pipelines for Biomedical Image Classification<br><em>Camilo De La Torre, Giorgia Nadizar, Yuri Lavinas, Robin Schwob, Camille Franchet, Herv\u00e9 Luga, Dennis Wilson and Sylvain Cussat-Blanc<\/em><\/li>\n<\/ul>\n","protected":false},"excerpt":{"rendered":"<p>Long talks Short talks<\/p>\n","protected":false},"author":1,"featured_media":0,"parent":0,"menu_order":0,"comment_status":"closed","ping_status":"closed","template":"","meta":{"footnotes":""},"class_list":["post-661","page","type-page","status-publish","hentry"],"_links":{"self":[{"href":"https:\/\/www.evostar.org\/2025\/wp-json\/wp\/v2\/pages\/661","targetHints":{"allow":["GET"]}}],"collection":[{"href":"https:\/\/www.evostar.org\/2025\/wp-json\/wp\/v2\/pages"}],"about":[{"href":"https:\/\/www.evostar.org\/2025\/wp-json\/wp\/v2\/types\/page"}],"author":[{"embeddable":true,"href":"https:\/\/www.evostar.org\/2025\/wp-json\/wp\/v2\/users\/1"}],"replies":[{"embeddable":true,"href":"https:\/\/www.evostar.org\/2025\/wp-json\/wp\/v2\/comments?post=661"}],"version-history":[{"count":10,"href":"https:\/\/www.evostar.org\/2025\/wp-json\/wp\/v2\/pages\/661\/revisions"}],"predecessor-version":[{"id":713,"href":"https:\/\/www.evostar.org\/2025\/wp-json\/wp\/v2\/pages\/661\/revisions\/713"}],"wp:attachment":[{"href":"https:\/\/www.evostar.org\/2025\/wp-json\/wp\/v2\/media?parent=661"}],"curies":[{"name":"wp","href":"https:\/\/api.w.org\/{rel}","templated":true}]}}