{"id":668,"date":"2025-03-08T12:39:04","date_gmt":"2025-03-08T11:39:04","guid":{"rendered":"https:\/\/www.evostar.org\/2025\/?page_id=668"},"modified":"2025-03-08T16:26:40","modified_gmt":"2025-03-08T15:26:40","slug":"evocop-accepted-papers","status":"publish","type":"page","link":"https:\/\/www.evostar.org\/2025\/evocop-accepted-papers\/","title":{"rendered":"EvoCOP Accepted Papers"},"content":{"rendered":"\n<ul class=\"wp-block-list\">\n<li>Evolutionary Anytime Algorithms<br><em>Aishwaryaprajna and Jonathan Rowe<\/em><\/li>\n\n\n\n<li>Price-and-branch Heuristic for Vector Bin Packing<br><em>Ze Wang, Tim Suess, Nikolay Popov and Lars Nagel<\/em><\/li>\n\n\n\n<li>Meta-learning of Univariate Estimation-of-Distribution Algorithms for Pseudo-Boolean Problems<br><em>Olivier Goudet, Adrien Goeffon, Fr\u00e9d\u00e9ric Saubion and S\u00e9bastien Verel<\/em><\/li>\n\n\n\n<li>LON\/D \u2014 Sub-problem Landscapes in Multi-objective Decomposition<br><em>Arnaud Liefooghe, Gabriela Ochoa and S\u00e9bastien Verel<\/em><\/li>\n\n\n\n<li>Instance Space Analysis and Algorithm Selection for a Parallel Batch Scheduling Problem<br><em>Francesca Da Ros, Luca Di Gaspero, Marie-Louise Lackner and Nysret Musliu<\/em><\/li>\n\n\n\n<li>Generating (Semi-)Active Schedules for Dynamic Multi-mode Project Scheduling Using Genetic Programming Hyper-heuristics<br><em>Yuan Tian, Yi Mei and Mengjie Zhang<\/em><\/li>\n\n\n\n<li>Studies on Survival Strategies to Protect Expert Knowledge in Evolutionary Algorithms for Interactive Role Mining<br><em>Simon Anderer, Nicolas Justen, Bernd Scheuermann and Sanaz Mostaghim<\/em><\/li>\n\n\n\n<li>A Runtime Analysis of the Multi-Valued Compact Genetic Algorithm on Generalized LeadingOnes<br><em>Sumit Adak and Carsten Witt<\/em><\/li>\n\n\n\n<li>A Genetic Approach to the Operational Freight-on-Transit problem<br><em>Corentin Juvigny, Diego Delle Donne and Laurent Alfandari<\/em><\/li>\n\n\n\n<li>Visualizing Pseudo-Boolean Functions: Feature Selection and Regularization for Machine Learning<br><em>Corentin Masson, Xavier F. C. S\u00e1nchez-D\u00edaz and Ole Jakob Mengshoel<\/em><\/li>\n\n\n\n<li>Mixed-Binary Problems Optimized with Fast Discrete Solver<br><em>Aishwarya Radhakrishnan and Timo K\u00f6tzing<\/em><\/li>\n\n\n\n<li>Diversification through Candidate Sampling for a Non-Iterated Lin-Kernighan-Helsgaun Algorithm<br><em>Tarek Boufar, Omar Rifki and Matthieu Basseur<\/em><\/li>\n\n\n\n<li>Healthcare Facility Location Problem and Fitness Landscape Analysis<br><em>Justin Scouarnec, Sara Tari, Corinne Lucet and Laure Brisoux-Devendeville<\/em><\/li>\n\n\n\n<li>Adaptive neighborhood search based on landscape learning: a TSP study<br><em>Malek Sarhani and Stefan Voss<\/em><\/li>\n\n\n\n<li>Feature-based Evolutionary Diversity Optimization of Discriminating Instances for Chance-constrained Optimization Problems<br><em>Saba Sadeghi Ahouei, Denis Antipov, Aneta Neumann and Frank Neumann<\/em><\/li>\n\n\n\n<li>A Selective Vehicle Routing Problem for the Bloodmobile System<br><em>Aldy Gunawan, Samuel Alan Darmasaputra, Sy Hoang Do and Vincent F Yu<\/em><\/li>\n<\/ul>\n","protected":false},"excerpt":{"rendered":"","protected":false},"author":1,"featured_media":0,"parent":0,"menu_order":0,"comment_status":"closed","ping_status":"closed","template":"","meta":{"footnotes":""},"class_list":["post-668","page","type-page","status-publish","hentry"],"_links":{"self":[{"href":"https:\/\/www.evostar.org\/2025\/wp-json\/wp\/v2\/pages\/668","targetHints":{"allow":["GET"]}}],"collection":[{"href":"https:\/\/www.evostar.org\/2025\/wp-json\/wp\/v2\/pages"}],"about":[{"href":"https:\/\/www.evostar.org\/2025\/wp-json\/wp\/v2\/types\/page"}],"author":[{"embeddable":true,"href":"https:\/\/www.evostar.org\/2025\/wp-json\/wp\/v2\/users\/1"}],"replies":[{"embeddable":true,"href":"https:\/\/www.evostar.org\/2025\/wp-json\/wp\/v2\/comments?post=668"}],"version-history":[{"count":3,"href":"https:\/\/www.evostar.org\/2025\/wp-json\/wp\/v2\/pages\/668\/revisions"}],"predecessor-version":[{"id":707,"href":"https:\/\/www.evostar.org\/2025\/wp-json\/wp\/v2\/pages\/668\/revisions\/707"}],"wp:attachment":[{"href":"https:\/\/www.evostar.org\/2025\/wp-json\/wp\/v2\/media?parent=668"}],"curies":[{"name":"wp","href":"https:\/\/api.w.org\/{rel}","templated":true}]}}