{"id":672,"date":"2025-03-08T12:45:49","date_gmt":"2025-03-08T11:45:49","guid":{"rendered":"https:\/\/www.evostar.org\/2025\/?page_id=672"},"modified":"2025-03-10T21:59:55","modified_gmt":"2025-03-10T20:59:55","slug":"evoapplications-accepted-papers","status":"publish","type":"page","link":"https:\/\/www.evostar.org\/2025\/evoapplications-accepted-papers\/","title":{"rendered":"EvoApplications Accepted Papers"},"content":{"rendered":"\n<h2 class=\"wp-block-heading\">Long talks<\/h2>\n\n\n\n<li>Social Interpretable Reinforcement Learning<strong> (EML joint track)<\/strong><br><em>Leonardo Lucio Custode and Giovanni Iacca<\/em><\/li>\n<li>Adjacent Distance Matrix-based Competitive Swarm Optimizer<br><em>Yang Cao, Rui Zhong, Jun Yu and Masaharu Munetomo<\/em><\/li>\n<li>Methodology for Designing Injection Molds: Data Mining and Multi-Objective Optimization<br><em>Ant\u00f3nio Gaspar-Cunha, Jo\u00e3o Melo, Tom\u00e1s Marques and Ant\u00f3nio Pontes<\/em><\/li>\n<li>Fair Ambulance Allocation via Multi-Objective Evolutionary Optimization<br><em>Torjus Kallekleiv and Ole Jakob Mengshoel<\/em><\/li>\n<li>Climbing the tower of meta-mutations &#8211; the role of higher-order mutations<br><em>Bruno Ga\u0161perov and Branko \u0160ter<\/em><\/li>\n<li>Real Application Challenges in Evolutionary Optimization? People!<br><em>Tobias Rodemann and Christiane Attig<\/em><\/li>\n<li>EDCA &#8211; An Evolutionary Data-Centric AutoML Framework for Efficient Pipelines<strong> (EML joint track)<\/strong><br><em>Joana Sim\u00f5es and Jo\u00e3o Correia<\/em><\/li>\n<li>Multi-Objective Evolutionary Optimization of Virtualized Fast Feedforward Networks<br><em>Renan Beran Kilic, Kasim Sinan Yildirim and Giovanni Iacca<\/em><\/li>\n<li>We are Sending you Back&#8230; to the Optimum! Fuzzy Time Travel Particle Swarm Optimization<br><em>Daniele Papetti, Andrea Tangherloni, Vasco Coelho, Daniela Besozzi, Paolo Cazzaniga and Marco S. Nobile<\/em><\/li>\n<li>Multi-Purpose Image Filter Evolution Using Cellular Automata and Function-Based Conditional Rules<br><em>Michal Bidlo and Ivana Saranova<\/em><\/li>\n<li>Injecting Combinatorial Optimization into MCTS: Application to the Board Game boop.<br><em>Florian Richoux<\/em><\/li>\n<li>A PSO-based MPPT with Dynamic Monitoring Reset for PV Systems<br><em>Igor de Matos da Rosa, Alison R Panisson and Lenon Schmitz<\/em><\/li>\n<li>Search Trajectory Networks Applied to a Real-world Parallel Batch Scheduling Problem<br><em>Francesca Da Ros, Luca Di Gaspero, Marie-Louise Lackner, Nysret Musliu and Michael Soprano<\/em><\/li>\n<li>Addressing Radiotherapy Scheduling with a Bin Packing Problem Formulation: A Comparative Study of Exact Solvers and Genetic Algorithms<br><em>Chiara Camilla Migliore Rambaldi, David Stanicel, Marco Roveri and Giovanni Iacca<\/em><\/li>\n<li>Optimizing Camera Placement for Chicken Farm Monitoring<br><em>Kyriacos Mosphilis and Vassilis Vassiliades<\/em><\/li>\n<li>GPBus: Genetic Programming based Automated Machine Learning for Bus Delay Prediction<br><em>\u00c1ngel Fuentes-Almoguera, Carlos Garc\u00eda-Mart\u00ednez and Gabriel Luque<\/em><\/li>\n<li>Adaptive Local Search for Real-World Multi-Echelon Inventory Control<br><em>Agathe M\u00e9taireau Manche, Clarisse Dhaenens, Nadarajen Veerapen and Manuel Davy<\/em><\/li>\n<li>Trace-Elites: better Quality-Diversity with Multi-Point Descriptors<br><em>Harald Michael Ludwig, Ane Espeseth and Eric Medvet<\/em><\/li>\n<li>Grammatical Feature Construction for Enhanced Interpretability in Breast Cancer Classification<br><em>Yumnah Hasan, Allan de Lima, Darian Fern\u00e1ndez de Bulnes, Douglas Motadias and Conor Ryan<\/em><\/li>\n<li>Emergent kin selection of altruistic feeding behaviour via non-episodic neuroevolution<br><em>Max Taylor-Davies, Gautier Hamon, Timoth\u00e9 Boulet and Clement Moulin-Frier<\/em><\/li>\n<li>Multi-Tree Genetic Programming for Dynamic Tugboat Scheduling<br><em>Xinxin Xu, Fangfang Zhang, Yi Mei, Mengjie Zhang, Huili Gong and Xiangqian Ding<\/em><\/li>\n<li>Analysis of Illicit Drug Mixtures at Festivals Using Portable Near-Infrared Spectroscopy with Genetic Programming<br><em>Steven Dockter, Qi Chen, Deepak Karunakaran and Yongshi Deng<\/em><\/li>\n<li>Evolving Dynamic Fault Mitigation Strategies in a Robot Swarm for Collective Transport<br><em>Suet Lee and Sabine Hauert<\/em><\/li>\n<li>A Survey of Modern Hybrid Particle Swarm Optimization Algorithms<br><em>Matteo Grazioso, Chiara Gallese, Leonardo Vanneschi and Marco S. Nobile<\/em><\/li>\n<li>A Communication-aware and Energy-efficient Genetic Programming based Method for Dynamic Resource Allocation in Clouds<br><em>Zhengxin Fang, Hui Ma, Gang Chen, Sven Hartmann and Shiping Chen<\/em><\/li>\n<li>An Investigation of Structural Bias in Particle Swarm Optimization<br><em>David Ibehej and Jakub Kudela<\/em><\/li>\n<li>Beyond the Hype: Benchmarking LLM-Evolved Heuristics for Bin Packing<br><em>Kevin Sim, Quentin Renau and Emma Hart<\/em><\/li>\n<li>A Genetic Algorithm Approach for Aggregation of Residential Electricity Prosumers\u2019 Flexibility<br><em>Vahid Rasouli, \u00c1lvaro Gomes and Carlos Henggeler Antunes<\/em><\/li>\n<li>Optimizing Dietary Plans Using Evolutionary Algorithms<br><em>Iqra Azfar, Rabia Shahab, Javeria Azfar and Syeda Saleha Raza<\/em><\/li>\n<li>Evaluating the Impact of Hysteretic Phenomena and Implementation Choices on Energy Consumption in Evolutionary Algorithms<br><em>Carlos Cotta and Jes\u00fas Mart\u00ednez Cruz<\/em><\/li>\n<li>Proposal of Efficient Particle Swarm Optimization for Constrained Optimization Problems<br><em>So Fukuhara and Masao Arakawa<\/em><\/li>\n<li>Measuring energy consumption of BBOB fitness functions<br><em>Jj Merelo, Gustavo Romero L\u00f3pez and Mario Garcia Valdez<\/em><\/li>\n<li>A Multi-Agent System for Optimal Train Scheduling in Single-Track Railways<br><em>Raziyeh Moghaddas, Fabio Caraffini and Monika Seisenberger<\/em><\/li>\n<li>Geometric Particle Swarm Optimization in Program Trace Optimization<br><em>Alberto Moraglio and James McDermott<\/em><\/li>\n<li>Generate more than one child in your co-evolutionary semi-supervised learning GAN<strong> (EML joint track)<\/strong><br><em>Francisco Jos\u00e9 Sede\u00f1o, Jamal Toutouh and Francisco Chicano<\/em><\/li>\n<li>Evolving RNNs for Stock Forecasting: A Low Parameter Efficient Alternative to Transformers<strong> (EML joint track)<\/strong><br><em>Zimeng Lyu, Devroop Kar, Matthew Simoni, Rohaan Nadeem, Avinash Bhojanapalli, Hao Zhang and Travis Desell<\/em><\/li>\n<li>Robust search for the underlying objectives in black-box games with binary outcomes<br><em>Dmytro Vitel, Alessio Gaspar and Paul Wiegand<\/em><\/li>\n<li>Analyzing the Effects of Memetic Variations on Convergence in Overlapping Swarm Intelligence<br><em>Nathan Patera and John Sheppard<\/em><\/li>\n<li>Designing Hardware-Friendly Hash Functions for Network Security Using Cartesian Genetic Programming<br><em>Mujtaba Hassan, Jo Vliegen, Stjepan Picek and Nele Mentens<\/em><\/li>\n<li>Genetic Programming with Co-operative Co-evolution for Feature Manipulation in Basal Cell Carcinoma Identification<br><em>Taran Cyriac John, Qurrat Ul Ain, Harith Al-Sahaf and Mengjie Zhang<\/em><\/li>\n<li>Greater AI Design Control Aids Evolution of  Computational Materials<br><em>Piper Welch, Monica Li, Shawn Beaulieu, Annie Xia, Dong Wang, Medha Goyal, Atoosa Parsa, Corey O&#8217;Hern, Rebecca Kramer and Josh Bongard<\/em><\/li>\n<li>Scalable Evolution of Logically Independent Polycomputational Materials<br><em>Piper Welch, Atoosa Parsa, Shawn Beaulieu, Corey O&#8217;Hern, Rebecca Kramer and Josh Bongard<\/em><\/li>\n<li>A Symbolic Regression Screening Approach within Peptide Optimisation<br><em>Aidan Murphy, Mark Kocherovsky, Nir Dayan, Illya Miralavy, Assaf Gilad and Wolfgang Banzhaf<\/em><\/li>\n<li>Evolutionary Bias Identification with Embeddings<br><em>Arthur Buzelin, Yan Aquino, Victoria Estanislau, Pedro Bento, Lucas Dayrell, Samira Malaquias, Caio Santana Trigueiro, Guilherme Evangelista, Caio Grossi, Pedro Rigueira, Luisa Gontijo Porfirio, Marcelo Sartori Locatelli, Wagner Meira Jr and Gisele Pappa<\/em><\/li>\n<li>The More the Merrier: On Evolving Five-valued Spectra Boolean Functions<br><em>Claude Carlet, Marko \u0110urasevi\u0107, Domagoj Jakobovic, Luca Mariot and Stjepan Picek<\/em><\/li>\n<li>Controlling the Mutation in Large Language Models for the Efficient Evolution of Algorithms<br><em>Haoran Yin, Anna Kononova, Thomas B\u00e4ck and Niki Van Stein<\/em><\/li>\n<li>Stalling in Space: Attractor Analysis for any Algorithm<br><em>Sarah L. Thomson, Quentin Renau, Diederick Vermetten, Emma Hart, Niki van Stein and Anna V. Kononova<\/em><\/li>\n<li>Into the Black Box: Mining Variable Importance with XAI<strong> (EML joint track)<\/strong><br><em>Kelly Hunter, Sarah L. Thomson and Emma Hart<\/em><\/li>\n<li>The Importance of Being  Earnest: Multiple Heterogeneous Container Loading with a Simple Genetic Algorithm<br><em>Francesco Rusin, Jan Fiala, Julian Sanker and Aniko Ekart<\/em><\/li>\n<li>FedGP: Genetic Programming for Evolutionary Aggregation in Federated Learning with Non-IID data<br><em>Elia Pacioni, Francisco Fernandez De Vega and Davide Calvaresi<\/em><\/li>\n<li>Estimation of total body fat using symbolic regression and evolutionary algorithms.<br><em>Jose Manuel Mu\u00f1oz, Odin Moron-Garcia, Omar Costilla-Reyes and J. Ignacio Hidalgo<\/em><\/li>\n\n\n\n<h2 class=\"wp-block-heading\">Short talks<\/h2>\n\n\n\n<li>A Coach-Based Quality-Diversity Approach for Multi-Agent Interpretable Reinforcement Learning<br><em>Erik Nielsen, Andrea Ferigo and Giovanni Iacca<\/em><\/li>\n<li>Evolutionary Reinforcement Learning for Interpretable Decision-Making in Supply Chain Management<br><em>Stefano Genetti, Alberto Longobardi and Giovanni Iacca<\/em><\/li>\n<li>An innovative approach for managing the water requirements of fig trees using artificial intelligence<br><em>Josefa D\u00edaz \u00c1lvarez, Francisco Chavez and Maria Jos\u00e9 Mo\u00f1ino Espino<\/em><\/li>\n<li>Variable-Size Genetic Network Programming for Portfolio Optimization with Trading Rules<br><em>Fabian K\u00f6hnke and Christian Borgelt<\/em><\/li>\n<li>Building Cross-Sectional Trading Strategies via Geometric Semantic Genetic Programming<br><em>Kritpol Bunjerdtaweeporn and Alberto Moraglio<\/em><\/li>\n<li>Probing LLMs on Optimization Problems: Can They Recall and Interpret Problem Features?<br><em>Francesca Da Ros, Luca Di Gaspero and Kevin Roitero<\/em><\/li>\n<li>A Genetic Algorithm-Based Parameter Selection for Communication-Efficient Federated Learning<br><em>Mir Hassan, Kasim Sinan Yildirim and Giovanni Iacca<\/em><\/li>\n<li>Facial Geometric Feature Extraction for Dimensional Emotion Analysis Using Genetic Programming<br><em>Wenlong Fu, Qi Chen, Bing Xue and Mengjie Zhang<\/em><\/li>\n<li>Evolutionary Computation for Causality-Driven Feature Selection: A Preliminary Study<br><em>Emanuele Nardone, Tiziana D&#8217;Alessandro, Claudio De Stefano and Francesco Fontanella<\/em><\/li>\n<li>Inferring Reaction Elasticities from Metabolic Correlations in Cells through Multi-objective Evolutionary Optimization<br><em>Arthur Lequertier, Alberto Tonda and Wolfram Liebermeister<\/em><\/li>\n<li>Hybridization of techniques based on Genetic Algorithms and Neural Networks to determine the water requirements of fig trees.<br><em>Francisco Ch\u00e1vez de la O, Josefa D\u00edaz \u00c1lvarez and Mar\u00eda Jos\u00e9 Mo\u00f1ino Espino<\/em><\/li>\n<li>Optimizing the logistics operations of distribution network operators from a multinational electric utility company<br><em>Diego Dantas Almeida, Mariana Azevedo, Victor Vieira, Nelson Ion de Oliveira, Anna Giselle C\u00e2mara Dantas Ribeiro Rodrigues, Leonardo Bezerra, Lucas Nunes, Tha\u00eds Alves de Mendon\u00e7a and Rodrigo Manfredini<\/em><\/li>\n<li>Algorithm Selection with Probing Trajectories: Benchmarking the Choice of Classifier Model<br><em>Quentin Renau and Emma Hart<\/em><\/li>\n<li>Hybrid Optimization of Horizontal Alignments in European Terrains: A Comparative Study<br><em>Ane Espeseth, Martin Ju\u0159\u00ed\u010dek, Harald Michael Ludwig and Tea Tu\u0161ar<\/em><\/li>\n<li>Understanding trade-offs in classifier bias with quality-diversity optimization: an application to talent management<br><em>Catalina Jaramillo Gonzalez, Julian Togelius and Paul Squires<\/em><\/li>\n<li>Using Local Correlation Between Objectives to Detect Problem Modality<br><em>Tea Tu\u0161ar and Jordan N. Cork<\/em><\/li>\n<li>Open and Closed-source Models for LLM-generated Metaheuristics Solving Engineering Optimization Problem<br><em>Roman Senkerik, Adam Viktorin, Tomas Kadavy, Jozef Kovac, Peter Janku, Libor Pekar, Hubert Guzowski, Maciej Smolka, Aleksander Byrski and Michal Pluhacek<\/em><\/li>\n","protected":false},"excerpt":{"rendered":"<p>Long talks Social Interpretable Reinforcement Learning (EML joint track)Leonardo Lucio Custode and Giovanni Iacca Adjacent Distance Matrix-based Competitive Swarm OptimizerYang Cao, Rui Zhong, Jun Yu and Masaharu Munetomo Methodology for Designing Injection Molds: Data Mining and Multi-Objective OptimizationAnt\u00f3nio Gaspar-Cunha, Jo\u00e3o Melo, Tom\u00e1s Marques and Ant\u00f3nio Pontes Fair Ambulance Allocation via Multi-Objective Evolutionary OptimizationTorjus Kallekleiv and [&hellip;]<\/p>\n","protected":false},"author":1,"featured_media":0,"parent":0,"menu_order":0,"comment_status":"closed","ping_status":"closed","template":"","meta":{"footnotes":""},"class_list":["post-672","page","type-page","status-publish","hentry"],"_links":{"self":[{"href":"https:\/\/www.evostar.org\/2025\/wp-json\/wp\/v2\/pages\/672","targetHints":{"allow":["GET"]}}],"collection":[{"href":"https:\/\/www.evostar.org\/2025\/wp-json\/wp\/v2\/pages"}],"about":[{"href":"https:\/\/www.evostar.org\/2025\/wp-json\/wp\/v2\/types\/page"}],"author":[{"embeddable":true,"href":"https:\/\/www.evostar.org\/2025\/wp-json\/wp\/v2\/users\/1"}],"replies":[{"embeddable":true,"href":"https:\/\/www.evostar.org\/2025\/wp-json\/wp\/v2\/comments?post=672"}],"version-history":[{"count":15,"href":"https:\/\/www.evostar.org\/2025\/wp-json\/wp\/v2\/pages\/672\/revisions"}],"predecessor-version":[{"id":727,"href":"https:\/\/www.evostar.org\/2025\/wp-json\/wp\/v2\/pages\/672\/revisions\/727"}],"wp:attachment":[{"href":"https:\/\/www.evostar.org\/2025\/wp-json\/wp\/v2\/media?parent=672"}],"curies":[{"name":"wp","href":"https:\/\/api.w.org\/{rel}","templated":true}]}}