{"id":696,"date":"2025-03-08T13:19:49","date_gmt":"2025-03-08T12:19:49","guid":{"rendered":"https:\/\/www.evostar.org\/2025\/?page_id=696"},"modified":"2025-03-08T13:19:50","modified_gmt":"2025-03-08T12:19:50","slug":"evoapplications-best-paper-nominees","status":"publish","type":"page","link":"https:\/\/www.evostar.org\/2025\/evoapplications-best-paper-nominees\/","title":{"rendered":"EvoApplications Best Paper Nominees"},"content":{"rendered":"\n<li>Emergent kin selection of altruistic feeding behaviour via non-episodic neuroevolution<br><em>Max Taylor-Davies, Gautier Hamon, Timoth\u00e9 Boulet and Clement Moulin-Frier<\/em><\/li>\n<li>GPBus: Genetic Programming based Automated Machine Learning for Bus Delay Prediction<br><em>\u00c1ngel Fuentes-Almoguera, Carlos Garc\u00eda-Mart\u00ednez and Gabriel Luque<\/em><\/li>\n<li>Genetic Programming with Co-operative Co-evolution for Feature Manipulation in Basal Cell Carcinoma Identification<br><em>Taran Cyriac John, Qurrat Ul Ain, Harith Al-Sahaf and Mengjie Zhang<\/em><\/li>\n","protected":false},"excerpt":{"rendered":"<p>Emergent kin selection of altruistic feeding behaviour via non-episodic neuroevolutionMax Taylor-Davies, Gautier Hamon, Timoth\u00e9 Boulet and Clement Moulin-Frier GPBus: Genetic Programming based Automated Machine Learning for Bus Delay Prediction\u00c1ngel Fuentes-Almoguera, Carlos Garc\u00eda-Mart\u00ednez and Gabriel Luque Genetic Programming with Co-operative Co-evolution for Feature Manipulation in Basal Cell Carcinoma IdentificationTaran Cyriac John, Qurrat Ul Ain, Harith Al-Sahaf [&hellip;]<\/p>\n","protected":false},"author":1,"featured_media":0,"parent":0,"menu_order":0,"comment_status":"closed","ping_status":"closed","template":"","meta":{"footnotes":""},"class_list":["post-696","page","type-page","status-publish","hentry"],"_links":{"self":[{"href":"https:\/\/www.evostar.org\/2025\/wp-json\/wp\/v2\/pages\/696","targetHints":{"allow":["GET"]}}],"collection":[{"href":"https:\/\/www.evostar.org\/2025\/wp-json\/wp\/v2\/pages"}],"about":[{"href":"https:\/\/www.evostar.org\/2025\/wp-json\/wp\/v2\/types\/page"}],"author":[{"embeddable":true,"href":"https:\/\/www.evostar.org\/2025\/wp-json\/wp\/v2\/users\/1"}],"replies":[{"embeddable":true,"href":"https:\/\/www.evostar.org\/2025\/wp-json\/wp\/v2\/comments?post=696"}],"version-history":[{"count":1,"href":"https:\/\/www.evostar.org\/2025\/wp-json\/wp\/v2\/pages\/696\/revisions"}],"predecessor-version":[{"id":697,"href":"https:\/\/www.evostar.org\/2025\/wp-json\/wp\/v2\/pages\/696\/revisions\/697"}],"wp:attachment":[{"href":"https:\/\/www.evostar.org\/2025\/wp-json\/wp\/v2\/media?parent=696"}],"curies":[{"name":"wp","href":"https:\/\/api.w.org\/{rel}","templated":true}]}}