{"id":36,"date":"2024-06-28T20:41:00","date_gmt":"2024-06-28T18:41:00","guid":{"rendered":"https:\/\/www.evostar.org\/2026\/?page_id=36"},"modified":"2026-03-24T20:51:40","modified_gmt":"2026-03-24T19:51:40","slug":"evoapps","status":"publish","type":"page","link":"https:\/\/www.evostar.org\/2026\/evoapps\/","title":{"rendered":"EvoApplications"},"content":{"rendered":"\n<figure class=\"wp-block-image size-large\"><img loading=\"lazy\" decoding=\"async\" width=\"1024\" height=\"512\" src=\"https:\/\/www.evostar.org\/2026\/wp-content\/uploads\/sites\/3\/2025\/07\/evo_202618-1024x512.png\" alt=\"\" class=\"wp-image-980\" srcset=\"https:\/\/www.evostar.org\/2026\/wp-content\/uploads\/sites\/3\/2025\/07\/evo_202618-1024x512.png 1024w, https:\/\/www.evostar.org\/2026\/wp-content\/uploads\/sites\/3\/2025\/07\/evo_202618-300x150.png 300w, https:\/\/www.evostar.org\/2026\/wp-content\/uploads\/sites\/3\/2025\/07\/evo_202618-768x384.png 768w, https:\/\/www.evostar.org\/2026\/wp-content\/uploads\/sites\/3\/2025\/07\/evo_202618-1536x768.png 1536w, https:\/\/www.evostar.org\/2026\/wp-content\/uploads\/sites\/3\/2025\/07\/evo_202618-2048x1024.png 2048w\" sizes=\"auto, (max-width: 1024px) 100vw, 1024px\" \/><\/figure>\n\n\n\n<p>EvoApplications, the International Conference on the Applications of Evolutionary Computation -formerly known as EvoWorkshops- brings together researchers in applications of Evolutionary Computation and other Nature-inspired techniques.<\/p>\n\n\n\n<p>EvoApplications invites high quality contributions for its 29th edition, which will be held as part of the EvoStar 2026 event and co-located within EvoStar with three related conferences: EuroGP, EvoCOP and EvoMUSART.<\/p>\n\n\n\n<p>The aim of EvoApplications is to create a friendly environment that can lead to the establishment or strengthening of scientific collaborations and exchanges among attendees.<\/p>\n\n\n\n<p>Therefore, EvoApplications solicits high-quality original research papers (including significant work-in-progress) on any aspect of applications of Evolutionary Computation, both to real-world or methodological contexts in which Evolutionary Computation can contribute to pushing the limits of the state of the art beyond the present ones.<\/p>\n\n\n\n<p>We encourage you to submit papers focused on interesting, relevant and original works that are related to all kinds of applications of Evolutionary Computation.<\/p>\n\n\n\n<p><a href=\"https:\/\/link.springer.com\/conference\/evoapplications\">EvoApplications Conference Proceedings in SpringerLink<\/a> (since 2009)<br><a href=\"https:\/\/link.springer.com\/conference\/evoworkshops\">EvoWorkshops Conference Proceedings in SpringerLink<\/a> (from 1999 to 2008)<\/p>\n\n\n\n<p>Download the CFP in PDF <a href=\"https:\/\/www.evostar.org\/2026\/flyers\/evoapps\">here<\/a>.<\/p>\n\n\n\n<p><strong>NEW<\/strong>. You can download the proceedings of EvoApplications 2026 following these links: <a href=\"https:\/\/link.springer.com\/book\/9783032236036\">Part I<\/a> and <a href=\"https:\/\/link.springer.com\/book\/9783032236067\">Part II<\/a>.<\/p>\n\n\n\n<h2 class=\"wp-block-heading\">Call for special sessions (closed)<\/h2>\n\n\n\n<p>Are you interested in submitting a special session for 2027? Please keep an eye on this page.<\/p>\n\n\n\n<p>Special session submission deadline: <strong><s>8 September 2025<\/s><\/strong><\/p>\n\n\n\n<h2 class=\"wp-block-heading\">Special Sessions<\/h2>\n\n\n\n<ul class=\"wp-block-list\">\n<li><a href=\"https:\/\/www.evostar.org\/2026\/evoapps\/bagcscs\/\">Bioinspired Algorithms for Green Computing and Sustainable Complex Systems<\/a><\/li>\n\n\n\n<li><a href=\"https:\/\/www.evostar.org\/2026\/evoapps\/cis\/\">Computational Intelligence for Sustainability<\/a><\/li>\n\n\n\n<li><a href=\"https:\/\/www.evostar.org\/2026\/evoapps\/evollms\/\">EvoLLMs: Integrating Evolutionary Computing with Large Language Models (LLMs)<\/a><\/li>\n\n\n\n<li><a href=\"https:\/\/www.evostar.org\/2026\/evoapps\/ecml-hldf\/\">Evolutionary Computation and Machine Learning in Humanitarian Logistics and Disaster Forecasting<\/a><\/li>\n\n\n\n<li><a href=\"https:\/\/www.evostar.org\/2026\/evoapps\/ecefcc\/\">Evolutionary Computation in Edge, Fog, and Cloud Computing<\/a><\/li>\n\n\n\n<li><a href=\"https:\/\/www.evostar.org\/2026\/evoapps\/ecdhpm\/\">Machine Learning and AI in Digital Healthcare and Personalized Medicine<\/a><\/li>\n\n\n\n<li><a href=\"https:\/\/www.evostar.org\/2026\/evoapps\/otec\/\">Opinions and Trends in Evolutionary Computation<\/a><\/li>\n\n\n\n<li><a href=\"https:\/\/www.evostar.org\/2026\/evoapps\/pso\/\">Particle Swarm Optimization<\/a><\/li>\n\n\n\n<li><a href=\"https:\/\/www.evostar.org\/2026\/evoapps\/pmho\/\" data-type=\"page\" data-id=\"1069\">Problem Modeling in Heuristic Optimization<\/a><\/li>\n\n\n\n<li><a href=\"https:\/\/www.evostar.org\/2026\/evoapps\/rba\/\">Resilient Bio-Inspired Algorithms<\/a><\/li>\n\n\n\n<li><a href=\"https:\/\/www.evostar.org\/2026\/evoapps\/scag\/\">Soft Computing applied to Games<\/a><\/li>\n<\/ul>\n\n\n\n<p>You can also submit your EvoApps paper to the <a href=\"https:\/\/www.evostar.org\/2026\/eml\/\">Joint Track on Evolutionary Machine Learning<\/a>.<\/p>\n\n\n\n<h2 class=\"wp-block-heading\">Conference programme chairs<\/h2>\n\n\n\n<ul class=\"wp-block-list\">\n<li><strong>Pablo Garc\u00eda-S\u00e1nchez<\/strong><br>University of Granada<br><em>pablogarcia(at)ugr.es<\/em><\/li>\n\n\n\n<li><strong>Josefa D\u00edaz-\u00c1lvarez<\/strong><br>University of Extremadura<br><em>mjdiaz(at)unex.es<\/em><\/li>\n<\/ul>\n\n\n\n<h2 class=\"wp-block-heading\">Publication chair<\/h2>\n\n\n\n<ul class=\"wp-block-list\">\n<li><strong>Aidan Murphy<\/strong><br>University of Limerick, Ireland<br><em>aidan.murphy (at) @ul.ie<\/em><\/li>\n<\/ul>\n\n\n\n<h2 class=\"wp-block-heading\">Submission Details<\/h2>\n\n\n\n<p>Accepted papers will be published by Springer Nature in the Lecture Notes in Computer Science series. Submissions must be original and not published elsewhere. They will be peer reviewed by at least three members of the program committee. The reviewing process will be&nbsp;<strong>double-blind, so please omit information about the authors in the submitted paper<\/strong>.<\/p>\n\n\n\n<p>Follow <a href=\"https:\/\/www.evostar.org\/2026\/submit-paper\/\" data-type=\"page\" data-id=\"46\">these instructions<\/a> to submit a paper.<\/p>\n\n\n\n<h2 class=\"wp-block-heading\">Steering Committee<\/h2>\n\n\n\n<ul class=\"wp-block-list\">\n<li>Stefano Cagnoni<\/li>\n\n\n\n<li>Pedro A. Castillo<\/li>\n\n\n\n<li>Jo\u00e3o Correia<\/li>\n\n\n\n<li>Anna I Esparcia-Alc\u00e1zar<\/li>\n\n\n\n<li>Mario Giacobinni<\/li>\n\n\n\n<li>Emma Hart<\/li>\n\n\n\n<li>J. Ignacio Hidalgo<\/li>\n\n\n\n<li>Paul Kaufmann<\/li>\n\n\n\n<li>Antonio Mora<\/li>\n\n\n\n<li>G\u00fcnther Raidl<\/li>\n\n\n\n<li>Franz Rothlauf<\/li>\n\n\n\n<li>Kevin Sim<\/li>\n\n\n\n<li>Stephen Smith<\/li>\n\n\n\n<li>Giovanni Squillero<\/li>\n\n\n\n<li>J.L. Jimenez-Laredo<\/li>\n\n\n\n<li><strong>Honorary member<\/strong>: Cecilia di Chio<\/li>\n<\/ul>\n\n\n\n<h2 class=\"wp-block-heading\">Programme Committee<\/h2>\n\n\n\n<strong>Harith Al-Sahaf<\/strong>, Victoria University of Wellington, and AlShaab University, New Zealand<br>\n<strong>Jacopo Aleotti<\/strong>, University of Parma, Italy<br>\n<strong>Anca Andreica<\/strong>, Babes-Bolyai University, Romania<br>\n<strong>Claus Aranha<\/strong>, University of Tsukuba, Japan<br>\n<strong>Jaume Bacardit<\/strong>, Newcastle University, United Kingdom<br>\n<strong>Marco Baioletti<\/strong>, Universita` degli Studi di Perugia, Italy<br>\n<strong>Illya Bakurov<\/strong>, Michigan State University, United States<br>\n<strong>Lucia Ballerini<\/strong>, The University of Edinburgh, United Kingdom<br>\n<strong>Wolfgang Banzhaf<\/strong>, Michigan State University, United States<br>\n<strong>Peter A.N. Bosman<\/strong>, Centrum Wiskunde &#038; Informatica (CWI), Netherlands<br>\n<strong>J\u00e1nos Botzheim<\/strong>, E\u00f6tv\u00f6s Lor\u00e1nd University, Hungary<br>\n<strong>Juergen Branke<\/strong>, The University of Warwick, United Kingdom<br>\n<strong>J\u00f6rg Bremer<\/strong>, University of Oldenburg, Germany<br>\n<strong>Karina Brotto Rebuli<\/strong>, Universit\u00e0 degli Studi di Torino, Italy<br>\n<strong>Will Browne<\/strong>, Queensland University of Technology, Australia<br>\n<strong>Doina Bucur<\/strong>, University of Twente, Netherlands<br>\n<strong>Maxim Buzdalov<\/strong>, Aberystwyth University, United Kingdom<br>\n<strong>Thomas B\u00e4ck<\/strong>, Leiden University, Netherlands<br>\n<strong>Stefano Cagnoni<\/strong>, University of Parma, Italy<br>\n<strong>Fabio Caraffini<\/strong>, Swansea University, United Kingdom<br>\n<strong>Pedro Castillo<\/strong>, University of Granada, Spain<br>\n<strong>Paolo Cazzaniga<\/strong>, University of Bergamo, Italy<br>\n<strong>Ying-Ping Chen<\/strong>, National Yang Ming Chiao Tung University, Taiwan<br>\n<strong>Francisco Chicano<\/strong>, University of M\u00e1laga, Spain<br>\n<strong>Anders Christensen<\/strong>, University of Southern Denmark, Denmark<br>\n<strong>Anthony Clark<\/strong>, Pomona College, United States<br>\n<strong>Jos\u00e9 Manuel Colmenar<\/strong>, Universidad Rey Juan Carlos, Spain<br>\n<strong>Feijoo Colomine D.<\/strong>, Universidad Nacional experimental del Tachira, Venezuela<br>\n<strong>Stefano Coniglio<\/strong>, University of Bergamo, Italy<br>\n<strong>Jo\u00e3o Correia<\/strong>, University of Coimbra, CISUC, DEI, LASI, Portugal<br>\n<strong>Lu\u00eds Correia<\/strong>, Universidade de Lisboa, Portugal<br>\n<strong>Carlos Cotta<\/strong>, Universidad de M\u00e1laga, Spain<br>\n<strong>Fabio D&#8217;Andreagiovanni<\/strong>, University of Modena and Reggio Emilia (Italy), Technical University Berlin (Germany), Italy<br>\n<strong>Gregoire Danoy<\/strong>, University of Luxembourg, Luxembourg<br>\n<strong>Bilel Derbel<\/strong>, CRIStAL (Univ. Lille), France<br>\n<strong>Travis Desell<\/strong>, Rochester Institute of Technology, United States<br>\n<strong>Laura Dipietro<\/strong>, HI, United States<br>\n<strong>Federico Divina<\/strong>, Pablo de Olavide University, Spain<br>\n<strong>Carola Doerr<\/strong>, Sorbonne University, CNRS, France, France<br>\n<strong>Tome Eftimov<\/strong>, Jozef Stefan Institute, Slovenia<br>\n<strong>Abdelrahman Elsaid<\/strong>, University of North Carolina Wilmington, United States<br>\n<strong>Fabrizio Fagiolo<\/strong>, Consiglio Nazionale delle Ricerche, Italy<br>\n<strong>Andres Faina<\/strong>, IT University of Copenhagen, Denmark<br>\n<strong>Francisco Fernandez De Vega<\/strong>, Grupo de Evolucion Artificial, Universidad de Extremadura, Spain<br>\n<strong>Antonio Fern\u00e1ndez Ares<\/strong>, University of Granada, Spain<br>\n<strong>Antonio J. Fern\u00e1ndez Leiva<\/strong>, Departamento de Lenguajes y Ciencias de la Computaci\u00f3n. Universidad de M\u00e1laga, Spain<br>\n<strong>Bogdan Filipi\u010d<\/strong>, Jo\u017eef Stefan Institute, Slovenia<br>\n<strong>Francesco Fontanella<\/strong>, DIEI, Universit\u00e0  di Cassino  e del Lazio meridionale&#8211;ITALY, Italy<br>\n<strong>Mario Giacobini<\/strong>, University of Torino, Italy<br>\n<strong>Kyrre Glette<\/strong>, University of Oslo, Norway<br>\n<strong>Antonio Gonzalez-Pardo<\/strong>, Universidad Rey Juan Carlos, Spain<br>\n<strong>Matteo Grazioso<\/strong>, Ca&#8217; Foscari University of Venice, Italy<br>\n<strong>Michael Guckert<\/strong>, THM, Germany<br>\n<strong>Maria Habib<\/strong>, Granada University, Jordan<br>\n<strong>Emma Hart<\/strong>, Napier University, United Kingdom<br>\n<strong>Erik Hemberg<\/strong>, ALFA, United States<br>\n<strong>Ignacio Hidalgo<\/strong>, Universidad Complutense de Madrid, Spain<br>\n<strong>Rolf Hoffmann<\/strong>, TU Darmstadt, Germany<br>\n<strong>Qi Huang<\/strong>, LIACS, Netherlands<br>\n<strong>Giovanni Iacca<\/strong>, University of Trento, Italy<br>\n<strong>Juanlu Jim\u00e9nez<\/strong>, University of Granada, Spain<br>\n<strong>Tomas Kadavy<\/strong>, Tomas Bata University in Zlin, Czechia<br>\n<strong>Anna V. Kononova<\/strong>, LIACS, Leiden University, Netherlands<br>\n<strong>Lars Kotthoff<\/strong>, University of St Andrews, United Kingdom<br>\n<strong>Gurhan Kucuk<\/strong>, Yeditepe University, Turkey<br>\n<strong>Waclaw Kus<\/strong>, Silesian University of Technology, Poland<br>\n<strong>Yuri Lavinas<\/strong>, University of Toulouse, France<br>\n<strong>Kenji Leibnitz<\/strong>, National Institute of Information and Communications Technology, Japan<br>\n<strong>Zichao Li<\/strong>, University of Waterloo, Canada<br>\n<strong>Federico Liberatore<\/strong>, Cardiff University, United Kingdom<br>\n<strong>Fei Liu<\/strong>, City University of Hong Kong, Hong Kong<br>\n<strong>Fernando Lobo<\/strong>, University of Algarve, Portugal<br>\n<strong>Michael Lones<\/strong>, Heriot-Watt University, United Kingdom<br>\n<strong>Nuno Louren\u00e7o<\/strong>, University of Coimbra, CISUC, DEI, LASI, Portugal<br>\n<strong>Gabriel Luque<\/strong>, University of M\u00e1laga, Spain<br>\n<strong>Evelyne Lutton<\/strong>, INRAE, France<br>\n<strong>Penousal Machado<\/strong>, University of Coimbra, CISUC, DEI and LASI, Portugal<br>\n<strong>Eric Medvet<\/strong>, University of Trieste, Italy<br>\n<strong>David Meg\u00edas<\/strong>, UOC, Spain<br>\n<strong>Paolo Mengoni<\/strong>, Hong Kong Baptist University, Hong Kong<br>\n<strong>Krzysztof Michalak<\/strong>, Wroclaw University of Economics, Poland<br>\n<strong>Mohamed Wiem Mkaouer<\/strong>, University of Michigan-Flint, United States<br>\n<strong>Salem Mohammed<\/strong>, Mustapha Stambouli University, Algeria<br>\n<strong>Antonio Mora<\/strong>, University of Granada, Spain<br>\n<strong>Seyed Jalaleddin Mousavirad<\/strong>, Mid Sweden University, Iran<br>\n<strong>Mario Andr\u00e9s Mu\u00f1oz<\/strong>, The University of Melbourne, Australia<br>\n<strong>Mario Navarro<\/strong>, Universidad de Guadalajara, Mexico<br>\n<strong>Sergio Nesmachnow<\/strong>, Universidad de la Rep\u00fablica, Uruguay<br>\n<strong>Geoff Nitschke<\/strong>, University of Cape Town, South Africa<br>\n<strong>Marco S. Nobile<\/strong>, Ca&#8217; Foscari University of Venice, Italy<br>\n<strong>Una-May O&#8217;Reilly<\/strong>, mit, United States<br>\n<strong>Diego Oliva<\/strong>, Universidad de Guadalajara, Mexico<br>\n<strong>Marcos Ortega Hortas<\/strong>, VARPA Group, Dpt. of Computer Science, University of A Coru\u00f1a, Spain<br>\n<strong>Daniele Maria Papetti<\/strong>, Universit\u00e0 degli studi Milano-Bicocca, Italy<br>\n<strong>Anna Paszynska<\/strong>, Jagiellonian University, Poland<br>\n<strong>Diego Daniel Pedroza-Perez<\/strong>, ITIS Software, Universidad de M\u00e1laga, M\u00e1laga, Spain, Spain<br>\n<strong>Michal Pluhacek<\/strong>, AGH University of Krakow, Poland<br>\n<strong>Valentina Poggioni<\/strong>, Dipartimento Matematica e Informatica, Universit\u00e0 di Perugia, Italy<br>\n<strong>Arkadiusz Poteralski<\/strong>, Silesian University of Technology, Poland<br>\n<strong>Petr Po\u0161\u00edk<\/strong>, Czech Technical University in Prague, Czechia<br>\n<strong>Raneem Qaddoura<\/strong>, Al Hussein Technical University, Jordan<br>\n<strong>Elena Raponi<\/strong>, Techincal University of Munich, Italy<br>\n<strong>Quentin Renau<\/strong>, Edinburgh Napier University, United Kingdom<br>\n<strong>Jos\u00e9 Carlos Ribeiro<\/strong>, Polytechnic Institute of Leiria, Portugal<br>\n<strong>Luigi Rovito<\/strong>, University of Trieste, Italy<br>\n<strong>Jose Santos<\/strong>, University of A Coru\u00f1a, Spain<br>\n<strong>Valentino Santucci<\/strong>, University for Foreigners of Perugia, Italy<br>\n<strong>Marc Schoenauer<\/strong>, Projet TAU, INRIA Saclay \u00cele-de-France, France<br>\n<strong>Enrico Schumann<\/strong>, University of Basel, Switzerland, Switzerland<br>\n<strong>Lennart Sch\u00e4permeier<\/strong>, TU Dresden, Germany<br>\n<strong>Sevil Sen<\/strong>, University of York, Turkey<br>\n<strong>Roman Senkerik<\/strong>, TBU in Zlin, Faculty of Applied Informatics, Czechia<br>\n<strong>Sara Silva<\/strong>, Universidade de Lisboa, Portugal<br>\n<strong>Anabela Sim\u00f5es<\/strong>, Coimbra Institute of Engineering, Portugal<br>\n<strong>Stephen Smith<\/strong>, University of York, United Kingdom<br>\n<strong>Maciej Smo\u0142ka<\/strong>, AGH University of Science and Technology, Poland<br>\n<strong>Giovanni Squillero<\/strong>, Politecnico di Torino, Italy<br>\n<strong>Andrea Tangherloni<\/strong>, Department of Computing Sciences, Bocconi University, Italy<br>\n<strong>Ernesto Tarantino<\/strong>, ICAR-CNR, Italy<br>\n<strong>Andrea Tettamanzi<\/strong>, Univ. Nice Sophia Antipolis, France<br>\n<strong>Joseph Thomas<\/strong>, Indian Institute of Science, India<br>\n<strong>Sarah L. Thomson<\/strong>, Edinburgh Napier University, United Kingdom<br>\n<strong>Renato Tin\u00f3s<\/strong>, USP, Brazil<br>\n<strong>Alberto Tonda<\/strong>, INRA &#8211; France, France<br>\n<strong>Jamal Toutouh<\/strong>, Massachusetts Institute of Technology, United States<br>\n<strong>Alexander Turner<\/strong>, University of Nottingham, United Kingdom<br>\n<strong>Neil Urquhart<\/strong>, Napier University, United Kingdom<br>\n<strong>Marta Vallejo<\/strong>, Heriot-Watt University, United Kingdom<br>\n<strong>Niki van Stein<\/strong>, Leiden University, Netherlands<br>\n<strong>Leonardo Vanneschi<\/strong>, Universidade NOVA de Lisboa, Portugal<br>\n<strong>Diederick Vermetten<\/strong>, Sorbonne Universite, CNRS, LIP6, Netherlands<br>\n<strong>Petra Vidnerov\u00e1<\/strong>, Institute of Computer Science, AS CR, Czechia<br>\n<strong>Adam Viktorin<\/strong>, Tomas Bata University in Zl\u00edn, Czechia<br>\n<strong>Marco Villani<\/strong>, University of Modena and Reggio Emilia, Italy<br>\n<strong>Simon Wells<\/strong>, Edinburgh Napier University, United Kingdom<br>\n<strong>Jaros\u0142aw W\u0105s<\/strong>, AGH University of Krakow, Poland<br>\n<strong>Anil Yaman<\/strong>, Vrije Universiteit Amsterdam, Netherlands<br>\n<strong>Haoran Yin<\/strong>, LIACS, Netherlands<br>\n<strong>Ales Zamuda<\/strong>, University of Maribor, Slovenia<br>\n<strong>Mengjie Zhang<\/strong>, Victoria University of Wellington, New Zealand<br>\n","protected":false},"excerpt":{"rendered":"<p>EvoApplications, the International Conference on the Applications of Evolutionary Computation -formerly known as EvoWorkshops- brings together researchers in applications of Evolutionary Computation and other Nature-inspired techniques. EvoApplications invites high quality contributions for its 29th edition, which will be held as part of the EvoStar 2026 event and co-located within EvoStar with three related conferences: EuroGP, [&hellip;]<\/p>\n","protected":false},"author":1,"featured_media":0,"parent":0,"menu_order":0,"comment_status":"closed","ping_status":"closed","template":"page-notitle.php","meta":{"footnotes":""},"class_list":["post-36","page","type-page","status-publish","hentry"],"_links":{"self":[{"href":"https:\/\/www.evostar.org\/2026\/wp-json\/wp\/v2\/pages\/36","targetHints":{"allow":["GET"]}}],"collection":[{"href":"https:\/\/www.evostar.org\/2026\/wp-json\/wp\/v2\/pages"}],"about":[{"href":"https:\/\/www.evostar.org\/2026\/wp-json\/wp\/v2\/types\/page"}],"author":[{"embeddable":true,"href":"https:\/\/www.evostar.org\/2026\/wp-json\/wp\/v2\/users\/1"}],"replies":[{"embeddable":true,"href":"https:\/\/www.evostar.org\/2026\/wp-json\/wp\/v2\/comments?post=36"}],"version-history":[{"count":42,"href":"https:\/\/www.evostar.org\/2026\/wp-json\/wp\/v2\/pages\/36\/revisions"}],"predecessor-version":[{"id":1413,"href":"https:\/\/www.evostar.org\/2026\/wp-json\/wp\/v2\/pages\/36\/revisions\/1413"}],"wp:attachment":[{"href":"https:\/\/www.evostar.org\/2026\/wp-json\/wp\/v2\/media?parent=36"}],"curies":[{"name":"wp","href":"https:\/\/api.w.org\/{rel}","templated":true}]}}