{"id":684,"date":"2025-03-08T13:07:17","date_gmt":"2025-03-08T12:07:17","guid":{"rendered":"https:\/\/www.evostar.org\/2026\/?page_id=684"},"modified":"2026-02-06T21:06:40","modified_gmt":"2026-02-06T20:06:40","slug":"evomusart-accepted-papers","status":"publish","type":"page","link":"https:\/\/www.evostar.org\/2026\/evomusart-accepted-papers\/","title":{"rendered":"EvoMUSART Accepted Papers"},"content":{"rendered":"\n<h2 class=\"wp-block-heading\">Long talks<\/h2>\n\n\n\n<ul class=\"wp-block-list\">\n<li>Prompt and Circumstances: Evaluating the Efficacy of Human Prompt Inference in AI-Generated Art<br><em>Khoi Trinh, Scott Seidenberger, Joseph Spracklen, Raveen Wijewickrama, Bimal Viswanath, Murtuza Jadliwala and Anindya Maiti<\/em><\/li>\n\n\n\n<li>As\u025bmpay\u025btsia: An Afrocentric Framework for Computational Creativity in Sound and Image<br><em>Nana Amowee Dawson<\/em><\/li>\n\n\n\n<li>Algorithms for Collaborative Harmonization<br><em>Eyal Briman, Nimrod Talmon and Eyal Leizerovich<\/em><\/li>\n\n\n\n<li>A Novel Diffusion Model based Approach for Sleep Music Generation<br><em>Timo Hromadka, Kevin Monteiro and Sam Nallaperuma-Herzberg<\/em><\/li>\n\n\n\n<li>Digital Artists\u2019 Perceptions of Generative AI in South Asia: Insights from the South Asian Digital Arts Archive (SADA)<br><em>Najam-Ul Assar and Megan Smith<\/em><\/li>\n\n\n\n<li>A Dataset for Automatic Vocal Mode Classification<br><em>Reem Hinrichs, Sonja Stephan, Alexander Lange and J\u00f6rn Ostermann<\/em><\/li>\n\n\n\n<li>EvoLiveDJ: An LLM-Based Agentic System for Interactive Evolutionary Live Music Performance<br><em>Kamer Ali Yuksel and Hassan Sawaf<\/em><\/li>\n\n\n\n<li>AI Co-Artist: An LLM-Powered System for Interactive GLSL Shader Animation Evolution<br><em>Kamer Ali Yuksel and Hassan Sawaf<\/em><\/li>\n\n\n\n<li>Fluid Body: An Adaptive Embodied Sonification System for Cross-Cultural Performance<br><em>Yuting Xue and Yueshen Wu<\/em><\/li>\n\n\n\n<li>The Art That Poses Back: Assessing AI Pastiches after Contemporary Artworks<br><em>Anca Daniela Dinu, Andreiana Mihail, Andra-Maria Florescu and Claudiu Dan Creang\u0103<\/em><\/li>\n\n\n\n<li>Generative musical exploration of astronomical catalogs<br><em>Adri\u00e1n Garc\u00eda Riber<\/em><\/li>\n\n\n\n<li>Artificial Intelligence in Music: Towards an Aesthetics of Co-Creation<br><em>Anthony Gr\u00e9goire, Serge Lacasse and Joanie Verviers-Deblois<\/em><\/li>\n\n\n\n<li>Addressing Dataset Scarcity in Music Emotion Recognition with LLMs<br><em>Janita Aamir and Patrick Donnelly<\/em><\/li>\n<\/ul>\n\n\n\n<h2 class=\"wp-block-heading\">Short talks<\/h2>\n\n\n\n<ul class=\"wp-block-list\">\n<li>Crystallizing Semantics: Mapping the Journey of Word Meaning in Language Models<br><em>Himanshu Dwivedi<\/em><\/li>\n\n\n\n<li>Quantum Latent Spaces for Symbolic Music Generation<br><em>Sanjay Majumder and Neal Anderson<\/em><\/li>\n\n\n\n<li>Multi-Objective Evolution of Diffusion Model Prompt Embeddings using CLIP-IQA<br><em>Marcel Salvenmoser and Michael Affenzeller<\/em><\/li>\n\n\n\n<li>Music In The Age Of Artificial Intelligence: Meaning And Creativity From A Complex-Systems Perspective<br><em>G\u00fcncel G\u00fcrsel Art\u0131ktay<\/em><\/li>\n\n\n\n<li>End-to-End Song Structure Segmentation via Encoder\u2013Decoder Network Architecture and Hand-Crafted Features<br><em>Phan Son, Nguyen Nghi and Lam Pham<\/em><\/li>\n\n\n\n<li>Probing for Advanced Music Theory Concepts in Generative Music Models<br><em>Derek Kwan and Patrick Donnelly<\/em><\/li>\n\n\n\n<li>Generative Artificial Intelligence, Musical Heritage and the Construction of Peace Narratives: A Case Study in Mali<br><em>Michael Leventhal, Nouhoum Coulibaly, Ousmane Ly and Ousmane Goro<\/em><\/li>\n\n\n\n<li>Weather Sonification via a Latent Emotion Space: A Deep Learning Approach<br><em>Takeshi Matsumura and Gavin Pringle<\/em><\/li>\n\n\n\n<li>Life Beings: Living Quantum Art<br><em>Alain Lioret, Kamal Hennou and Florentin Eraud<\/em><\/li>\n\n\n\n<li>Mapping artificial neural networks\u2019 processing data in audiovisual artworks<br><em>Tanguy Pocquet, Ricardo Climent and Richard Allmendinger<\/em><\/li>\n\n\n\n<li>EvoArtist: A Visual LLM-Driven Agentic AI Framework for Autonomous Design Evolution<br><em>Kamer Ali Yuksel and Hassan Sawaf<\/em><\/li>\n\n\n\n<li>Decoding Emotions: Multimodal integration of deep embeddings, lyrics and music-aware cues<br><em>Alessia Novacco, Francesca Gasparini, Giulia Rizzi and Aurora Saibene<\/em><\/li>\n\n\n\n<li>Classifying Audio Timbre Without Audio Using Text-only Training<br><em>Peter McCabe and Patrick Donnelly<\/em><\/li>\n\n\n\n<li>Segmentation-Free Sound Hybridization for Creative Outcomes<br><em>Pasquale Mainolfi and Carmine Emanuele Cella<\/em><\/li>\n\n\n\n<li>LoopMatcher: Proof-of-Concept for AI-Assisted Music Loop Search<br><em>Subhrojyoti Roy Chaudhuri, Sai Pranav Madupu, Krishna Teja Guru Sai and Vikram Jamwal<\/em><\/li>\n<\/ul>\n","protected":false},"excerpt":{"rendered":"<p>Long talks Short talks<\/p>\n","protected":false},"author":1,"featured_media":0,"parent":0,"menu_order":0,"comment_status":"closed","ping_status":"closed","template":"","meta":{"footnotes":""},"class_list":["post-684","page","type-page","status-publish","hentry"],"_links":{"self":[{"href":"https:\/\/www.evostar.org\/2026\/wp-json\/wp\/v2\/pages\/684","targetHints":{"allow":["GET"]}}],"collection":[{"href":"https:\/\/www.evostar.org\/2026\/wp-json\/wp\/v2\/pages"}],"about":[{"href":"https:\/\/www.evostar.org\/2026\/wp-json\/wp\/v2\/types\/page"}],"author":[{"embeddable":true,"href":"https:\/\/www.evostar.org\/2026\/wp-json\/wp\/v2\/users\/1"}],"replies":[{"embeddable":true,"href":"https:\/\/www.evostar.org\/2026\/wp-json\/wp\/v2\/comments?post=684"}],"version-history":[{"count":5,"href":"https:\/\/www.evostar.org\/2026\/wp-json\/wp\/v2\/pages\/684\/revisions"}],"predecessor-version":[{"id":1281,"href":"https:\/\/www.evostar.org\/2026\/wp-json\/wp\/v2\/pages\/684\/revisions\/1281"}],"wp:attachment":[{"href":"https:\/\/www.evostar.org\/2026\/wp-json\/wp\/v2\/media?parent=684"}],"curies":[{"name":"wp","href":"https:\/\/api.w.org\/{rel}","templated":true}]}}