{"id":694,"date":"2025-03-08T13:19:09","date_gmt":"2025-03-08T12:19:09","guid":{"rendered":"https:\/\/www.evostar.org\/2026\/?page_id=694"},"modified":"2026-01-25T18:14:35","modified_gmt":"2026-01-25T17:14:35","slug":"eurogp-best-paper-nominees","status":"publish","type":"page","link":"https:\/\/www.evostar.org\/2026\/eurogp-best-paper-nominees\/","title":{"rendered":"EuroGP Best Paper Nominees"},"content":{"rendered":"\n<li>Extending Model Selection Criteria with Extrapolation and Sensitivity Penalties for Symbolic Regression<br><em>Fitria Wulandari Ramlan, Colm O&#8217;Riordan and James McDermott<\/em><\/li>\n<li>Comparison of parent and environmental selection schemes in genetic programming for symbolic regression<br><em>Vladimir Stanovov<\/em><\/li>\n<li>Node Preservation and its Effect on Crossover in Cartesian Genetic Programming<br><em>Mark Kocherovsky, Illya Bakurov and Wolfgang Banzhaf<\/em><\/li>\n<li>Semantic Search Trajectory Networks for Understanding Genetic Programming<br><em>Josip Hrvati\u0107, Magda Smoli\u0107-Ro\u010dak, Marko \u0110urasevi\u0107 and Gabriela Ochoa<\/em><\/li>\n","protected":false},"excerpt":{"rendered":"<p>Extending Model Selection Criteria with Extrapolation and Sensitivity Penalties for Symbolic RegressionFitria Wulandari Ramlan, Colm O&#8217;Riordan and James McDermott Comparison of parent and environmental selection schemes in genetic programming for symbolic regressionVladimir Stanovov Node Preservation and its Effect on Crossover in Cartesian Genetic ProgrammingMark Kocherovsky, Illya Bakurov and Wolfgang Banzhaf Semantic Search Trajectory Networks for [&hellip;]<\/p>\n","protected":false},"author":1,"featured_media":0,"parent":0,"menu_order":0,"comment_status":"closed","ping_status":"closed","template":"","meta":{"footnotes":""},"class_list":["post-694","page","type-page","status-publish","hentry"],"_links":{"self":[{"href":"https:\/\/www.evostar.org\/2026\/wp-json\/wp\/v2\/pages\/694","targetHints":{"allow":["GET"]}}],"collection":[{"href":"https:\/\/www.evostar.org\/2026\/wp-json\/wp\/v2\/pages"}],"about":[{"href":"https:\/\/www.evostar.org\/2026\/wp-json\/wp\/v2\/types\/page"}],"author":[{"embeddable":true,"href":"https:\/\/www.evostar.org\/2026\/wp-json\/wp\/v2\/users\/1"}],"replies":[{"embeddable":true,"href":"https:\/\/www.evostar.org\/2026\/wp-json\/wp\/v2\/comments?post=694"}],"version-history":[{"count":2,"href":"https:\/\/www.evostar.org\/2026\/wp-json\/wp\/v2\/pages\/694\/revisions"}],"predecessor-version":[{"id":1271,"href":"https:\/\/www.evostar.org\/2026\/wp-json\/wp\/v2\/pages\/694\/revisions\/1271"}],"wp:attachment":[{"href":"https:\/\/www.evostar.org\/2026\/wp-json\/wp\/v2\/media?parent=694"}],"curies":[{"name":"wp","href":"https:\/\/api.w.org\/{rel}","templated":true}]}}